{"id":2369,"date":"2024-01-03T05:44:04","date_gmt":"2024-01-03T05:44:04","guid":{"rendered":"https:\/\/miningspareparts.com\/?post_type=product&#038;p=2369"},"modified":"2024-02-22T09:09:12","modified_gmt":"2024-02-22T09:09:12","slug":"ca-long-lc4000a-mixer-and-parts","status":"publish","type":"product","link":"https:\/\/miningspareparts.com\/fr\/produit\/ca-long-lc4000a-mixer-and-parts\/","title":{"rendered":"CA-LONG LC4000A M\u00e9langeur et pi\u00e8ces d\u00e9tach\u00e9es"},"content":{"rendered":"<p><strong>Voici une description de CA-LONG LC4000A Mixer And Parts<\/strong><\/p>\n<table>\n<tbody>\n<tr>\n<td width=\"235\">Sp\u00e9cifications<\/td>\n<td width=\"99\">Unit\u00e9.<\/td>\n<td width=\"74\">Qt\u00e9<\/td>\n<td width=\"115\">Poids unitaire (Kg)<\/td>\n<td width=\"118\">Poids total (Kg)<\/td>\n<td width=\"78\">Remarques<\/td>\n<\/tr>\n<tr>\n<td width=\"235\">Lame centrale<\/td>\n<td width=\"99\">Pcs<\/td>\n<td width=\"74\">36<\/td>\n<td width=\"115\">14.5<\/td>\n<td width=\"118\">522<\/td>\n<td width=\"78\"><\/td>\n<\/tr>\n<tr>\n<td width=\"235\">Plaque de rev\u00eatement sup\u00e9rieure<\/td>\n<td width=\"99\">Pcs<\/td>\n<td width=\"74\">14<\/td>\n<td width=\"115\">15.7<\/td>\n<td width=\"118\">219.8<\/td>\n<td width=\"78\"><\/td>\n<\/tr>\n<tr>\n<td width=\"235\">Plaque de rev\u00eatement de l'arc<\/td>\n<td width=\"99\">Pcs<\/td>\n<td width=\"74\">42<\/td>\n<td width=\"115\">14.55<\/td>\n<td width=\"118\">611.1<\/td>\n<td width=\"78\"><\/td>\n<\/tr>\n<tr>\n<td width=\"235\">Plaque de pont<\/td>\n<td width=\"99\">Pcs<\/td>\n<td width=\"74\">4<\/td>\n<td width=\"115\">10.1<\/td>\n<td width=\"118\">40.4<\/td>\n<td width=\"78\"><\/td>\n<\/tr>\n<tr>\n<td width=\"235\">Plaque de doublure de porte<\/td>\n<td width=\"99\">Pcs<\/td>\n<td width=\"74\">12<\/td>\n<td width=\"115\">11.75<\/td>\n<td width=\"118\">141<\/td>\n<td width=\"78\"><\/td>\n<\/tr>\n<tr>\n<td width=\"235\">Plaque de garniture lat\u00e9rale carr\u00e9e sup\u00e9rieure<\/td>\n<td width=\"99\">Pcs<\/td>\n<td width=\"74\">12<\/td>\n<td width=\"115\">16.45<\/td>\n<td width=\"118\">197.4<\/td>\n<td width=\"78\"><\/td>\n<\/tr>\n<tr>\n<td width=\"235\">Plaque rectangulaire sup\u00e9rieure de rev\u00eatement lat\u00e9ral<\/td>\n<td width=\"99\">Pcs<\/td>\n<td width=\"74\">4<\/td>\n<td width=\"115\">24.45<\/td>\n<td width=\"118\">97.8<\/td>\n<td width=\"78\"><\/td>\n<\/tr>\n<tr>\n<td width=\"235\">Plaque de garniture lat\u00e9rale axiale carr\u00e9e sup\u00e9rieure<\/td>\n<td width=\"99\">Pcs<\/td>\n<td width=\"74\">4<\/td>\n<td width=\"115\">14.75<\/td>\n<td width=\"118\">59<\/td>\n<td width=\"78\">\u6b63\u53cd\u54042\u4ef6<\/td>\n<\/tr>\n<tr>\n<td width=\"235\">Plaque rectangulaire sup\u00e9rieure de rev\u00eatement lat\u00e9ral axial<\/td>\n<td width=\"99\">Pcs<\/td>\n<td width=\"74\">4<\/td>\n<td width=\"115\">23.25<\/td>\n<td width=\"118\">93<\/td>\n<td width=\"78\">\u6b63\u53cd\u54042\u4ef6<\/td>\n<\/tr>\n<tr>\n<td width=\"235\">Plaque inf\u00e9rieure de rev\u00eatement lat\u00e9ral en forme d'\u00e9ventail<\/td>\n<td width=\"99\">Pcs<\/td>\n<td width=\"74\">4<\/td>\n<td width=\"115\">32.6<\/td>\n<td width=\"118\">130.4<\/td>\n<td width=\"78\">\u6b63\u53cd\u54042\u4ef6<\/td>\n<\/tr>\n<tr>\n<td width=\"235\">Plaque de garniture lat\u00e9rale axiale inf\u00e9rieure<\/td>\n<td width=\"99\">Pcs<\/td>\n<td width=\"74\">4<\/td>\n<td width=\"115\">29.45<\/td>\n<td width=\"118\">117.8<\/td>\n<td width=\"78\"><\/td>\n<\/tr>\n<tr>\n<td width=\"235\">Plaque de garniture lat\u00e9rale centrale inf\u00e9rieure<\/td>\n<td width=\"99\">Pcs<\/td>\n<td width=\"74\">4<\/td>\n<td width=\"115\">29.45<\/td>\n<td width=\"118\">117.8<\/td>\n<td width=\"78\">\u6b63\u53cd\u54042\u4ef6<\/td>\n<\/tr>\n<tr>\n<td width=\"235\">Bras de m\u00e9lange<\/td>\n<td width=\"99\">Pcs<\/td>\n<td width=\"74\">36<\/td>\n<td width=\"115\">44.65<\/td>\n<td width=\"118\">1607.4<\/td>\n<td width=\"78\"><\/td>\n<\/tr>\n<\/tbody>\n<\/table>\n<p><img fetchpriority=\"high\" decoding=\"async\" class=\"wp-image-3550 alignleft\" src=\"https:\/\/miningspareparts.com\/wp-content\/uploads\/2024\/01\/Mixer-And-Wear-Parts1-239x300.webp\" alt=\"\" width=\"498\" height=\"625\" srcset=\"https:\/\/miningspareparts.com\/wp-content\/uploads\/2024\/01\/Mixer-And-Wear-Parts1-239x300.webp 239w, https:\/\/miningspareparts.com\/wp-content\/uploads\/2024\/01\/Mixer-And-Wear-Parts1-817x1024.webp 817w, https:\/\/miningspareparts.com\/wp-content\/uploads\/2024\/01\/Mixer-And-Wear-Parts1-768x963.webp 768w, https:\/\/miningspareparts.com\/wp-content\/uploads\/2024\/01\/Mixer-And-Wear-Parts1-1226x1536.webp 1226w, https:\/\/miningspareparts.com\/wp-content\/uploads\/2024\/01\/Mixer-And-Wear-Parts1-1634x2048.webp 1634w, https:\/\/miningspareparts.com\/wp-content\/uploads\/2024\/01\/Mixer-And-Wear-Parts1-600x752.webp 600w, https:\/\/miningspareparts.com\/wp-content\/uploads\/2024\/01\/Mixer-And-Wear-Parts1.webp 2037w\" sizes=\"(max-width: 498px) 100vw, 498px\" \/><span style=\"font-size: 16px\">\u00a0<\/span><img decoding=\"async\" class=\"wp-image-3551 alignnone\" style=\"font-weight: inherit\" src=\"https:\/\/miningspareparts.com\/wp-content\/uploads\/2024\/01\/Mixer-And-Wear-Parts2-210x300.webp\" alt=\"\" width=\"454\" height=\"649\" srcset=\"https:\/\/miningspareparts.com\/wp-content\/uploads\/2024\/01\/Mixer-And-Wear-Parts2-210x300.webp 210w, https:\/\/miningspareparts.com\/wp-content\/uploads\/2024\/01\/Mixer-And-Wear-Parts2-600x856.webp 600w\" sizes=\"(max-width: 454px) 100vw, 454px\" \/><\/p>\n<p>En tant que premier fabricant de pales, de bras de m\u00e9lange et de rev\u00eatements pour m\u00e9langeurs \u00e0 double arbre CA-LONG LC4000A, nous nous engageons \u00e0 fournir l'excellence dans tous les aspects de nos produits et services. Notre d\u00e9vouement \u00e0 la qualit\u00e9, \u00e0 la fiabilit\u00e9 et \u00e0 l'innovation nous distingue dans l'industrie, offrant \u00e0 nos clients une valeur et des performances in\u00e9gal\u00e9es.<\/p>\n<p>L'un de nos principaux avantages est notre volont\u00e9 de fournir des pi\u00e8ces de rechange d'origine qui respectent les normes de qualit\u00e9 et de pr\u00e9cision les plus strictes. Nos pi\u00e8ces de rechange d'origine sont con\u00e7ues et fabriqu\u00e9es selon des sp\u00e9cifications exactes, ce qui garantit une compatibilit\u00e9 parfaite et des performances optimales avec les \u00e9quipements CA-LONG. En choisissant nos pi\u00e8ces de rechange d'origine, les clients peuvent avoir confiance dans la fiabilit\u00e9 et la durabilit\u00e9 de leur \u00e9quipement, minimisant ainsi les temps d'arr\u00eat et maximisant la productivit\u00e9.<\/p>\n<p>Outre les pi\u00e8ces de rechange d'origine, nous proposons \u00e9galement une gamme compl\u00e8te de solutions pour le march\u00e9 de l'apr\u00e8s-vente afin de r\u00e9pondre aux divers besoins de nos clients. Nos pi\u00e8ces de rechange sont soigneusement con\u00e7ues pour offrir des performances et une fiabilit\u00e9 exceptionnelles, et constituent des solutions \u00e9conomiques sans compromis sur la qualit\u00e9. Gr\u00e2ce \u00e0 nos options de rechange, les clients peuvent b\u00e9n\u00e9ficier d'une plus grande flexibilit\u00e9 et d'un plus grand choix, tout en profitant du m\u00eame niveau d'excellence associ\u00e9 \u00e0 la marque CA-LONG.<\/p>\n<p>En outre, nos pales, bras de m\u00e9lange et rev\u00eatements sont r\u00e9put\u00e9s pour leur durabilit\u00e9 et leur r\u00e9sistance \u00e0 l'usure exceptionnelles. Fabriqu\u00e9s \u00e0 partir de mat\u00e9riaux de haute qualit\u00e9 et soumis \u00e0 des tests rigoureux, nos composants sont con\u00e7us pour r\u00e9sister aux conditions de fonctionnement les plus exigeantes, garantissant ainsi une fiabilit\u00e9 et des performances \u00e0 long terme. Que ce soit dans l'environnement difficile d'un chantier de construction ou dans les exigences rigoureuses d'une usine de fabrication, nos produits sont construits pour durer, offrant \u00e0 nos clients une tranquillit\u00e9 d'esprit et une confiance dans leur \u00e9quipement.<\/p>\n<p>Chez CA-LONG, nous nous engageons \u00e0 d\u00e9passer les attentes de nos clients gr\u00e2ce \u00e0 une innovation continue, une qualit\u00e9 exceptionnelle et un service \u00e0 la client\u00e8le in\u00e9gal\u00e9. Avec nos pi\u00e8ces de rechange d'origine, nos solutions apr\u00e8s-vente et nos composants durables, les clients peuvent faire confiance \u00e0 CA-LONG pour obtenir la fiabilit\u00e9 et les performances dont ils ont besoin pour r\u00e9ussir.<\/p>","protected":false},"excerpt":{"rendered":"<p>Mod\u00e8les:CA-LONG LC4000A<\/p>","protected":false},"featured_media":2376,"template":"","meta":{"_uag_custom_page_level_css":"","site-sidebar-layout":"default","site-content-layout":"","ast-site-content-layout":"default","site-content-style":"default","site-sidebar-style":"default","ast-global-header-display":"","ast-banner-title-visibility":"","ast-main-header-display":"","ast-hfb-above-header-display":"","ast-hfb-below-header-display":"","ast-hfb-mobile-header-display":"","site-post-title":"","ast-breadcrumbs-content":"","ast-featured-img":"","footer-sml-layout":"","ast-disable-related-posts":"","theme-transparent-header-meta":"default","adv-header-id-meta":"","stick-header-meta":"default","header-above-stick-meta":"","header-main-stick-meta":"","header-below-stick-meta":"","astra-migrate-meta-layouts":"set","ast-page-background-enabled":"default","ast-page-background-meta":{"desktop":{"background-color":"var(--ast-global-color-4)","background-image":"","background-repeat":"repeat","background-position":"center center","background-size":"auto","background-attachment":"scroll","background-type":"","background-media":"","overlay-type":"","overlay-color":"","overlay-opacity":"","overlay-gradient":""},"tablet":{"background-color":"","background-image":"","background-repeat":"repeat","background-position":"center center","background-size":"auto","background-attachment":"scroll","background-type":"","background-media":"","overlay-type":"","overlay-color":"","overlay-opacity":"","overlay-gradient":""},"mobile":{"background-color":"","background-image":"","background-repeat":"repeat","background-position":"center center","background-size":"auto","background-attachment":"scroll","background-type":"","background-media":"","overlay-type":"","overlay-color":"","overlay-opacity":"","overlay-gradient":""}},"ast-content-background-meta":{"desktop":{"background-color":"var(--ast-global-color-5)","background-image":"","background-repeat":"repeat","background-position":"center center","background-size":"auto","background-attachment":"scroll","background-type":"","background-media":"","overlay-type":"","overlay-color":"","overlay-opacity":"","overlay-gradient":""},"tablet":{"background-color":"var(--ast-global-color-5)","background-image":"","background-repeat":"repeat","background-position":"center center","background-size":"auto","background-attachment":"scroll","background-type":"","background-media":"","overlay-type":"","overlay-color":"","overlay-opacity":"","overlay-gradient":""},"mobile":{"background-color":"var(--ast-global-color-5)","background-image":"","background-repeat":"repeat","background-position":"center center","background-size":"auto","background-attachment":"scroll","background-type":"","background-media":"","overlay-type":"","overlay-color":"","overlay-opacity":"","overlay-gradient":""}}},"product_brand":[],"product_cat":[274,82],"product_tag":[268,288,269],"class_list":{"0":"post-2369","1":"product","2":"type-product","3":"status-publish","4":"has-post-thumbnail","6":"product_cat-calong","7":"product_cat-asphalt-mixer-parts","8":"product_tag-blade","9":"product_tag-concrete-mixer","10":"product_tag-mixing-arm","11":"desktop-align-left","12":"tablet-align-left","13":"mobile-align-left","14":"ast-product-gallery-layout-horizontal-slider","15":"ast-product-gallery-with-no-image","16":"ast-product-single-variable","17":"ast-product-tabs-layout-horizontal","19":"first","20":"instock","21":"shipping-taxable","22":"purchasable","23":"product-type-variable"},"yoast_head":"<!-- This site is optimized with the Yoast SEO plugin v27.4 - https:\/\/yoast.com\/product\/yoast-seo-wordpress\/ -->\n<title>CA-LONG LC4000A Mixer And Parts - Crusher parts, Slurry Pump Parts, Excavator shovel parts<\/title>\n<meta name=\"description\" content=\"CA-LONG LC4000A twin-shaft mixer components offer original replacement, ensuring seamless compatibility and superior performance for your equipment.\" \/>\n<meta name=\"robots\" content=\"index, follow, max-snippet:-1, max-image-preview:large, max-video-preview:-1\" \/>\n<link rel=\"canonical\" href=\"https:\/\/miningspareparts.com\/fr\/produit\/ca-long-lc4000a-mixer-and-parts\/\" \/>\n<meta property=\"og:locale\" content=\"fr_FR\" \/>\n<meta property=\"og:type\" content=\"article\" \/>\n<meta property=\"og:title\" content=\"CA-LONG LC4000A Mixer And Parts - Crusher parts, Slurry Pump Parts, Excavator shovel parts\" \/>\n<meta property=\"og:description\" content=\"CA-LONG LC4000A twin-shaft mixer components offer original replacement, ensuring seamless compatibility and superior performance for your equipment.\" \/>\n<meta property=\"og:url\" content=\"https:\/\/miningspareparts.com\/fr\/produit\/ca-long-lc4000a-mixer-and-parts\/\" \/>\n<meta property=\"og:site_name\" content=\"Crusher parts, Slurry Pump Parts, Excavator shovel parts\" \/>\n<meta property=\"article:modified_time\" content=\"2024-02-22T09:09:12+00:00\" \/>\n<meta property=\"og:image\" content=\"https:\/\/miningspareparts.com\/wp-content\/uploads\/2024\/01\/CA-LONG-LC4000A.webp\" \/>\n\t<meta property=\"og:image:width\" content=\"474\" \/>\n\t<meta property=\"og:image:height\" content=\"355\" \/>\n\t<meta property=\"og:image:type\" content=\"image\/webp\" \/>\n<meta name=\"twitter:card\" content=\"summary_large_image\" \/>\n<meta name=\"twitter:label1\" content=\"Dur\u00e9e de lecture estim\u00e9e\" \/>\n\t<meta name=\"twitter:data1\" content=\"3 minutes\" \/>\n<script type=\"application\/ld+json\" class=\"yoast-schema-graph\">{\"@context\":\"https:\\\/\\\/schema.org\",\"@graph\":[{\"@type\":\"WebPage\",\"@id\":\"https:\\\/\\\/miningspareparts.com\\\/product\\\/ca-long-lc4000a-mixer-and-parts\\\/\",\"url\":\"https:\\\/\\\/miningspareparts.com\\\/product\\\/ca-long-lc4000a-mixer-and-parts\\\/\",\"name\":\"CA-LONG LC4000A Mixer And Parts - Crusher parts, Slurry Pump Parts, Excavator shovel parts\",\"isPartOf\":{\"@id\":\"https:\\\/\\\/miningspareparts.com\\\/#website\"},\"primaryImageOfPage\":{\"@id\":\"https:\\\/\\\/miningspareparts.com\\\/product\\\/ca-long-lc4000a-mixer-and-parts\\\/#primaryimage\"},\"image\":{\"@id\":\"https:\\\/\\\/miningspareparts.com\\\/product\\\/ca-long-lc4000a-mixer-and-parts\\\/#primaryimage\"},\"thumbnailUrl\":\"https:\\\/\\\/miningspareparts.com\\\/wp-content\\\/uploads\\\/2024\\\/01\\\/CA-LONG-LC4000A.webp\",\"datePublished\":\"2024-01-03T05:44:04+00:00\",\"dateModified\":\"2024-02-22T09:09:12+00:00\",\"description\":\"CA-LONG LC4000A twin-shaft mixer components offer original replacement, ensuring seamless compatibility and superior performance for your equipment.\",\"breadcrumb\":{\"@id\":\"https:\\\/\\\/miningspareparts.com\\\/product\\\/ca-long-lc4000a-mixer-and-parts\\\/#breadcrumb\"},\"inLanguage\":\"fr-FR\",\"potentialAction\":[{\"@type\":\"ReadAction\",\"target\":[\"https:\\\/\\\/miningspareparts.com\\\/product\\\/ca-long-lc4000a-mixer-and-parts\\\/\"]}]},{\"@type\":\"ImageObject\",\"inLanguage\":\"fr-FR\",\"@id\":\"https:\\\/\\\/miningspareparts.com\\\/product\\\/ca-long-lc4000a-mixer-and-parts\\\/#primaryimage\",\"url\":\"https:\\\/\\\/miningspareparts.com\\\/wp-content\\\/uploads\\\/2024\\\/01\\\/CA-LONG-LC4000A.webp\",\"contentUrl\":\"https:\\\/\\\/miningspareparts.com\\\/wp-content\\\/uploads\\\/2024\\\/01\\\/CA-LONG-LC4000A.webp\",\"width\":474,\"height\":355},{\"@type\":\"BreadcrumbList\",\"@id\":\"https:\\\/\\\/miningspareparts.com\\\/product\\\/ca-long-lc4000a-mixer-and-parts\\\/#breadcrumb\",\"itemListElement\":[{\"@type\":\"ListItem\",\"position\":1,\"name\":\"Home\",\"item\":\"https:\\\/\\\/miningspareparts.com\\\/\"},{\"@type\":\"ListItem\",\"position\":2,\"name\":\"Premium Mining Wear And Spare Parts\",\"item\":\"https:\\\/\\\/miningspareparts.com\\\/shop\\\/\"},{\"@type\":\"ListItem\",\"position\":3,\"name\":\"CA-LONG LC4000A Mixer And Parts\"}]},{\"@type\":\"WebSite\",\"@id\":\"https:\\\/\\\/miningspareparts.com\\\/#website\",\"url\":\"https:\\\/\\\/miningspareparts.com\\\/\",\"name\":\"Crusher parts , Concrete Mixer Parts, Slurry Pump Parts, Mining Spares\",\"description\":\"Mining Wear &amp; Spare Parts Supplier\",\"publisher\":{\"@id\":\"https:\\\/\\\/miningspareparts.com\\\/#organization\"},\"potentialAction\":[{\"@type\":\"SearchAction\",\"target\":{\"@type\":\"EntryPoint\",\"urlTemplate\":\"https:\\\/\\\/miningspareparts.com\\\/?s={search_term_string}\"},\"query-input\":{\"@type\":\"PropertyValueSpecification\",\"valueRequired\":true,\"valueName\":\"search_term_string\"}}],\"inLanguage\":\"fr-FR\"},{\"@type\":\"Organization\",\"@id\":\"https:\\\/\\\/miningspareparts.com\\\/#organization\",\"name\":\"Crusher parts , Concrete Mixer Parts, Slurry Pump Parts, Mining Spares\",\"url\":\"https:\\\/\\\/miningspareparts.com\\\/\",\"logo\":{\"@type\":\"ImageObject\",\"inLanguage\":\"fr-FR\",\"@id\":\"https:\\\/\\\/miningspareparts.com\\\/#\\\/schema\\\/logo\\\/image\\\/\",\"url\":\"https:\\\/\\\/miningspareparts.com\\\/wp-content\\\/uploads\\\/2025\\\/04\\\/cropped-cropped-logo\u6b63\u65b9\u5f62.png\",\"contentUrl\":\"https:\\\/\\\/miningspareparts.com\\\/wp-content\\\/uploads\\\/2025\\\/04\\\/cropped-cropped-logo\u6b63\u65b9\u5f62.png\",\"width\":511,\"height\":171,\"caption\":\"Crusher parts , Concrete Mixer Parts, Slurry Pump Parts, Mining Spares\"},\"image\":{\"@id\":\"https:\\\/\\\/miningspareparts.com\\\/#\\\/schema\\\/logo\\\/image\\\/\"}}]}<\/script>\n<!-- \/ Yoast SEO plugin. -->","yoast_head_json":{"title":"CA-LONG LC4000A Mixer And Parts - Crusher parts, Slurry Pump Parts, Excavator shovel parts","description":"CA-LONG LC4000A twin-shaft mixer components offer original replacement, ensuring seamless compatibility and superior performance for your equipment.","robots":{"index":"index","follow":"follow","max-snippet":"max-snippet:-1","max-image-preview":"max-image-preview:large","max-video-preview":"max-video-preview:-1"},"canonical":"https:\/\/miningspareparts.com\/fr\/produit\/ca-long-lc4000a-mixer-and-parts\/","og_locale":"fr_FR","og_type":"article","og_title":"CA-LONG LC4000A Mixer And Parts - Crusher parts, Slurry Pump Parts, Excavator shovel parts","og_description":"CA-LONG LC4000A twin-shaft mixer components offer original replacement, ensuring seamless compatibility and superior performance for your equipment.","og_url":"https:\/\/miningspareparts.com\/fr\/produit\/ca-long-lc4000a-mixer-and-parts\/","og_site_name":"Crusher parts, Slurry Pump Parts, Excavator shovel parts","article_modified_time":"2024-02-22T09:09:12+00:00","og_image":[{"width":474,"height":355,"url":"https:\/\/miningspareparts.com\/wp-content\/uploads\/2024\/01\/CA-LONG-LC4000A.webp","type":"image\/webp"}],"twitter_card":"summary_large_image","twitter_misc":{"Dur\u00e9e de lecture estim\u00e9e":"3 minutes"},"schema":{"@context":"https:\/\/schema.org","@graph":[{"@type":"WebPage","@id":"https:\/\/miningspareparts.com\/product\/ca-long-lc4000a-mixer-and-parts\/","url":"https:\/\/miningspareparts.com\/product\/ca-long-lc4000a-mixer-and-parts\/","name":"CA-LONG LC4000A Mixer And Parts - Crusher parts, Slurry Pump Parts, Excavator shovel parts","isPartOf":{"@id":"https:\/\/miningspareparts.com\/#website"},"primaryImageOfPage":{"@id":"https:\/\/miningspareparts.com\/product\/ca-long-lc4000a-mixer-and-parts\/#primaryimage"},"image":{"@id":"https:\/\/miningspareparts.com\/product\/ca-long-lc4000a-mixer-and-parts\/#primaryimage"},"thumbnailUrl":"https:\/\/miningspareparts.com\/wp-content\/uploads\/2024\/01\/CA-LONG-LC4000A.webp","datePublished":"2024-01-03T05:44:04+00:00","dateModified":"2024-02-22T09:09:12+00:00","description":"CA-LONG LC4000A twin-shaft mixer components offer original replacement, ensuring seamless compatibility and superior performance for your equipment.","breadcrumb":{"@id":"https:\/\/miningspareparts.com\/product\/ca-long-lc4000a-mixer-and-parts\/#breadcrumb"},"inLanguage":"fr-FR","potentialAction":[{"@type":"ReadAction","target":["https:\/\/miningspareparts.com\/product\/ca-long-lc4000a-mixer-and-parts\/"]}]},{"@type":"ImageObject","inLanguage":"fr-FR","@id":"https:\/\/miningspareparts.com\/product\/ca-long-lc4000a-mixer-and-parts\/#primaryimage","url":"https:\/\/miningspareparts.com\/wp-content\/uploads\/2024\/01\/CA-LONG-LC4000A.webp","contentUrl":"https:\/\/miningspareparts.com\/wp-content\/uploads\/2024\/01\/CA-LONG-LC4000A.webp","width":474,"height":355},{"@type":"BreadcrumbList","@id":"https:\/\/miningspareparts.com\/product\/ca-long-lc4000a-mixer-and-parts\/#breadcrumb","itemListElement":[{"@type":"ListItem","position":1,"name":"Home","item":"https:\/\/miningspareparts.com\/"},{"@type":"ListItem","position":2,"name":"Premium Mining Wear And Spare Parts","item":"https:\/\/miningspareparts.com\/shop\/"},{"@type":"ListItem","position":3,"name":"CA-LONG LC4000A Mixer And Parts"}]},{"@type":"WebSite","@id":"https:\/\/miningspareparts.com\/#website","url":"https:\/\/miningspareparts.com\/","name":"Crusher parts , Concrete Mixer Parts, Slurry Pump Parts, Mining Spares","description":"Mining Wear &amp; Spare Parts Supplier","publisher":{"@id":"https:\/\/miningspareparts.com\/#organization"},"potentialAction":[{"@type":"SearchAction","target":{"@type":"EntryPoint","urlTemplate":"https:\/\/miningspareparts.com\/?s={search_term_string}"},"query-input":{"@type":"PropertyValueSpecification","valueRequired":true,"valueName":"search_term_string"}}],"inLanguage":"fr-FR"},{"@type":"Organization","@id":"https:\/\/miningspareparts.com\/#organization","name":"Crusher parts , Concrete Mixer Parts, Slurry Pump Parts, Mining Spares","url":"https:\/\/miningspareparts.com\/","logo":{"@type":"ImageObject","inLanguage":"fr-FR","@id":"https:\/\/miningspareparts.com\/#\/schema\/logo\/image\/","url":"https:\/\/miningspareparts.com\/wp-content\/uploads\/2025\/04\/cropped-cropped-logo\u6b63\u65b9\u5f62.png","contentUrl":"https:\/\/miningspareparts.com\/wp-content\/uploads\/2025\/04\/cropped-cropped-logo\u6b63\u65b9\u5f62.png","width":511,"height":171,"caption":"Crusher parts , Concrete Mixer Parts, Slurry Pump Parts, Mining Spares"},"image":{"@id":"https:\/\/miningspareparts.com\/#\/schema\/logo\/image\/"}}]}},"uagb_featured_image_src":{"full":["https:\/\/miningspareparts.com\/wp-content\/uploads\/2024\/01\/CA-LONG-LC4000A.webp",474,355,false],"thumbnail":["https:\/\/miningspareparts.com\/wp-content\/uploads\/2024\/01\/CA-LONG-LC4000A-150x150.webp",150,150,true],"medium":["https:\/\/miningspareparts.com\/wp-content\/uploads\/2024\/01\/CA-LONG-LC4000A-300x225.webp",300,225,true],"medium_large":["https:\/\/miningspareparts.com\/wp-content\/uploads\/2024\/01\/CA-LONG-LC4000A.webp",474,355,false],"large":["https:\/\/miningspareparts.com\/wp-content\/uploads\/2024\/01\/CA-LONG-LC4000A.webp",474,355,false],"1536x1536":["https:\/\/miningspareparts.com\/wp-content\/uploads\/2024\/01\/CA-LONG-LC4000A.webp",474,355,false],"2048x2048":["https:\/\/miningspareparts.com\/wp-content\/uploads\/2024\/01\/CA-LONG-LC4000A.webp",474,355,false],"trp-custom-language-flag":["https:\/\/miningspareparts.com\/wp-content\/uploads\/2024\/01\/CA-LONG-LC4000A.webp",16,12,false],"woocommerce_thumbnail":["https:\/\/miningspareparts.com\/wp-content\/uploads\/2024\/01\/CA-LONG-LC4000A-300x300.webp",300,300,true],"woocommerce_single":["https:\/\/miningspareparts.com\/wp-content\/uploads\/2024\/01\/CA-LONG-LC4000A.webp",474,355,false],"woocommerce_gallery_thumbnail":["https:\/\/miningspareparts.com\/wp-content\/uploads\/2024\/01\/CA-LONG-LC4000A-100x100.webp",100,100,true]},"uagb_author_info":{"display_name":"Miningspareparts","author_link":"https:\/\/miningspareparts.com\/fr\/author\/"},"uagb_comment_info":0,"uagb_excerpt":"Models:CA-LONG LC4000A","_links":{"self":[{"href":"https:\/\/miningspareparts.com\/fr\/wp-json\/wp\/v2\/product\/2369","targetHints":{"allow":["GET"]}}],"collection":[{"href":"https:\/\/miningspareparts.com\/fr\/wp-json\/wp\/v2\/product"}],"about":[{"href":"https:\/\/miningspareparts.com\/fr\/wp-json\/wp\/v2\/types\/product"}],"wp:featuredmedia":[{"embeddable":true,"href":"https:\/\/miningspareparts.com\/fr\/wp-json\/wp\/v2\/media\/2376"}],"wp:attachment":[{"href":"https:\/\/miningspareparts.com\/fr\/wp-json\/wp\/v2\/media?parent=2369"}],"wp:term":[{"taxonomy":"product_brand","embeddable":true,"href":"https:\/\/miningspareparts.com\/fr\/wp-json\/wp\/v2\/product_brand?post=2369"},{"taxonomy":"product_cat","embeddable":true,"href":"https:\/\/miningspareparts.com\/fr\/wp-json\/wp\/v2\/product_cat?post=2369"},{"taxonomy":"product_tag","embeddable":true,"href":"https:\/\/miningspareparts.com\/fr\/wp-json\/wp\/v2\/product_tag?post=2369"}],"curies":[{"name":"wp","href":"https:\/\/api.w.org\/{rel}","templated":true}]}}