{"id":2378,"date":"2024-01-03T05:47:16","date_gmt":"2024-01-03T05:47:16","guid":{"rendered":"https:\/\/miningspareparts.com\/?post_type=product&#038;p=2378"},"modified":"2024-02-22T09:12:19","modified_gmt":"2024-02-22T09:12:19","slug":"dg-machinery-dg5000-mixer-and-parts","status":"publish","type":"product","link":"https:\/\/miningspareparts.com\/fr\/produit\/dg-machinery-dg5000-mixer-and-parts\/","title":{"rendered":"DG-MACHINERY M\u00e9langeur DG5000 et pi\u00e8ces d\u00e9tach\u00e9es"},"content":{"rendered":"<p><strong>Voici une description du m\u00e9langeur DG-MACHINERY DG5000 et de ses pi\u00e8ces d\u00e9tach\u00e9es.<\/strong><\/p>\n<table>\n<tbody>\n<tr>\n<td width=\"235\">Sp\u00e9cifications<\/td>\n<td width=\"99\">Unit\u00e9.<\/td>\n<td width=\"74\">Qt\u00e9<\/td>\n<td width=\"115\">Poids unitaire (Kg)<\/td>\n<td width=\"118\">Poids total (Kg)<\/td>\n<td width=\"78\">Remarques<\/td>\n<\/tr>\n<tr>\n<td width=\"235\">Lame centrale<\/td>\n<td width=\"99\">Pcs<\/td>\n<td width=\"74\">36<\/td>\n<td width=\"115\">14.5<\/td>\n<td width=\"118\">522<\/td>\n<td width=\"78\"><\/td>\n<\/tr>\n<tr>\n<td width=\"235\">Plaque de rev\u00eatement sup\u00e9rieure<\/td>\n<td width=\"99\">Pcs<\/td>\n<td width=\"74\">14<\/td>\n<td width=\"115\">15.7<\/td>\n<td width=\"118\">219.8<\/td>\n<td width=\"78\"><\/td>\n<\/tr>\n<tr>\n<td width=\"235\">Plaque de rev\u00eatement de l'arc<\/td>\n<td width=\"99\">Pcs<\/td>\n<td width=\"74\">42<\/td>\n<td width=\"115\">14.55<\/td>\n<td width=\"118\">611.1<\/td>\n<td width=\"78\"><\/td>\n<\/tr>\n<tr>\n<td width=\"235\">Plaque de pont<\/td>\n<td width=\"99\">Pcs<\/td>\n<td width=\"74\">4<\/td>\n<td width=\"115\">10.1<\/td>\n<td width=\"118\">40.4<\/td>\n<td width=\"78\"><\/td>\n<\/tr>\n<tr>\n<td width=\"235\">Plaque de doublure de porte<\/td>\n<td width=\"99\">Pcs<\/td>\n<td width=\"74\">12<\/td>\n<td width=\"115\">11.75<\/td>\n<td width=\"118\">141<\/td>\n<td width=\"78\"><\/td>\n<\/tr>\n<tr>\n<td width=\"235\">Plaque de garniture lat\u00e9rale carr\u00e9e sup\u00e9rieure<\/td>\n<td width=\"99\">Pcs<\/td>\n<td width=\"74\">12<\/td>\n<td width=\"115\">16.45<\/td>\n<td width=\"118\">197.4<\/td>\n<td width=\"78\"><\/td>\n<\/tr>\n<tr>\n<td width=\"235\">Plaque rectangulaire sup\u00e9rieure de rev\u00eatement lat\u00e9ral<\/td>\n<td width=\"99\">Pcs<\/td>\n<td width=\"74\">4<\/td>\n<td width=\"115\">24.45<\/td>\n<td width=\"118\">97.8<\/td>\n<td width=\"78\"><\/td>\n<\/tr>\n<tr>\n<td width=\"235\">Plaque de garniture lat\u00e9rale axiale carr\u00e9e sup\u00e9rieure<\/td>\n<td width=\"99\">Pcs<\/td>\n<td width=\"74\">4<\/td>\n<td width=\"115\">14.75<\/td>\n<td width=\"118\">59<\/td>\n<td width=\"78\">\u6b63\u53cd\u54042\u4ef6<\/td>\n<\/tr>\n<tr>\n<td width=\"235\">Plaque rectangulaire sup\u00e9rieure de rev\u00eatement lat\u00e9ral axial<\/td>\n<td width=\"99\">Pcs<\/td>\n<td width=\"74\">4<\/td>\n<td width=\"115\">23.25<\/td>\n<td width=\"118\">93<\/td>\n<td width=\"78\">\u6b63\u53cd\u54042\u4ef6<\/td>\n<\/tr>\n<tr>\n<td width=\"235\">Plaque inf\u00e9rieure de rev\u00eatement lat\u00e9ral en forme d'\u00e9ventail<\/td>\n<td width=\"99\">Pcs<\/td>\n<td width=\"74\">4<\/td>\n<td width=\"115\">32.6<\/td>\n<td width=\"118\">130.4<\/td>\n<td width=\"78\">\u6b63\u53cd\u54042\u4ef6<\/td>\n<\/tr>\n<tr>\n<td width=\"235\">Plaque de garniture lat\u00e9rale axiale inf\u00e9rieure<\/td>\n<td width=\"99\">Pcs<\/td>\n<td width=\"74\">4<\/td>\n<td width=\"115\">29.45<\/td>\n<td width=\"118\">117.8<\/td>\n<td width=\"78\"><\/td>\n<\/tr>\n<tr>\n<td width=\"235\">Plaque de garniture lat\u00e9rale centrale inf\u00e9rieure<\/td>\n<td width=\"99\">Pcs<\/td>\n<td width=\"74\">4<\/td>\n<td width=\"115\">29.45<\/td>\n<td width=\"118\">117.8<\/td>\n<td width=\"78\">\u6b63\u53cd\u54042\u4ef6<\/td>\n<\/tr>\n<tr>\n<td width=\"235\">Bras de m\u00e9lange<\/td>\n<td width=\"99\">Pcs<\/td>\n<td width=\"74\">36<\/td>\n<td width=\"115\">44.65<\/td>\n<td width=\"118\">1607.4<\/td>\n<td width=\"78\"><\/td>\n<\/tr>\n<\/tbody>\n<\/table>\n<p><img fetchpriority=\"high\" decoding=\"async\" class=\"wp-image-3550 alignleft\" src=\"https:\/\/miningspareparts.com\/wp-content\/uploads\/2024\/01\/Mixer-And-Wear-Parts1-239x300.webp\" alt=\"\" width=\"498\" height=\"625\" srcset=\"https:\/\/miningspareparts.com\/wp-content\/uploads\/2024\/01\/Mixer-And-Wear-Parts1-239x300.webp 239w, https:\/\/miningspareparts.com\/wp-content\/uploads\/2024\/01\/Mixer-And-Wear-Parts1-817x1024.webp 817w, https:\/\/miningspareparts.com\/wp-content\/uploads\/2024\/01\/Mixer-And-Wear-Parts1-768x963.webp 768w, https:\/\/miningspareparts.com\/wp-content\/uploads\/2024\/01\/Mixer-And-Wear-Parts1-1226x1536.webp 1226w, https:\/\/miningspareparts.com\/wp-content\/uploads\/2024\/01\/Mixer-And-Wear-Parts1-1634x2048.webp 1634w, https:\/\/miningspareparts.com\/wp-content\/uploads\/2024\/01\/Mixer-And-Wear-Parts1-600x752.webp 600w, https:\/\/miningspareparts.com\/wp-content\/uploads\/2024\/01\/Mixer-And-Wear-Parts1.webp 2037w\" sizes=\"(max-width: 498px) 100vw, 498px\" \/><span style=\"font-size: 16px\">\u00a0<\/span><img decoding=\"async\" class=\"wp-image-3551 alignnone\" style=\"font-weight: inherit\" src=\"https:\/\/miningspareparts.com\/wp-content\/uploads\/2024\/01\/Mixer-And-Wear-Parts2-210x300.webp\" alt=\"\" width=\"454\" height=\"649\" srcset=\"https:\/\/miningspareparts.com\/wp-content\/uploads\/2024\/01\/Mixer-And-Wear-Parts2-210x300.webp 210w, https:\/\/miningspareparts.com\/wp-content\/uploads\/2024\/01\/Mixer-And-Wear-Parts2-600x856.webp 600w\" sizes=\"(max-width: 454px) 100vw, 454px\" \/><\/p>\n<p>En tant que fabricant leader de pales, de bras de m\u00e9lange et de rev\u00eatements pour m\u00e9langeurs \u00e0 deux arbres DG-MACHINERY DG5000, notre priorit\u00e9 est de fournir des composants de haute qualit\u00e9 qui excellent en termes de remplacement d'origine, d'assistance apr\u00e8s-vente et de durabilit\u00e9.<\/p>\n<p>En plus des pi\u00e8ces de rechange d'origine, nous fournissons une assistance apr\u00e8s-vente compl\u00e8te pour r\u00e9pondre aux divers besoins de nos clients. Notre \u00e9quipe d\u00e9vou\u00e9e de service \u00e0 la client\u00e8le offre une assistance rapide, des conseils techniques et des pi\u00e8ces de rechange facilement disponibles, ce qui garantit des temps d'arr\u00eat minimaux et une productivit\u00e9 maximale pour vos op\u00e9rations.<\/p>\n<p>En outre, nos pales, bras de m\u00e9lange et rev\u00eatements sont r\u00e9put\u00e9s pour leur durabilit\u00e9 exceptionnelle, capable de r\u00e9sister aux exigences rigoureuses des applications de m\u00e9lange \u00e0 usage intensif. Fabriqu\u00e9s \u00e0 partir de mat\u00e9riaux de haute qualit\u00e9 et soumis \u00e0 des mesures rigoureuses de contr\u00f4le de la qualit\u00e9, nos composants pr\u00e9sentent une r\u00e9sistance sup\u00e9rieure \u00e0 l'usure, ce qui minimise le besoin de remplacements fr\u00e9quents et r\u00e9duit les co\u00fbts de maintenance.<\/p>\n<p>Notre engagement en faveur de l'excellence va au-del\u00e0 de la simple fourniture de produits fiables. Nous investissons continuellement dans la recherche et le d\u00e9veloppement afin d'innover et d'am\u00e9liorer les performances des composants de nos m\u00e9langeurs, en restant \u00e0 la pointe des avanc\u00e9es technologiques dans l'industrie.<\/p>\n<p>En conclusion, nos pales, bras de m\u00e9lange et rev\u00eatements de m\u00e9langeurs \u00e0 deux arbres DG-MACHINERY DG5000 offrent une valeur in\u00e9gal\u00e9e gr\u00e2ce \u00e0 leur compatibilit\u00e9 avec les pi\u00e8ces de rechange d'origine, \u00e0 une assistance \u00e9tendue sur le march\u00e9 de l'apr\u00e8s-vente et \u00e0 une durabilit\u00e9 exceptionnelle. Faites \u00e9quipe avec nous pour obtenir des solutions fiables qui optimisent l'efficacit\u00e9 et la long\u00e9vit\u00e9 de votre \u00e9quipement de m\u00e9lange.<\/p>","protected":false},"excerpt":{"rendered":"<p>Mod\u00e8les:DG-MACHINERY DG5000<\/p>","protected":false},"featured_media":2377,"template":"","meta":{"_uag_custom_page_level_css":"","site-sidebar-layout":"default","site-content-layout":"","ast-site-content-layout":"default","site-content-style":"default","site-sidebar-style":"default","ast-global-header-display":"","ast-banner-title-visibility":"","ast-main-header-display":"","ast-hfb-above-header-display":"","ast-hfb-below-header-display":"","ast-hfb-mobile-header-display":"","site-post-title":"","ast-breadcrumbs-content":"","ast-featured-img":"","footer-sml-layout":"","ast-disable-related-posts":"","theme-transparent-header-meta":"default","adv-header-id-meta":"","stick-header-meta":"default","header-above-stick-meta":"","header-main-stick-meta":"","header-below-stick-meta":"","astra-migrate-meta-layouts":"set","ast-page-background-enabled":"default","ast-page-background-meta":{"desktop":{"background-color":"var(--ast-global-color-4)","background-image":"","background-repeat":"repeat","background-position":"center center","background-size":"auto","background-attachment":"scroll","background-type":"","background-media":"","overlay-type":"","overlay-color":"","overlay-opacity":"","overlay-gradient":""},"tablet":{"background-color":"","background-image":"","background-repeat":"repeat","background-position":"center center","background-size":"auto","background-attachment":"scroll","background-type":"","background-media":"","overlay-type":"","overlay-color":"","overlay-opacity":"","overlay-gradient":""},"mobile":{"background-color":"","background-image":"","background-repeat":"repeat","background-position":"center center","background-size":"auto","background-attachment":"scroll","background-type":"","background-media":"","overlay-type":"","overlay-color":"","overlay-opacity":"","overlay-gradient":""}},"ast-content-background-meta":{"desktop":{"background-color":"var(--ast-global-color-5)","background-image":"","background-repeat":"repeat","background-position":"center center","background-size":"auto","background-attachment":"scroll","background-type":"","background-media":"","overlay-type":"","overlay-color":"","overlay-opacity":"","overlay-gradient":""},"tablet":{"background-color":"var(--ast-global-color-5)","background-image":"","background-repeat":"repeat","background-position":"center center","background-size":"auto","background-attachment":"scroll","background-type":"","background-media":"","overlay-type":"","overlay-color":"","overlay-opacity":"","overlay-gradient":""},"mobile":{"background-color":"var(--ast-global-color-5)","background-image":"","background-repeat":"repeat","background-position":"center center","background-size":"auto","background-attachment":"scroll","background-type":"","background-media":"","overlay-type":"","overlay-color":"","overlay-opacity":"","overlay-gradient":""}}},"product_brand":[],"product_cat":[275,82],"product_tag":[268,288,269],"class_list":{"0":"post-2378","1":"product","2":"type-product","3":"status-publish","4":"has-post-thumbnail","6":"product_cat-other","7":"product_cat-asphalt-mixer-parts","8":"product_tag-blade","9":"product_tag-concrete-mixer","10":"product_tag-mixing-arm","11":"desktop-align-left","12":"tablet-align-left","13":"mobile-align-left","14":"ast-product-gallery-layout-horizontal-slider","15":"ast-product-gallery-with-no-image","16":"ast-product-single-variable","17":"ast-product-tabs-layout-horizontal","19":"first","20":"instock","21":"shipping-taxable","22":"purchasable","23":"product-type-variable"},"yoast_head":"<!-- This site is optimized with the Yoast SEO plugin v27.4 - https:\/\/yoast.com\/product\/yoast-seo-wordpress\/ -->\n<title>DG-MACHINERY DG5000 Mixer And Parts - Crusher parts, Slurry Pump Parts, Excavator shovel parts<\/title>\n<meta name=\"description\" content=\"DG-MACHINERY DG5000 twin-shaft mixer components ensure original replacement, guaranteeing optimal performance and compatibility with your equipment.\" \/>\n<meta name=\"robots\" content=\"index, follow, max-snippet:-1, max-image-preview:large, max-video-preview:-1\" \/>\n<link rel=\"canonical\" href=\"https:\/\/miningspareparts.com\/fr\/produit\/dg-machinery-dg5000-mixer-and-parts\/\" \/>\n<meta property=\"og:locale\" content=\"fr_FR\" \/>\n<meta property=\"og:type\" content=\"article\" \/>\n<meta property=\"og:title\" content=\"DG-MACHINERY DG5000 Mixer And Parts - Crusher parts, Slurry Pump Parts, Excavator shovel parts\" \/>\n<meta property=\"og:description\" content=\"DG-MACHINERY DG5000 twin-shaft mixer components ensure original replacement, guaranteeing optimal performance and compatibility with your equipment.\" \/>\n<meta property=\"og:url\" content=\"https:\/\/miningspareparts.com\/fr\/produit\/dg-machinery-dg5000-mixer-and-parts\/\" \/>\n<meta property=\"og:site_name\" content=\"Crusher parts, Slurry Pump Parts, Excavator shovel parts\" \/>\n<meta property=\"article:modified_time\" content=\"2024-02-22T09:12:19+00:00\" \/>\n<meta property=\"og:image\" content=\"https:\/\/miningspareparts.com\/wp-content\/uploads\/2024\/01\/DG-MACHINERY-DG5000.webp\" \/>\n\t<meta property=\"og:image:width\" content=\"550\" \/>\n\t<meta property=\"og:image:height\" content=\"413\" \/>\n\t<meta property=\"og:image:type\" content=\"image\/webp\" \/>\n<meta name=\"twitter:card\" content=\"summary_large_image\" \/>\n<meta name=\"twitter:label1\" content=\"Dur\u00e9e de lecture estim\u00e9e\" \/>\n\t<meta name=\"twitter:data1\" content=\"3 minutes\" \/>\n<script type=\"application\/ld+json\" class=\"yoast-schema-graph\">{\"@context\":\"https:\\\/\\\/schema.org\",\"@graph\":[{\"@type\":\"WebPage\",\"@id\":\"https:\\\/\\\/miningspareparts.com\\\/product\\\/dg-machinery-dg5000-mixer-and-parts\\\/\",\"url\":\"https:\\\/\\\/miningspareparts.com\\\/product\\\/dg-machinery-dg5000-mixer-and-parts\\\/\",\"name\":\"DG-MACHINERY DG5000 Mixer And Parts - Crusher parts, Slurry Pump Parts, Excavator shovel parts\",\"isPartOf\":{\"@id\":\"https:\\\/\\\/miningspareparts.com\\\/#website\"},\"primaryImageOfPage\":{\"@id\":\"https:\\\/\\\/miningspareparts.com\\\/product\\\/dg-machinery-dg5000-mixer-and-parts\\\/#primaryimage\"},\"image\":{\"@id\":\"https:\\\/\\\/miningspareparts.com\\\/product\\\/dg-machinery-dg5000-mixer-and-parts\\\/#primaryimage\"},\"thumbnailUrl\":\"https:\\\/\\\/miningspareparts.com\\\/wp-content\\\/uploads\\\/2024\\\/01\\\/DG-MACHINERY-DG5000.webp\",\"datePublished\":\"2024-01-03T05:47:16+00:00\",\"dateModified\":\"2024-02-22T09:12:19+00:00\",\"description\":\"DG-MACHINERY DG5000 twin-shaft mixer components ensure original replacement, guaranteeing optimal performance and compatibility with your equipment.\",\"breadcrumb\":{\"@id\":\"https:\\\/\\\/miningspareparts.com\\\/product\\\/dg-machinery-dg5000-mixer-and-parts\\\/#breadcrumb\"},\"inLanguage\":\"fr-FR\",\"potentialAction\":[{\"@type\":\"ReadAction\",\"target\":[\"https:\\\/\\\/miningspareparts.com\\\/product\\\/dg-machinery-dg5000-mixer-and-parts\\\/\"]}]},{\"@type\":\"ImageObject\",\"inLanguage\":\"fr-FR\",\"@id\":\"https:\\\/\\\/miningspareparts.com\\\/product\\\/dg-machinery-dg5000-mixer-and-parts\\\/#primaryimage\",\"url\":\"https:\\\/\\\/miningspareparts.com\\\/wp-content\\\/uploads\\\/2024\\\/01\\\/DG-MACHINERY-DG5000.webp\",\"contentUrl\":\"https:\\\/\\\/miningspareparts.com\\\/wp-content\\\/uploads\\\/2024\\\/01\\\/DG-MACHINERY-DG5000.webp\",\"width\":550,\"height\":413},{\"@type\":\"BreadcrumbList\",\"@id\":\"https:\\\/\\\/miningspareparts.com\\\/product\\\/dg-machinery-dg5000-mixer-and-parts\\\/#breadcrumb\",\"itemListElement\":[{\"@type\":\"ListItem\",\"position\":1,\"name\":\"Home\",\"item\":\"https:\\\/\\\/miningspareparts.com\\\/\"},{\"@type\":\"ListItem\",\"position\":2,\"name\":\"Premium Mining Wear And Spare Parts\",\"item\":\"https:\\\/\\\/miningspareparts.com\\\/shop\\\/\"},{\"@type\":\"ListItem\",\"position\":3,\"name\":\"DG-MACHINERY DG5000 Mixer And Parts\"}]},{\"@type\":\"WebSite\",\"@id\":\"https:\\\/\\\/miningspareparts.com\\\/#website\",\"url\":\"https:\\\/\\\/miningspareparts.com\\\/\",\"name\":\"Crusher parts , Concrete Mixer Parts, Slurry Pump Parts, Mining Spares\",\"description\":\"Mining Wear &amp; Spare Parts Supplier\",\"publisher\":{\"@id\":\"https:\\\/\\\/miningspareparts.com\\\/#organization\"},\"potentialAction\":[{\"@type\":\"SearchAction\",\"target\":{\"@type\":\"EntryPoint\",\"urlTemplate\":\"https:\\\/\\\/miningspareparts.com\\\/?s={search_term_string}\"},\"query-input\":{\"@type\":\"PropertyValueSpecification\",\"valueRequired\":true,\"valueName\":\"search_term_string\"}}],\"inLanguage\":\"fr-FR\"},{\"@type\":\"Organization\",\"@id\":\"https:\\\/\\\/miningspareparts.com\\\/#organization\",\"name\":\"Crusher parts , Concrete Mixer Parts, Slurry Pump Parts, Mining Spares\",\"url\":\"https:\\\/\\\/miningspareparts.com\\\/\",\"logo\":{\"@type\":\"ImageObject\",\"inLanguage\":\"fr-FR\",\"@id\":\"https:\\\/\\\/miningspareparts.com\\\/#\\\/schema\\\/logo\\\/image\\\/\",\"url\":\"https:\\\/\\\/miningspareparts.com\\\/wp-content\\\/uploads\\\/2025\\\/04\\\/cropped-cropped-logo\u6b63\u65b9\u5f62.png\",\"contentUrl\":\"https:\\\/\\\/miningspareparts.com\\\/wp-content\\\/uploads\\\/2025\\\/04\\\/cropped-cropped-logo\u6b63\u65b9\u5f62.png\",\"width\":511,\"height\":171,\"caption\":\"Crusher parts , Concrete Mixer Parts, Slurry Pump Parts, Mining Spares\"},\"image\":{\"@id\":\"https:\\\/\\\/miningspareparts.com\\\/#\\\/schema\\\/logo\\\/image\\\/\"}}]}<\/script>\n<!-- \/ Yoast SEO plugin. -->","yoast_head_json":{"title":"DG-MACHINERY DG5000 Mixer And Parts - Crusher parts, Slurry Pump Parts, Excavator shovel parts","description":"DG-MACHINERY DG5000 twin-shaft mixer components ensure original replacement, guaranteeing optimal performance and compatibility with your equipment.","robots":{"index":"index","follow":"follow","max-snippet":"max-snippet:-1","max-image-preview":"max-image-preview:large","max-video-preview":"max-video-preview:-1"},"canonical":"https:\/\/miningspareparts.com\/fr\/produit\/dg-machinery-dg5000-mixer-and-parts\/","og_locale":"fr_FR","og_type":"article","og_title":"DG-MACHINERY DG5000 Mixer And Parts - Crusher parts, Slurry Pump Parts, Excavator shovel parts","og_description":"DG-MACHINERY DG5000 twin-shaft mixer components ensure original replacement, guaranteeing optimal performance and compatibility with your equipment.","og_url":"https:\/\/miningspareparts.com\/fr\/produit\/dg-machinery-dg5000-mixer-and-parts\/","og_site_name":"Crusher parts, Slurry Pump Parts, Excavator shovel parts","article_modified_time":"2024-02-22T09:12:19+00:00","og_image":[{"width":550,"height":413,"url":"https:\/\/miningspareparts.com\/wp-content\/uploads\/2024\/01\/DG-MACHINERY-DG5000.webp","type":"image\/webp"}],"twitter_card":"summary_large_image","twitter_misc":{"Dur\u00e9e de lecture estim\u00e9e":"3 minutes"},"schema":{"@context":"https:\/\/schema.org","@graph":[{"@type":"WebPage","@id":"https:\/\/miningspareparts.com\/product\/dg-machinery-dg5000-mixer-and-parts\/","url":"https:\/\/miningspareparts.com\/product\/dg-machinery-dg5000-mixer-and-parts\/","name":"DG-MACHINERY DG5000 Mixer And Parts - Crusher parts, Slurry Pump Parts, Excavator shovel parts","isPartOf":{"@id":"https:\/\/miningspareparts.com\/#website"},"primaryImageOfPage":{"@id":"https:\/\/miningspareparts.com\/product\/dg-machinery-dg5000-mixer-and-parts\/#primaryimage"},"image":{"@id":"https:\/\/miningspareparts.com\/product\/dg-machinery-dg5000-mixer-and-parts\/#primaryimage"},"thumbnailUrl":"https:\/\/miningspareparts.com\/wp-content\/uploads\/2024\/01\/DG-MACHINERY-DG5000.webp","datePublished":"2024-01-03T05:47:16+00:00","dateModified":"2024-02-22T09:12:19+00:00","description":"DG-MACHINERY DG5000 twin-shaft mixer components ensure original replacement, guaranteeing optimal performance and compatibility with your equipment.","breadcrumb":{"@id":"https:\/\/miningspareparts.com\/product\/dg-machinery-dg5000-mixer-and-parts\/#breadcrumb"},"inLanguage":"fr-FR","potentialAction":[{"@type":"ReadAction","target":["https:\/\/miningspareparts.com\/product\/dg-machinery-dg5000-mixer-and-parts\/"]}]},{"@type":"ImageObject","inLanguage":"fr-FR","@id":"https:\/\/miningspareparts.com\/product\/dg-machinery-dg5000-mixer-and-parts\/#primaryimage","url":"https:\/\/miningspareparts.com\/wp-content\/uploads\/2024\/01\/DG-MACHINERY-DG5000.webp","contentUrl":"https:\/\/miningspareparts.com\/wp-content\/uploads\/2024\/01\/DG-MACHINERY-DG5000.webp","width":550,"height":413},{"@type":"BreadcrumbList","@id":"https:\/\/miningspareparts.com\/product\/dg-machinery-dg5000-mixer-and-parts\/#breadcrumb","itemListElement":[{"@type":"ListItem","position":1,"name":"Home","item":"https:\/\/miningspareparts.com\/"},{"@type":"ListItem","position":2,"name":"Premium Mining Wear And Spare Parts","item":"https:\/\/miningspareparts.com\/shop\/"},{"@type":"ListItem","position":3,"name":"DG-MACHINERY DG5000 Mixer And Parts"}]},{"@type":"WebSite","@id":"https:\/\/miningspareparts.com\/#website","url":"https:\/\/miningspareparts.com\/","name":"Crusher parts , Concrete Mixer Parts, Slurry Pump Parts, Mining Spares","description":"Mining Wear &amp; Spare Parts Supplier","publisher":{"@id":"https:\/\/miningspareparts.com\/#organization"},"potentialAction":[{"@type":"SearchAction","target":{"@type":"EntryPoint","urlTemplate":"https:\/\/miningspareparts.com\/?s={search_term_string}"},"query-input":{"@type":"PropertyValueSpecification","valueRequired":true,"valueName":"search_term_string"}}],"inLanguage":"fr-FR"},{"@type":"Organization","@id":"https:\/\/miningspareparts.com\/#organization","name":"Crusher parts , Concrete Mixer Parts, Slurry Pump Parts, Mining Spares","url":"https:\/\/miningspareparts.com\/","logo":{"@type":"ImageObject","inLanguage":"fr-FR","@id":"https:\/\/miningspareparts.com\/#\/schema\/logo\/image\/","url":"https:\/\/miningspareparts.com\/wp-content\/uploads\/2025\/04\/cropped-cropped-logo\u6b63\u65b9\u5f62.png","contentUrl":"https:\/\/miningspareparts.com\/wp-content\/uploads\/2025\/04\/cropped-cropped-logo\u6b63\u65b9\u5f62.png","width":511,"height":171,"caption":"Crusher parts , Concrete Mixer Parts, Slurry Pump Parts, Mining Spares"},"image":{"@id":"https:\/\/miningspareparts.com\/#\/schema\/logo\/image\/"}}]}},"uagb_featured_image_src":{"full":["https:\/\/miningspareparts.com\/wp-content\/uploads\/2024\/01\/DG-MACHINERY-DG5000.webp",550,413,false],"thumbnail":["https:\/\/miningspareparts.com\/wp-content\/uploads\/2024\/01\/DG-MACHINERY-DG5000-150x150.webp",150,150,true],"medium":["https:\/\/miningspareparts.com\/wp-content\/uploads\/2024\/01\/DG-MACHINERY-DG5000-300x225.webp",300,225,true],"medium_large":["https:\/\/miningspareparts.com\/wp-content\/uploads\/2024\/01\/DG-MACHINERY-DG5000.webp",550,413,false],"large":["https:\/\/miningspareparts.com\/wp-content\/uploads\/2024\/01\/DG-MACHINERY-DG5000.webp",550,413,false],"1536x1536":["https:\/\/miningspareparts.com\/wp-content\/uploads\/2024\/01\/DG-MACHINERY-DG5000.webp",550,413,false],"2048x2048":["https:\/\/miningspareparts.com\/wp-content\/uploads\/2024\/01\/DG-MACHINERY-DG5000.webp",550,413,false],"trp-custom-language-flag":["https:\/\/miningspareparts.com\/wp-content\/uploads\/2024\/01\/DG-MACHINERY-DG5000.webp",16,12,false],"woocommerce_thumbnail":["https:\/\/miningspareparts.com\/wp-content\/uploads\/2024\/01\/DG-MACHINERY-DG5000-300x300.webp",300,300,true],"woocommerce_single":["https:\/\/miningspareparts.com\/wp-content\/uploads\/2024\/01\/DG-MACHINERY-DG5000.webp",550,413,false],"woocommerce_gallery_thumbnail":["https:\/\/miningspareparts.com\/wp-content\/uploads\/2024\/01\/DG-MACHINERY-DG5000-100x100.webp",100,100,true]},"uagb_author_info":{"display_name":"Miningspareparts","author_link":"https:\/\/miningspareparts.com\/fr\/author\/"},"uagb_comment_info":0,"uagb_excerpt":"Models:DG-MACHINERY DG5000","_links":{"self":[{"href":"https:\/\/miningspareparts.com\/fr\/wp-json\/wp\/v2\/product\/2378","targetHints":{"allow":["GET"]}}],"collection":[{"href":"https:\/\/miningspareparts.com\/fr\/wp-json\/wp\/v2\/product"}],"about":[{"href":"https:\/\/miningspareparts.com\/fr\/wp-json\/wp\/v2\/types\/product"}],"wp:featuredmedia":[{"embeddable":true,"href":"https:\/\/miningspareparts.com\/fr\/wp-json\/wp\/v2\/media\/2377"}],"wp:attachment":[{"href":"https:\/\/miningspareparts.com\/fr\/wp-json\/wp\/v2\/media?parent=2378"}],"wp:term":[{"taxonomy":"product_brand","embeddable":true,"href":"https:\/\/miningspareparts.com\/fr\/wp-json\/wp\/v2\/product_brand?post=2378"},{"taxonomy":"product_cat","embeddable":true,"href":"https:\/\/miningspareparts.com\/fr\/wp-json\/wp\/v2\/product_cat?post=2378"},{"taxonomy":"product_tag","embeddable":true,"href":"https:\/\/miningspareparts.com\/fr\/wp-json\/wp\/v2\/product_tag?post=2378"}],"curies":[{"name":"wp","href":"https:\/\/api.w.org\/{rel}","templated":true}]}}