{"id":3869,"date":"2024-03-19T03:12:15","date_gmt":"2024-03-19T03:12:15","guid":{"rendered":"https:\/\/miningspareparts.com\/?post_type=product&#038;p=3869"},"modified":"2024-03-19T04:52:51","modified_gmt":"2024-03-19T04:52:51","slug":"canica-2000-vsi-crusher-and-parts","status":"publish","type":"product","link":"https:\/\/miningspareparts.com\/fr\/produit\/canica-2000-vsi-crusher-and-parts\/","title":{"rendered":"Concasseur VSI CANICA 2000 et pi\u00e8ces d\u00e9tach\u00e9es"},"content":{"rendered":"<p><strong>Voici une description du concasseur CANICA 2000 VSI et de ses pi\u00e8ces d\u00e9tach\u00e9es.<\/strong><\/p>\n<table width=\"596\">\n<tbody>\n<tr>\n<td colspan=\"5\" width=\"596\">canica2000<\/td>\n<\/tr>\n<tr>\n<td width=\"212\">Nom de l'article<\/td>\n<td colspan=\"2\" width=\"192\">Code de l'article<\/td>\n<td width=\"96\">QT\u00c9<\/td>\n<td width=\"96\">Poids<\/td>\n<\/tr>\n<tr>\n<td width=\"212\">Assemblage du rotor<\/td>\n<td colspan=\"2\" width=\"192\">CJ08700-340-01-2<\/td>\n<td width=\"96\">1<\/td>\n<td width=\"96\">560<\/td>\n<\/tr>\n<tr>\n<td width=\"212\">Soudure du rotor<\/td>\n<td colspan=\"2\" width=\"192\">CJ08700-340-02<\/td>\n<td width=\"96\">1<\/td>\n<td width=\"96\">250<\/td>\n<\/tr>\n<tr>\n<td width=\"212\">Plaque d'usure UPR\/LO<\/td>\n<td colspan=\"2\" width=\"192\">CJ04431848<\/td>\n<td width=\"96\">10<\/td>\n<td width=\"96\">9<\/td>\n<\/tr>\n<tr>\n<td width=\"212\">Pointe du rotor<\/td>\n<td colspan=\"2\" width=\"192\">CJ08700-340-17<\/td>\n<td width=\"96\">5<\/td>\n<td width=\"96\">9<\/td>\n<\/tr>\n<tr>\n<td width=\"212\">Plaque d'usure sup\u00e9rieure<\/td>\n<td colspan=\"2\" width=\"192\">CJ08700-340-27<\/td>\n<td width=\"96\">3<\/td>\n<td width=\"96\">31<\/td>\n<\/tr>\n<tr>\n<td width=\"212\">Plaque murale<\/td>\n<td colspan=\"2\" width=\"192\">CJ08700-340-05<\/td>\n<td width=\"96\">10<\/td>\n<td width=\"96\">6<\/td>\n<\/tr>\n<tr>\n<td width=\"212\">Plaque de distribution<\/td>\n<td colspan=\"2\" width=\"192\">CJ04431850<\/td>\n<td width=\"96\">1<\/td>\n<td width=\"96\">27<\/td>\n<\/tr>\n<tr>\n<td width=\"212\">Laveuse<\/td>\n<td colspan=\"2\" width=\"192\">CJ08700-340-09<\/td>\n<td width=\"96\">10<\/td>\n<td width=\"96\">0<\/td>\n<\/tr>\n<tr>\n<td width=\"212\">Dessus de la doublure<\/td>\n<td colspan=\"2\" width=\"192\">CJ08700-340-22U<\/td>\n<td width=\"96\">5<\/td>\n<td width=\"96\">2<\/td>\n<\/tr>\n<tr>\n<td width=\"212\">Liner Loewer<\/td>\n<td colspan=\"2\" width=\"192\">CJ08700-340-22L<\/td>\n<td width=\"96\">5<\/td>\n<td width=\"96\">2<\/td>\n<\/tr>\n<tr>\n<td width=\"212\">Tube d'alimentation<\/td>\n<td colspan=\"2\" width=\"192\">CJFT0400<\/td>\n<td width=\"96\">1<\/td>\n<td width=\"96\">87<\/td>\n<\/tr>\n<\/tbody>\n<\/table>\n<p>En tant que fabricant de pi\u00e8ces r\u00e9sistantes \u00e0 l'usure CANICA 2000 VSI, nous nous sp\u00e9cialisons dans la fourniture de composants de remplacement d'origine qui offrent une qualit\u00e9, une durabilit\u00e9 et des performances in\u00e9gal\u00e9es. Notre engagement envers l'excellence garantit que nos pi\u00e8ces de rechange non seulement respectent, mais d\u00e9passent les normes \u00e9tablies par le fabricant de l'\u00e9quipement d'origine (OEM).<\/p>\n<p>Les pi\u00e8ces de rechange d'origine sont con\u00e7ues pour s'int\u00e9grer parfaitement au BARMAC B9100 VSI, offrant un ajustement pr\u00e9cis et une fonctionnalit\u00e9 optimale. En respectant les sp\u00e9cifications et les mat\u00e9riaux d'origine, ces pi\u00e8ces garantissent la compatibilit\u00e9 et la fiabilit\u00e9, pr\u00e9servant ainsi l'efficacit\u00e9 et la long\u00e9vit\u00e9 de la machine.<\/p>\n<p>En plus des pi\u00e8ces de rechange d'origine, nous proposons des solutions de rechange qui offrent des alternatives rentables sans compromettre la qualit\u00e9. Nos pi\u00e8ces de rechange sont soumises \u00e0 des tests rigoureux pour garantir leur durabilit\u00e9 et leurs performances, offrant ainsi aux clients une option fiable et abordable pour l'entretien de leurs machines CANICA 2000 VSI.<\/p>\n<p>De plus, notre souci de durabilit\u00e9 nous distingue dans l'industrie. Nous comprenons les conditions d'exploitation difficiles auxquelles sont soumises les machines CANICA 2000 VSI, et nos pi\u00e8ces r\u00e9sistantes \u00e0 l'usure sont con\u00e7ues pour relever ces d\u00e9fis. Gr\u00e2ce \u00e0 des mat\u00e9riaux et des processus de fabrication avanc\u00e9s, nous nous assurons que nos pi\u00e8ces offrent une r\u00e9sistance sup\u00e9rieure \u00e0 l'usure, r\u00e9duisant ainsi le besoin de remplacements fr\u00e9quents et minimisant les temps d'arr\u00eat.<\/p>\n<p>Notre attachement \u00e0 la qualit\u00e9, \u00e0 la pr\u00e9cision et \u00e0 la durabilit\u00e9 fait de nous un partenaire de confiance pour les op\u00e9rateurs et les \u00e9quipes de maintenance qui utilisent les machines VSI CANICA 2000. Qu'il s'agisse de pi\u00e8ces de rechange d'origine, d'alternatives sur le march\u00e9 des pi\u00e8ces de rechange ou de composants durables r\u00e9sistant \u00e0 l'usure, nous fournissons des solutions qui optimisent les performances et maximisent la dur\u00e9e de vie de votre \u00e9quipement.<\/p>","protected":false},"excerpt":{"rendered":"<p>Voici une description du concasseur VSI CANICA 2000 et de ses pi\u00e8ces canica2000 Nom de l'article Code de l'article QT\u00c9 Poids Assemblage du rotor CJ08700-340-01-2 1 560 Soudure du rotor CJ08700-340-02 1 250 Plaque d'usure UPR\/LO CJ04431848 10 9 Pointe du rotor CJ08700-340-17 5 9 Plaque d'usure sup\u00e9rieure CJ08700-340-27 3 31 Plaque murale CJ08700-340-05 10 6 Plaque de distribution CJ04431850 1 [...]<\/p>","protected":false},"featured_media":3889,"template":"","meta":{"_uag_custom_page_level_css":"","site-sidebar-layout":"default","site-content-layout":"","ast-site-content-layout":"default","site-content-style":"default","site-sidebar-style":"default","ast-global-header-display":"","ast-banner-title-visibility":"","ast-main-header-display":"","ast-hfb-above-header-display":"","ast-hfb-below-header-display":"","ast-hfb-mobile-header-display":"","site-post-title":"","ast-breadcrumbs-content":"","ast-featured-img":"","footer-sml-layout":"","ast-disable-related-posts":"","theme-transparent-header-meta":"default","adv-header-id-meta":"","stick-header-meta":"default","header-above-stick-meta":"","header-main-stick-meta":"","header-below-stick-meta":"","astra-migrate-meta-layouts":"set","ast-page-background-enabled":"default","ast-page-background-meta":{"desktop":{"background-color":"var(--ast-global-color-4)","background-image":"","background-repeat":"repeat","background-position":"center center","background-size":"auto","background-attachment":"scroll","background-type":"","background-media":"","overlay-type":"","overlay-color":"","overlay-opacity":"","overlay-gradient":""},"tablet":{"background-color":"","background-image":"","background-repeat":"repeat","background-position":"center center","background-size":"auto","background-attachment":"scroll","background-type":"","background-media":"","overlay-type":"","overlay-color":"","overlay-opacity":"","overlay-gradient":""},"mobile":{"background-color":"","background-image":"","background-repeat":"repeat","background-position":"center center","background-size":"auto","background-attachment":"scroll","background-type":"","background-media":"","overlay-type":"","overlay-color":"","overlay-opacity":"","overlay-gradient":""}},"ast-content-background-meta":{"desktop":{"background-color":"var(--ast-global-color-5)","background-image":"","background-repeat":"repeat","background-position":"center center","background-size":"auto","background-attachment":"scroll","background-type":"","background-media":"","overlay-type":"","overlay-color":"","overlay-opacity":"","overlay-gradient":""},"tablet":{"background-color":"var(--ast-global-color-5)","background-image":"","background-repeat":"repeat","background-position":"center center","background-size":"auto","background-attachment":"scroll","background-type":"","background-media":"","overlay-type":"","overlay-color":"","overlay-opacity":"","overlay-gradient":""},"mobile":{"background-color":"var(--ast-global-color-5)","background-image":"","background-repeat":"repeat","background-position":"center center","background-size":"auto","background-attachment":"scroll","background-type":"","background-media":"","overlay-type":"","overlay-color":"","overlay-opacity":"","overlay-gradient":""}}},"product_brand":[],"product_cat":[45,47,44],"product_tag":[],"class_list":{"0":"post-3869","1":"product","2":"type-product","3":"status-publish","4":"has-post-thumbnail","6":"product_cat-barmac","7":"product_cat-canica","8":"product_cat-vsi-liner","9":"desktop-align-left","10":"tablet-align-left","11":"mobile-align-left","12":"ast-product-gallery-layout-horizontal-slider","13":"ast-product-single-variable","14":"ast-product-tabs-layout-horizontal","16":"first","17":"instock","18":"shipping-taxable","19":"purchasable","20":"product-type-variable"},"yoast_head":"<!-- This site is optimized with the Yoast SEO plugin v27.4 - https:\/\/yoast.com\/product\/yoast-seo-wordpress\/ -->\n<title>CANICA 2000 VSI Crusher And Parts- Crusher parts, Slurry Pump Parts, Excavator shovel parts<\/title>\n<meta name=\"description\" content=\"The CANICA 2000 sand making machine offers superior wear resistance and serves as an ideal choice for original replacements.\" \/>\n<meta name=\"robots\" content=\"index, follow, max-snippet:-1, max-image-preview:large, max-video-preview:-1\" \/>\n<link rel=\"canonical\" href=\"https:\/\/miningspareparts.com\/fr\/produit\/canica-2000-vsi-crusher-and-parts\/\" \/>\n<meta property=\"og:locale\" content=\"fr_FR\" \/>\n<meta property=\"og:type\" content=\"article\" \/>\n<meta property=\"og:title\" content=\"CANICA 2000 VSI Crusher And Parts- Crusher parts, Slurry Pump Parts, Excavator shovel parts\" \/>\n<meta property=\"og:description\" content=\"The CANICA 2000 sand making machine offers superior wear resistance and serves as an ideal choice for original replacements.\" \/>\n<meta property=\"og:url\" content=\"https:\/\/miningspareparts.com\/fr\/produit\/canica-2000-vsi-crusher-and-parts\/\" \/>\n<meta property=\"og:site_name\" content=\"Crusher parts, Slurry Pump Parts, Excavator shovel parts\" \/>\n<meta property=\"article:modified_time\" content=\"2024-03-19T04:52:51+00:00\" \/>\n<meta property=\"og:image\" content=\"https:\/\/miningspareparts.com\/wp-content\/uploads\/2024\/03\/rotor.jpg\" \/>\n\t<meta property=\"og:image:width\" content=\"800\" \/>\n\t<meta property=\"og:image:height\" content=\"800\" \/>\n\t<meta property=\"og:image:type\" content=\"image\/jpeg\" \/>\n<meta name=\"twitter:card\" content=\"summary_large_image\" \/>\n<meta name=\"twitter:label1\" content=\"Dur\u00e9e de lecture estim\u00e9e\" \/>\n\t<meta name=\"twitter:data1\" content=\"2 minutes\" \/>\n<script type=\"application\/ld+json\" class=\"yoast-schema-graph\">{\"@context\":\"https:\\\/\\\/schema.org\",\"@graph\":[{\"@type\":\"WebPage\",\"@id\":\"https:\\\/\\\/miningspareparts.com\\\/product\\\/canica-2000-vsi-crusher-and-parts\\\/\",\"url\":\"https:\\\/\\\/miningspareparts.com\\\/product\\\/canica-2000-vsi-crusher-and-parts\\\/\",\"name\":\"CANICA 2000 VSI Crusher And Parts- Crusher parts, Slurry Pump Parts, Excavator shovel parts\",\"isPartOf\":{\"@id\":\"https:\\\/\\\/miningspareparts.com\\\/#website\"},\"primaryImageOfPage\":{\"@id\":\"https:\\\/\\\/miningspareparts.com\\\/product\\\/canica-2000-vsi-crusher-and-parts\\\/#primaryimage\"},\"image\":{\"@id\":\"https:\\\/\\\/miningspareparts.com\\\/product\\\/canica-2000-vsi-crusher-and-parts\\\/#primaryimage\"},\"thumbnailUrl\":\"https:\\\/\\\/miningspareparts.com\\\/wp-content\\\/uploads\\\/2024\\\/03\\\/rotor.jpg\",\"datePublished\":\"2024-03-19T03:12:15+00:00\",\"dateModified\":\"2024-03-19T04:52:51+00:00\",\"description\":\"The CANICA 2000 sand making machine offers superior wear resistance and serves as an ideal choice for original replacements.\",\"breadcrumb\":{\"@id\":\"https:\\\/\\\/miningspareparts.com\\\/product\\\/canica-2000-vsi-crusher-and-parts\\\/#breadcrumb\"},\"inLanguage\":\"fr-FR\",\"potentialAction\":[{\"@type\":\"ReadAction\",\"target\":[\"https:\\\/\\\/miningspareparts.com\\\/product\\\/canica-2000-vsi-crusher-and-parts\\\/\"]}]},{\"@type\":\"ImageObject\",\"inLanguage\":\"fr-FR\",\"@id\":\"https:\\\/\\\/miningspareparts.com\\\/product\\\/canica-2000-vsi-crusher-and-parts\\\/#primaryimage\",\"url\":\"https:\\\/\\\/miningspareparts.com\\\/wp-content\\\/uploads\\\/2024\\\/03\\\/rotor.jpg\",\"contentUrl\":\"https:\\\/\\\/miningspareparts.com\\\/wp-content\\\/uploads\\\/2024\\\/03\\\/rotor.jpg\",\"width\":800,\"height\":800},{\"@type\":\"BreadcrumbList\",\"@id\":\"https:\\\/\\\/miningspareparts.com\\\/product\\\/canica-2000-vsi-crusher-and-parts\\\/#breadcrumb\",\"itemListElement\":[{\"@type\":\"ListItem\",\"position\":1,\"name\":\"Home\",\"item\":\"https:\\\/\\\/miningspareparts.com\\\/\"},{\"@type\":\"ListItem\",\"position\":2,\"name\":\"Premium Mining Wear And Spare Parts\",\"item\":\"https:\\\/\\\/miningspareparts.com\\\/shop\\\/\"},{\"@type\":\"ListItem\",\"position\":3,\"name\":\"CANICA 2000 VSI Crusher And Parts\"}]},{\"@type\":\"WebSite\",\"@id\":\"https:\\\/\\\/miningspareparts.com\\\/#website\",\"url\":\"https:\\\/\\\/miningspareparts.com\\\/\",\"name\":\"Crusher parts , Concrete Mixer Parts, Slurry Pump Parts, Mining Spares\",\"description\":\"Mining Wear &amp; Spare Parts Supplier\",\"publisher\":{\"@id\":\"https:\\\/\\\/miningspareparts.com\\\/#organization\"},\"potentialAction\":[{\"@type\":\"SearchAction\",\"target\":{\"@type\":\"EntryPoint\",\"urlTemplate\":\"https:\\\/\\\/miningspareparts.com\\\/?s={search_term_string}\"},\"query-input\":{\"@type\":\"PropertyValueSpecification\",\"valueRequired\":true,\"valueName\":\"search_term_string\"}}],\"inLanguage\":\"fr-FR\"},{\"@type\":\"Organization\",\"@id\":\"https:\\\/\\\/miningspareparts.com\\\/#organization\",\"name\":\"Crusher parts , Concrete Mixer Parts, Slurry Pump Parts, Mining Spares\",\"url\":\"https:\\\/\\\/miningspareparts.com\\\/\",\"logo\":{\"@type\":\"ImageObject\",\"inLanguage\":\"fr-FR\",\"@id\":\"https:\\\/\\\/miningspareparts.com\\\/#\\\/schema\\\/logo\\\/image\\\/\",\"url\":\"https:\\\/\\\/miningspareparts.com\\\/wp-content\\\/uploads\\\/2025\\\/04\\\/cropped-cropped-logo\u6b63\u65b9\u5f62.png\",\"contentUrl\":\"https:\\\/\\\/miningspareparts.com\\\/wp-content\\\/uploads\\\/2025\\\/04\\\/cropped-cropped-logo\u6b63\u65b9\u5f62.png\",\"width\":511,\"height\":171,\"caption\":\"Crusher parts , Concrete Mixer Parts, Slurry Pump Parts, Mining Spares\"},\"image\":{\"@id\":\"https:\\\/\\\/miningspareparts.com\\\/#\\\/schema\\\/logo\\\/image\\\/\"}}]}<\/script>\n<!-- \/ Yoast SEO plugin. -->","yoast_head_json":{"title":"CANICA 2000 VSI Crusher And Parts- Crusher parts, Slurry Pump Parts, Excavator shovel parts","description":"The CANICA 2000 sand making machine offers superior wear resistance and serves as an ideal choice for original replacements.","robots":{"index":"index","follow":"follow","max-snippet":"max-snippet:-1","max-image-preview":"max-image-preview:large","max-video-preview":"max-video-preview:-1"},"canonical":"https:\/\/miningspareparts.com\/fr\/produit\/canica-2000-vsi-crusher-and-parts\/","og_locale":"fr_FR","og_type":"article","og_title":"CANICA 2000 VSI Crusher And Parts- Crusher parts, Slurry Pump Parts, Excavator shovel parts","og_description":"The CANICA 2000 sand making machine offers superior wear resistance and serves as an ideal choice for original replacements.","og_url":"https:\/\/miningspareparts.com\/fr\/produit\/canica-2000-vsi-crusher-and-parts\/","og_site_name":"Crusher parts, Slurry Pump Parts, Excavator shovel parts","article_modified_time":"2024-03-19T04:52:51+00:00","og_image":[{"width":800,"height":800,"url":"https:\/\/miningspareparts.com\/wp-content\/uploads\/2024\/03\/rotor.jpg","type":"image\/jpeg"}],"twitter_card":"summary_large_image","twitter_misc":{"Dur\u00e9e de lecture estim\u00e9e":"2 minutes"},"schema":{"@context":"https:\/\/schema.org","@graph":[{"@type":"WebPage","@id":"https:\/\/miningspareparts.com\/product\/canica-2000-vsi-crusher-and-parts\/","url":"https:\/\/miningspareparts.com\/product\/canica-2000-vsi-crusher-and-parts\/","name":"CANICA 2000 VSI Crusher And Parts- Crusher parts, Slurry Pump Parts, Excavator shovel parts","isPartOf":{"@id":"https:\/\/miningspareparts.com\/#website"},"primaryImageOfPage":{"@id":"https:\/\/miningspareparts.com\/product\/canica-2000-vsi-crusher-and-parts\/#primaryimage"},"image":{"@id":"https:\/\/miningspareparts.com\/product\/canica-2000-vsi-crusher-and-parts\/#primaryimage"},"thumbnailUrl":"https:\/\/miningspareparts.com\/wp-content\/uploads\/2024\/03\/rotor.jpg","datePublished":"2024-03-19T03:12:15+00:00","dateModified":"2024-03-19T04:52:51+00:00","description":"The CANICA 2000 sand making machine offers superior wear resistance and serves as an ideal choice for original replacements.","breadcrumb":{"@id":"https:\/\/miningspareparts.com\/product\/canica-2000-vsi-crusher-and-parts\/#breadcrumb"},"inLanguage":"fr-FR","potentialAction":[{"@type":"ReadAction","target":["https:\/\/miningspareparts.com\/product\/canica-2000-vsi-crusher-and-parts\/"]}]},{"@type":"ImageObject","inLanguage":"fr-FR","@id":"https:\/\/miningspareparts.com\/product\/canica-2000-vsi-crusher-and-parts\/#primaryimage","url":"https:\/\/miningspareparts.com\/wp-content\/uploads\/2024\/03\/rotor.jpg","contentUrl":"https:\/\/miningspareparts.com\/wp-content\/uploads\/2024\/03\/rotor.jpg","width":800,"height":800},{"@type":"BreadcrumbList","@id":"https:\/\/miningspareparts.com\/product\/canica-2000-vsi-crusher-and-parts\/#breadcrumb","itemListElement":[{"@type":"ListItem","position":1,"name":"Home","item":"https:\/\/miningspareparts.com\/"},{"@type":"ListItem","position":2,"name":"Premium Mining Wear And Spare Parts","item":"https:\/\/miningspareparts.com\/shop\/"},{"@type":"ListItem","position":3,"name":"CANICA 2000 VSI Crusher And Parts"}]},{"@type":"WebSite","@id":"https:\/\/miningspareparts.com\/#website","url":"https:\/\/miningspareparts.com\/","name":"Crusher parts , Concrete Mixer Parts, Slurry Pump Parts, Mining Spares","description":"Mining Wear &amp; Spare Parts Supplier","publisher":{"@id":"https:\/\/miningspareparts.com\/#organization"},"potentialAction":[{"@type":"SearchAction","target":{"@type":"EntryPoint","urlTemplate":"https:\/\/miningspareparts.com\/?s={search_term_string}"},"query-input":{"@type":"PropertyValueSpecification","valueRequired":true,"valueName":"search_term_string"}}],"inLanguage":"fr-FR"},{"@type":"Organization","@id":"https:\/\/miningspareparts.com\/#organization","name":"Crusher parts , Concrete Mixer Parts, Slurry Pump Parts, Mining Spares","url":"https:\/\/miningspareparts.com\/","logo":{"@type":"ImageObject","inLanguage":"fr-FR","@id":"https:\/\/miningspareparts.com\/#\/schema\/logo\/image\/","url":"https:\/\/miningspareparts.com\/wp-content\/uploads\/2025\/04\/cropped-cropped-logo\u6b63\u65b9\u5f62.png","contentUrl":"https:\/\/miningspareparts.com\/wp-content\/uploads\/2025\/04\/cropped-cropped-logo\u6b63\u65b9\u5f62.png","width":511,"height":171,"caption":"Crusher parts , Concrete Mixer Parts, Slurry Pump Parts, Mining Spares"},"image":{"@id":"https:\/\/miningspareparts.com\/#\/schema\/logo\/image\/"}}]}},"uagb_featured_image_src":{"full":["https:\/\/miningspareparts.com\/wp-content\/uploads\/2024\/03\/rotor.jpg",800,800,false],"thumbnail":["https:\/\/miningspareparts.com\/wp-content\/uploads\/2024\/03\/rotor-150x150.jpg",150,150,true],"medium":["https:\/\/miningspareparts.com\/wp-content\/uploads\/2024\/03\/rotor-300x300.jpg",300,300,true],"medium_large":["https:\/\/miningspareparts.com\/wp-content\/uploads\/2024\/03\/rotor-768x768.jpg",768,768,true],"large":["https:\/\/miningspareparts.com\/wp-content\/uploads\/2024\/03\/rotor.jpg",800,800,false],"1536x1536":["https:\/\/miningspareparts.com\/wp-content\/uploads\/2024\/03\/rotor.jpg",800,800,false],"2048x2048":["https:\/\/miningspareparts.com\/wp-content\/uploads\/2024\/03\/rotor.jpg",800,800,false],"trp-custom-language-flag":["https:\/\/miningspareparts.com\/wp-content\/uploads\/2024\/03\/rotor.jpg",12,12,false],"woocommerce_thumbnail":["https:\/\/miningspareparts.com\/wp-content\/uploads\/2024\/03\/rotor-300x300.jpg",300,300,true],"woocommerce_single":["https:\/\/miningspareparts.com\/wp-content\/uploads\/2024\/03\/rotor-600x600.jpg",600,600,true],"woocommerce_gallery_thumbnail":["https:\/\/miningspareparts.com\/wp-content\/uploads\/2024\/03\/rotor-100x100.jpg",100,100,true]},"uagb_author_info":{"display_name":"Miningspareparts","author_link":"https:\/\/miningspareparts.com\/fr\/author\/"},"uagb_comment_info":0,"uagb_excerpt":"Here is a description of the CANICA 2000 VSI Crusher And Parts canica2000 Item Name Item Code QTY Weight Rotor Assembly CJ08700-340-01-2 1 560 Rotor Weldment CJ08700-340-02 1 250 Wear Plate UPR\/LO CJ04431848 10 9 Rotor Tip CJ08700-340-17 5 9 Top Wear Plate CJ08700-340-27 3 31 Wall Plate CJ08700-340-05 10 6 Distributor Plate CJ04431850 1\u2026","_links":{"self":[{"href":"https:\/\/miningspareparts.com\/fr\/wp-json\/wp\/v2\/product\/3869","targetHints":{"allow":["GET"]}}],"collection":[{"href":"https:\/\/miningspareparts.com\/fr\/wp-json\/wp\/v2\/product"}],"about":[{"href":"https:\/\/miningspareparts.com\/fr\/wp-json\/wp\/v2\/types\/product"}],"wp:featuredmedia":[{"embeddable":true,"href":"https:\/\/miningspareparts.com\/fr\/wp-json\/wp\/v2\/media\/3889"}],"wp:attachment":[{"href":"https:\/\/miningspareparts.com\/fr\/wp-json\/wp\/v2\/media?parent=3869"}],"wp:term":[{"taxonomy":"product_brand","embeddable":true,"href":"https:\/\/miningspareparts.com\/fr\/wp-json\/wp\/v2\/product_brand?post=3869"},{"taxonomy":"product_cat","embeddable":true,"href":"https:\/\/miningspareparts.com\/fr\/wp-json\/wp\/v2\/product_cat?post=3869"},{"taxonomy":"product_tag","embeddable":true,"href":"https:\/\/miningspareparts.com\/fr\/wp-json\/wp\/v2\/product_tag?post=3869"}],"curies":[{"name":"wp","href":"https:\/\/api.w.org\/{rel}","templated":true}]}}