{"id":3891,"date":"2024-03-19T04:44:22","date_gmt":"2024-03-19T04:44:22","guid":{"rendered":"https:\/\/miningspareparts.com\/?post_type=product&#038;p=3891"},"modified":"2024-03-19T04:51:51","modified_gmt":"2024-03-19T04:51:51","slug":"trio-tv95-vsi-crusher-and-parts","status":"publish","type":"product","link":"https:\/\/miningspareparts.com\/fr\/produit\/trio-tv95-vsi-crusher-and-parts\/","title":{"rendered":"Trio TV95 Concasseur VSI et pi\u00e8ces d\u00e9tach\u00e9es"},"content":{"rendered":"<p><strong>Voici une description du broyeur Trio TV95 VSI et de ses pi\u00e8ces d\u00e9tach\u00e9es.<\/strong><\/p>\n<table width=\"596\">\n<tbody>\n<tr>\n<td colspan=\"5\" width=\"596\">TV95<\/td>\n<\/tr>\n<tr>\n<td width=\"212\">Nom de l'article<\/td>\n<td colspan=\"2\" width=\"192\">Code de l'article<\/td>\n<td width=\"96\">QT\u00c9<\/td>\n<td width=\"96\">Poids<\/td>\n<\/tr>\n<tr>\n<td width=\"212\">Assemblage du rotor<\/td>\n<td colspan=\"2\" width=\"192\">TVS325.00(YL)<\/td>\n<td width=\"96\">1<\/td>\n<td width=\"96\">712<\/td>\n<\/tr>\n<tr>\n<td width=\"212\">Cadre du rotor<\/td>\n<td colspan=\"2\" width=\"192\">TVS325.1<\/td>\n<td width=\"96\">1<\/td>\n<td width=\"96\">159<\/td>\n<\/tr>\n<tr>\n<td width=\"212\">Plaque d'usure<\/td>\n<td colspan=\"2\" width=\"192\">TVS325-5<\/td>\n<td width=\"96\">10<\/td>\n<td width=\"96\">10<\/td>\n<\/tr>\n<tr>\n<td width=\"212\">Pointe en tungst\u00e8ne (Out)<\/td>\n<td colspan=\"2\" width=\"192\">TVS325.3(YL)<\/td>\n<td width=\"96\">5<\/td>\n<td width=\"96\">9<\/td>\n<\/tr>\n<tr>\n<td width=\"212\">Directeur de centre<\/td>\n<td colspan=\"2\" width=\"192\">TVS325-802<\/td>\n<td width=\"96\">1<\/td>\n<td width=\"96\">48<\/td>\n<\/tr>\n<tr>\n<td width=\"212\">Anneau de l'anneau d'alimentation<\/td>\n<td colspan=\"2\" width=\"192\">TVS325-3<\/td>\n<td width=\"96\">1<\/td>\n<td width=\"96\">37<\/td>\n<\/tr>\n<tr>\n<td width=\"212\">Usure verticale Bar Out<\/td>\n<td colspan=\"2\" width=\"192\">TV325-6<\/td>\n<td width=\"96\">5<\/td>\n<td width=\"96\">9<\/td>\n<\/tr>\n<tr>\n<td width=\"212\">Plaque de protection inf\u00e9rieure<\/td>\n<td colspan=\"2\" width=\"192\">TV325B.4<\/td>\n<td width=\"96\">1<\/td>\n<td width=\"96\">75<\/td>\n<\/tr>\n<tr>\n<td width=\"212\">Plaque de protection sup\u00e9rieure<\/td>\n<td colspan=\"2\" width=\"192\">TVR325.2<\/td>\n<td width=\"96\">1<\/td>\n<td width=\"96\">62<\/td>\n<\/tr>\n<tr>\n<td width=\"212\">Pointe du rotor<\/td>\n<td colspan=\"2\" width=\"192\">TVI356.4 2A(YL)<\/td>\n<td width=\"96\">5<\/td>\n<td width=\"96\">9<\/td>\n<\/tr>\n<tr>\n<td width=\"212\">Anneau distributeur<\/td>\n<td colspan=\"2\" width=\"192\">TVS325-801<\/td>\n<td width=\"96\">1<\/td>\n<td width=\"96\">27<\/td>\n<\/tr>\n<tr>\n<td width=\"212\">Rev\u00eatement vertical<\/td>\n<td colspan=\"2\" width=\"192\">TVS325-9<\/td>\n<td width=\"96\">5<\/td>\n<td width=\"96\">1<\/td>\n<\/tr>\n<tr>\n<td width=\"212\">Bossage du rotor<\/td>\n<td colspan=\"2\" width=\"192\">TV325-10<\/td>\n<td width=\"96\">1<\/td>\n<td width=\"96\">90<\/td>\n<\/tr>\n<tr>\n<td width=\"212\">Douille<\/td>\n<td colspan=\"2\" width=\"192\">TV325-11<\/td>\n<td width=\"96\">1<\/td>\n<td width=\"96\">12<\/td>\n<\/tr>\n<tr>\n<td width=\"212\">Plaque \u00e0 douze trous<\/td>\n<td colspan=\"2\" width=\"192\">TV325-9<\/td>\n<td width=\"96\">1<\/td>\n<td width=\"96\">7<\/td>\n<\/tr>\n<\/tbody>\n<\/table>\n<p><span style=\"font-size: 16px\">En tant que fabricant de pi\u00e8ces r\u00e9sistantes \u00e0 l'usure Trio TV95 VSI, nous sommes sp\u00e9cialis\u00e9s dans la fourniture de composants de remplacement d'origine qui offrent une qualit\u00e9, une durabilit\u00e9 et des performances in\u00e9gal\u00e9es. Notre engagement envers l'excellence garantit que nos pi\u00e8ces de rechange non seulement respectent, mais d\u00e9passent les normes \u00e9tablies par le fabricant d'\u00e9quipement d'origine (OEM).<\/span><\/p>\n<p>Les pi\u00e8ces de rechange d'origine sont con\u00e7ues pour s'int\u00e9grer parfaitement au Trio TV95 VSI, offrant un ajustement pr\u00e9cis et une fonctionnalit\u00e9 optimale. En respectant les sp\u00e9cifications et les mat\u00e9riaux d'origine, ces pi\u00e8ces garantissent la compatibilit\u00e9 et la fiabilit\u00e9, pr\u00e9servant ainsi l'efficacit\u00e9 et la long\u00e9vit\u00e9 de la machine.<\/p>\n<p>En plus des pi\u00e8ces de rechange d'origine, nous proposons des solutions de rechange qui offrent des alternatives rentables sans compromettre la qualit\u00e9. Nos pi\u00e8ces de rechange sont soumises \u00e0 des tests rigoureux pour garantir leur durabilit\u00e9 et leurs performances, offrant ainsi aux clients une option fiable et abordable pour l'entretien de leurs machines CANICA 2000 VSI.<\/p>\n<p>En outre, l'accent mis sur la durabilit\u00e9 nous distingue dans l'industrie. Nous comprenons les conditions d'exploitation difficiles auxquelles sont soumises les machines Trio TV95 VSI, et nos pi\u00e8ces r\u00e9sistantes \u00e0 l'usure sont con\u00e7ues pour relever ces d\u00e9fis. Gr\u00e2ce \u00e0 des mat\u00e9riaux et des processus de fabrication avanc\u00e9s, nous nous assurons que nos pi\u00e8ces offrent une r\u00e9sistance \u00e0 l'usure sup\u00e9rieure, r\u00e9duisant ainsi le besoin de remplacements fr\u00e9quents et minimisant les temps d'arr\u00eat.<\/p>\n<p>Notre d\u00e9vouement \u00e0 la qualit\u00e9, \u00e0 la pr\u00e9cision et \u00e0 la durabilit\u00e9 fait de nous un partenaire de confiance pour les op\u00e9rateurs et les \u00e9quipes de maintenance qui d\u00e9pendent des machines Trio TV95 VSI. Qu'il s'agisse de pi\u00e8ces de rechange d'origine, d'alternatives du march\u00e9 secondaire ou de composants durables r\u00e9sistants \u00e0 l'usure, nous fournissons des solutions qui optimisent les performances et maximisent la dur\u00e9e de vie de votre \u00e9quipement.<\/p>","protected":false},"excerpt":{"rendered":"<p>Voici une description du concasseur Trio TV95 VSI et pi\u00e8ces d\u00e9tach\u00e9es TV95 Nom de l'article Code de l'article QT\u00c9 Poids Ensemble du rotor TVS325.00(YL) 1 712 Cadre du rotor TVS325.1 1 159 Plaque d'usure TVS325-5 10 10 Pointe en tungst\u00e8ne (sortie) TVS325.3(YL) 5 9 Distributeur central TVS325-802 1 48 Anneau de l'oeil d'alimentation TVS325-3 1 37 Barre d'usure verticale sortie [...]<\/p>","protected":false},"featured_media":3906,"template":"","meta":{"_uag_custom_page_level_css":"","site-sidebar-layout":"default","site-content-layout":"","ast-site-content-layout":"default","site-content-style":"default","site-sidebar-style":"default","ast-global-header-display":"","ast-banner-title-visibility":"","ast-main-header-display":"","ast-hfb-above-header-display":"","ast-hfb-below-header-display":"","ast-hfb-mobile-header-display":"","site-post-title":"","ast-breadcrumbs-content":"","ast-featured-img":"","footer-sml-layout":"","ast-disable-related-posts":"","theme-transparent-header-meta":"default","adv-header-id-meta":"","stick-header-meta":"default","header-above-stick-meta":"","header-main-stick-meta":"","header-below-stick-meta":"","astra-migrate-meta-layouts":"set","ast-page-background-enabled":"default","ast-page-background-meta":{"desktop":{"background-color":"var(--ast-global-color-4)","background-image":"","background-repeat":"repeat","background-position":"center center","background-size":"auto","background-attachment":"scroll","background-type":"","background-media":"","overlay-type":"","overlay-color":"","overlay-opacity":"","overlay-gradient":""},"tablet":{"background-color":"","background-image":"","background-repeat":"repeat","background-position":"center center","background-size":"auto","background-attachment":"scroll","background-type":"","background-media":"","overlay-type":"","overlay-color":"","overlay-opacity":"","overlay-gradient":""},"mobile":{"background-color":"","background-image":"","background-repeat":"repeat","background-position":"center center","background-size":"auto","background-attachment":"scroll","background-type":"","background-media":"","overlay-type":"","overlay-color":"","overlay-opacity":"","overlay-gradient":""}},"ast-content-background-meta":{"desktop":{"background-color":"var(--ast-global-color-5)","background-image":"","background-repeat":"repeat","background-position":"center center","background-size":"auto","background-attachment":"scroll","background-type":"","background-media":"","overlay-type":"","overlay-color":"","overlay-opacity":"","overlay-gradient":""},"tablet":{"background-color":"var(--ast-global-color-5)","background-image":"","background-repeat":"repeat","background-position":"center center","background-size":"auto","background-attachment":"scroll","background-type":"","background-media":"","overlay-type":"","overlay-color":"","overlay-opacity":"","overlay-gradient":""},"mobile":{"background-color":"var(--ast-global-color-5)","background-image":"","background-repeat":"repeat","background-position":"center center","background-size":"auto","background-attachment":"scroll","background-type":"","background-media":"","overlay-type":"","overlay-color":"","overlay-opacity":"","overlay-gradient":""}}},"product_brand":[],"product_cat":[45,48,44],"product_tag":[],"class_list":{"0":"post-3891","1":"product","2":"type-product","3":"status-publish","4":"has-post-thumbnail","6":"product_cat-barmac","7":"product_cat-trio","8":"product_cat-vsi-liner","9":"desktop-align-left","10":"tablet-align-left","11":"mobile-align-left","12":"ast-product-gallery-layout-horizontal-slider","13":"ast-product-single-variable","14":"ast-product-tabs-layout-horizontal","16":"first","17":"instock","18":"shipping-taxable","19":"purchasable","20":"product-type-variable"},"yoast_head":"<!-- This site is optimized with the Yoast SEO plugin v27.4 - https:\/\/yoast.com\/product\/yoast-seo-wordpress\/ -->\n<title>Trio TV95 VSI Crusher And Parts- Crusher parts, Slurry Pump Parts, Excavator shovel parts<\/title>\n<meta name=\"description\" content=\"The Trio TV95 VSI sand making machine offers superior wear resistance and serves as an ideal choice for original replacements.\" \/>\n<meta name=\"robots\" content=\"index, follow, max-snippet:-1, max-image-preview:large, max-video-preview:-1\" \/>\n<link rel=\"canonical\" href=\"https:\/\/miningspareparts.com\/fr\/produit\/trio-tv95-vsi-crusher-and-parts\/\" \/>\n<meta property=\"og:locale\" content=\"fr_FR\" \/>\n<meta property=\"og:type\" content=\"article\" \/>\n<meta property=\"og:title\" content=\"Trio TV95 VSI Crusher And Parts- Crusher parts, Slurry Pump Parts, Excavator shovel parts\" \/>\n<meta property=\"og:description\" content=\"The Trio TV95 VSI sand making machine offers superior wear resistance and serves as an ideal choice for original replacements.\" \/>\n<meta property=\"og:url\" content=\"https:\/\/miningspareparts.com\/fr\/produit\/trio-tv95-vsi-crusher-and-parts\/\" \/>\n<meta property=\"og:site_name\" content=\"Crusher parts, Slurry Pump Parts, Excavator shovel parts\" \/>\n<meta property=\"article:modified_time\" content=\"2024-03-19T04:51:51+00:00\" \/>\n<meta property=\"og:image\" content=\"https:\/\/miningspareparts.com\/wp-content\/uploads\/2024\/03\/TV325-9.jpg\" \/>\n\t<meta property=\"og:image:width\" content=\"800\" \/>\n\t<meta property=\"og:image:height\" content=\"800\" \/>\n\t<meta property=\"og:image:type\" content=\"image\/jpeg\" \/>\n<meta name=\"twitter:card\" content=\"summary_large_image\" \/>\n<meta name=\"twitter:label1\" content=\"Dur\u00e9e de lecture estim\u00e9e\" \/>\n\t<meta name=\"twitter:data1\" content=\"2 minutes\" \/>\n<script type=\"application\/ld+json\" class=\"yoast-schema-graph\">{\"@context\":\"https:\\\/\\\/schema.org\",\"@graph\":[{\"@type\":\"WebPage\",\"@id\":\"https:\\\/\\\/miningspareparts.com\\\/product\\\/trio-tv95-vsi-crusher-and-parts\\\/\",\"url\":\"https:\\\/\\\/miningspareparts.com\\\/product\\\/trio-tv95-vsi-crusher-and-parts\\\/\",\"name\":\"Trio TV95 VSI Crusher And Parts- Crusher parts, Slurry Pump Parts, Excavator shovel parts\",\"isPartOf\":{\"@id\":\"https:\\\/\\\/miningspareparts.com\\\/#website\"},\"primaryImageOfPage\":{\"@id\":\"https:\\\/\\\/miningspareparts.com\\\/product\\\/trio-tv95-vsi-crusher-and-parts\\\/#primaryimage\"},\"image\":{\"@id\":\"https:\\\/\\\/miningspareparts.com\\\/product\\\/trio-tv95-vsi-crusher-and-parts\\\/#primaryimage\"},\"thumbnailUrl\":\"https:\\\/\\\/miningspareparts.com\\\/wp-content\\\/uploads\\\/2024\\\/03\\\/TV325-9.jpg\",\"datePublished\":\"2024-03-19T04:44:22+00:00\",\"dateModified\":\"2024-03-19T04:51:51+00:00\",\"description\":\"The Trio TV95 VSI sand making machine offers superior wear resistance and serves as an ideal choice for original replacements.\",\"breadcrumb\":{\"@id\":\"https:\\\/\\\/miningspareparts.com\\\/product\\\/trio-tv95-vsi-crusher-and-parts\\\/#breadcrumb\"},\"inLanguage\":\"fr-FR\",\"potentialAction\":[{\"@type\":\"ReadAction\",\"target\":[\"https:\\\/\\\/miningspareparts.com\\\/product\\\/trio-tv95-vsi-crusher-and-parts\\\/\"]}]},{\"@type\":\"ImageObject\",\"inLanguage\":\"fr-FR\",\"@id\":\"https:\\\/\\\/miningspareparts.com\\\/product\\\/trio-tv95-vsi-crusher-and-parts\\\/#primaryimage\",\"url\":\"https:\\\/\\\/miningspareparts.com\\\/wp-content\\\/uploads\\\/2024\\\/03\\\/TV325-9.jpg\",\"contentUrl\":\"https:\\\/\\\/miningspareparts.com\\\/wp-content\\\/uploads\\\/2024\\\/03\\\/TV325-9.jpg\",\"width\":800,\"height\":800},{\"@type\":\"BreadcrumbList\",\"@id\":\"https:\\\/\\\/miningspareparts.com\\\/product\\\/trio-tv95-vsi-crusher-and-parts\\\/#breadcrumb\",\"itemListElement\":[{\"@type\":\"ListItem\",\"position\":1,\"name\":\"Home\",\"item\":\"https:\\\/\\\/miningspareparts.com\\\/\"},{\"@type\":\"ListItem\",\"position\":2,\"name\":\"Premium Mining Wear And Spare Parts\",\"item\":\"https:\\\/\\\/miningspareparts.com\\\/shop\\\/\"},{\"@type\":\"ListItem\",\"position\":3,\"name\":\"Trio TV95 VSI Crusher And Parts\"}]},{\"@type\":\"WebSite\",\"@id\":\"https:\\\/\\\/miningspareparts.com\\\/#website\",\"url\":\"https:\\\/\\\/miningspareparts.com\\\/\",\"name\":\"Crusher parts , Concrete Mixer Parts, Slurry Pump Parts, Mining Spares\",\"description\":\"Mining Wear &amp; Spare Parts Supplier\",\"publisher\":{\"@id\":\"https:\\\/\\\/miningspareparts.com\\\/#organization\"},\"potentialAction\":[{\"@type\":\"SearchAction\",\"target\":{\"@type\":\"EntryPoint\",\"urlTemplate\":\"https:\\\/\\\/miningspareparts.com\\\/?s={search_term_string}\"},\"query-input\":{\"@type\":\"PropertyValueSpecification\",\"valueRequired\":true,\"valueName\":\"search_term_string\"}}],\"inLanguage\":\"fr-FR\"},{\"@type\":\"Organization\",\"@id\":\"https:\\\/\\\/miningspareparts.com\\\/#organization\",\"name\":\"Crusher parts , Concrete Mixer Parts, Slurry Pump Parts, Mining Spares\",\"url\":\"https:\\\/\\\/miningspareparts.com\\\/\",\"logo\":{\"@type\":\"ImageObject\",\"inLanguage\":\"fr-FR\",\"@id\":\"https:\\\/\\\/miningspareparts.com\\\/#\\\/schema\\\/logo\\\/image\\\/\",\"url\":\"https:\\\/\\\/miningspareparts.com\\\/wp-content\\\/uploads\\\/2025\\\/04\\\/cropped-cropped-logo\u6b63\u65b9\u5f62.png\",\"contentUrl\":\"https:\\\/\\\/miningspareparts.com\\\/wp-content\\\/uploads\\\/2025\\\/04\\\/cropped-cropped-logo\u6b63\u65b9\u5f62.png\",\"width\":511,\"height\":171,\"caption\":\"Crusher parts , Concrete Mixer Parts, Slurry Pump Parts, Mining Spares\"},\"image\":{\"@id\":\"https:\\\/\\\/miningspareparts.com\\\/#\\\/schema\\\/logo\\\/image\\\/\"}}]}<\/script>\n<!-- \/ Yoast SEO plugin. -->","yoast_head_json":{"title":"Trio TV95 VSI Crusher And Parts- Crusher parts, Slurry Pump Parts, Excavator shovel parts","description":"The Trio TV95 VSI sand making machine offers superior wear resistance and serves as an ideal choice for original replacements.","robots":{"index":"index","follow":"follow","max-snippet":"max-snippet:-1","max-image-preview":"max-image-preview:large","max-video-preview":"max-video-preview:-1"},"canonical":"https:\/\/miningspareparts.com\/fr\/produit\/trio-tv95-vsi-crusher-and-parts\/","og_locale":"fr_FR","og_type":"article","og_title":"Trio TV95 VSI Crusher And Parts- Crusher parts, Slurry Pump Parts, Excavator shovel parts","og_description":"The Trio TV95 VSI sand making machine offers superior wear resistance and serves as an ideal choice for original replacements.","og_url":"https:\/\/miningspareparts.com\/fr\/produit\/trio-tv95-vsi-crusher-and-parts\/","og_site_name":"Crusher parts, Slurry Pump Parts, Excavator shovel parts","article_modified_time":"2024-03-19T04:51:51+00:00","og_image":[{"width":800,"height":800,"url":"https:\/\/miningspareparts.com\/wp-content\/uploads\/2024\/03\/TV325-9.jpg","type":"image\/jpeg"}],"twitter_card":"summary_large_image","twitter_misc":{"Dur\u00e9e de lecture estim\u00e9e":"2 minutes"},"schema":{"@context":"https:\/\/schema.org","@graph":[{"@type":"WebPage","@id":"https:\/\/miningspareparts.com\/product\/trio-tv95-vsi-crusher-and-parts\/","url":"https:\/\/miningspareparts.com\/product\/trio-tv95-vsi-crusher-and-parts\/","name":"Trio TV95 VSI Crusher And Parts- Crusher parts, Slurry Pump Parts, Excavator shovel parts","isPartOf":{"@id":"https:\/\/miningspareparts.com\/#website"},"primaryImageOfPage":{"@id":"https:\/\/miningspareparts.com\/product\/trio-tv95-vsi-crusher-and-parts\/#primaryimage"},"image":{"@id":"https:\/\/miningspareparts.com\/product\/trio-tv95-vsi-crusher-and-parts\/#primaryimage"},"thumbnailUrl":"https:\/\/miningspareparts.com\/wp-content\/uploads\/2024\/03\/TV325-9.jpg","datePublished":"2024-03-19T04:44:22+00:00","dateModified":"2024-03-19T04:51:51+00:00","description":"The Trio TV95 VSI sand making machine offers superior wear resistance and serves as an ideal choice for original replacements.","breadcrumb":{"@id":"https:\/\/miningspareparts.com\/product\/trio-tv95-vsi-crusher-and-parts\/#breadcrumb"},"inLanguage":"fr-FR","potentialAction":[{"@type":"ReadAction","target":["https:\/\/miningspareparts.com\/product\/trio-tv95-vsi-crusher-and-parts\/"]}]},{"@type":"ImageObject","inLanguage":"fr-FR","@id":"https:\/\/miningspareparts.com\/product\/trio-tv95-vsi-crusher-and-parts\/#primaryimage","url":"https:\/\/miningspareparts.com\/wp-content\/uploads\/2024\/03\/TV325-9.jpg","contentUrl":"https:\/\/miningspareparts.com\/wp-content\/uploads\/2024\/03\/TV325-9.jpg","width":800,"height":800},{"@type":"BreadcrumbList","@id":"https:\/\/miningspareparts.com\/product\/trio-tv95-vsi-crusher-and-parts\/#breadcrumb","itemListElement":[{"@type":"ListItem","position":1,"name":"Home","item":"https:\/\/miningspareparts.com\/"},{"@type":"ListItem","position":2,"name":"Premium Mining Wear And Spare Parts","item":"https:\/\/miningspareparts.com\/shop\/"},{"@type":"ListItem","position":3,"name":"Trio TV95 VSI Crusher And Parts"}]},{"@type":"WebSite","@id":"https:\/\/miningspareparts.com\/#website","url":"https:\/\/miningspareparts.com\/","name":"Crusher parts , Concrete Mixer Parts, Slurry Pump Parts, Mining Spares","description":"Mining Wear &amp; Spare Parts Supplier","publisher":{"@id":"https:\/\/miningspareparts.com\/#organization"},"potentialAction":[{"@type":"SearchAction","target":{"@type":"EntryPoint","urlTemplate":"https:\/\/miningspareparts.com\/?s={search_term_string}"},"query-input":{"@type":"PropertyValueSpecification","valueRequired":true,"valueName":"search_term_string"}}],"inLanguage":"fr-FR"},{"@type":"Organization","@id":"https:\/\/miningspareparts.com\/#organization","name":"Crusher parts , Concrete Mixer Parts, Slurry Pump Parts, Mining Spares","url":"https:\/\/miningspareparts.com\/","logo":{"@type":"ImageObject","inLanguage":"fr-FR","@id":"https:\/\/miningspareparts.com\/#\/schema\/logo\/image\/","url":"https:\/\/miningspareparts.com\/wp-content\/uploads\/2025\/04\/cropped-cropped-logo\u6b63\u65b9\u5f62.png","contentUrl":"https:\/\/miningspareparts.com\/wp-content\/uploads\/2025\/04\/cropped-cropped-logo\u6b63\u65b9\u5f62.png","width":511,"height":171,"caption":"Crusher parts , Concrete Mixer Parts, Slurry Pump Parts, Mining Spares"},"image":{"@id":"https:\/\/miningspareparts.com\/#\/schema\/logo\/image\/"}}]}},"uagb_featured_image_src":{"full":["https:\/\/miningspareparts.com\/wp-content\/uploads\/2024\/03\/TV325-9.jpg",800,800,false],"thumbnail":["https:\/\/miningspareparts.com\/wp-content\/uploads\/2024\/03\/TV325-9-150x150.jpg",150,150,true],"medium":["https:\/\/miningspareparts.com\/wp-content\/uploads\/2024\/03\/TV325-9-300x300.jpg",300,300,true],"medium_large":["https:\/\/miningspareparts.com\/wp-content\/uploads\/2024\/03\/TV325-9-768x768.jpg",768,768,true],"large":["https:\/\/miningspareparts.com\/wp-content\/uploads\/2024\/03\/TV325-9.jpg",800,800,false],"1536x1536":["https:\/\/miningspareparts.com\/wp-content\/uploads\/2024\/03\/TV325-9.jpg",800,800,false],"2048x2048":["https:\/\/miningspareparts.com\/wp-content\/uploads\/2024\/03\/TV325-9.jpg",800,800,false],"trp-custom-language-flag":["https:\/\/miningspareparts.com\/wp-content\/uploads\/2024\/03\/TV325-9.jpg",12,12,false],"woocommerce_thumbnail":["https:\/\/miningspareparts.com\/wp-content\/uploads\/2024\/03\/TV325-9-300x300.jpg",300,300,true],"woocommerce_single":["https:\/\/miningspareparts.com\/wp-content\/uploads\/2024\/03\/TV325-9-600x600.jpg",600,600,true],"woocommerce_gallery_thumbnail":["https:\/\/miningspareparts.com\/wp-content\/uploads\/2024\/03\/TV325-9-100x100.jpg",100,100,true]},"uagb_author_info":{"display_name":"Miningspareparts","author_link":"https:\/\/miningspareparts.com\/fr\/author\/"},"uagb_comment_info":0,"uagb_excerpt":"Here is a description of the Trio TV95 VSI Crusher And Parts TV95 Item Name Item Code QTY Weight Rotor Assembly TVS325.00(YL) 1 712 Rotor Frame TVS325.1 1 159 Wear Plate TVS325-5 10 10 Tungsten Tip (Out) TVS325.3(YL) 5 9 Center Distrubutor TVS325-802 1 48 Feed Eye Ring TVS325-3 1 37 Vertical Wear Bar Out\u2026","_links":{"self":[{"href":"https:\/\/miningspareparts.com\/fr\/wp-json\/wp\/v2\/product\/3891","targetHints":{"allow":["GET"]}}],"collection":[{"href":"https:\/\/miningspareparts.com\/fr\/wp-json\/wp\/v2\/product"}],"about":[{"href":"https:\/\/miningspareparts.com\/fr\/wp-json\/wp\/v2\/types\/product"}],"wp:featuredmedia":[{"embeddable":true,"href":"https:\/\/miningspareparts.com\/fr\/wp-json\/wp\/v2\/media\/3906"}],"wp:attachment":[{"href":"https:\/\/miningspareparts.com\/fr\/wp-json\/wp\/v2\/media?parent=3891"}],"wp:term":[{"taxonomy":"product_brand","embeddable":true,"href":"https:\/\/miningspareparts.com\/fr\/wp-json\/wp\/v2\/product_brand?post=3891"},{"taxonomy":"product_cat","embeddable":true,"href":"https:\/\/miningspareparts.com\/fr\/wp-json\/wp\/v2\/product_cat?post=3891"},{"taxonomy":"product_tag","embeddable":true,"href":"https:\/\/miningspareparts.com\/fr\/wp-json\/wp\/v2\/product_tag?post=3891"}],"curies":[{"name":"wp","href":"https:\/\/api.w.org\/{rel}","templated":true}]}}