{"id":3997,"date":"2024-03-23T03:45:07","date_gmt":"2024-03-23T03:45:07","guid":{"rendered":"https:\/\/miningspareparts.com\/?post_type=product&#038;p=3997"},"modified":"2026-03-26T03:40:02","modified_gmt":"2026-03-26T03:40:02","slug":"cj411_crusher_parts","status":"publish","type":"product","link":"https:\/\/miningspareparts.com\/fr\/produit\/cj411_crusher_parts\/","title":{"rendered":"Jaw Plates corrugated suit Sanvik CJ411 Jaw Crusher"},"content":{"rendered":"<p><strong>Voici une description de la plaque de m\u00e2choire CJ411 Concasseur \u00e0 m\u00e2choires<\/strong><\/p>\n<p style=\"font-weight: 400;\">Nom de l'article : Plaques de m\u00e2choires, dents de m\u00e2choires fixes, m\u00e2choires mobiles, m\u00e2choires fixes, plaques de m\u00e2choires pivotantes,<\/p>\n<p style=\"font-weight: 400;\">M\u00e2choire fixe, m\u00e2choire mobile, plaque de joue, plaque lat\u00e9rale, face de m\u00e2choire fixe, m\u00e2choire de concasseur desserr\u00e9e<\/p>\n<p style=\"font-weight: 400;\">Mat\u00e9riau de coul\u00e9e : Acier aust\u00e9nitique au mangan\u00e8se (Mn14, M14Cr2, Mn18Cr2, Mn22Cr2)<\/p>\n<p style=\"font-weight: 400;\">M\u00e9thode de moulage : Coul\u00e9e de sable au verre d'eau<\/p>\n<p style=\"font-weight: 400;\">Mat\u00e9riau applicable : gravier, granit, basalte, minerai, calcaire, gr\u00e8s, quatz, pierre de pav\u00e9<\/p>\n<p style=\"font-weight: 400;\">Applications : Mines, carri\u00e8res, construction, ciment et mat\u00e9riaux, recyclage<\/p>\n<table width=\"1042\">\n<tbody>\n<tr>\n<td width=\"142\">Marque<\/td>\n<td width=\"210\">S\u00e9rie<\/td>\n<td width=\"690\">Mod\u00e8le de concasseur<\/td>\n<\/tr>\n<tr>\n<td rowspan=\"3\">Mettso<\/td>\n<td>Concasseur \u00e0 m\u00e2choires s\u00e9rie C<\/td>\n<td>C80, C96 ,C106, C116, C120, C130, C150, C160, C200<\/td>\n<\/tr>\n<tr>\n<td>Concasseur \u00e0 c\u00f4ne s\u00e9rie GP<\/td>\n<td>GP100, GP100S, GP200S, GP220, GP330, GP300S, GP550, GP500S,GP7<\/td>\n<\/tr>\n<tr>\n<td>Concasseur \u00e0 c\u00f4ne s\u00e9rie HP<\/td>\n<td>HP100, HP200, HP300, HP400, HP500, HP3, HP4, HP5, HP6, HP900<\/td>\n<\/tr>\n<tr>\n<td rowspan=\"3\">Sandvick<\/td>\n<td>Concasseur \u00e0 m\u00e2choires s\u00e9rie CJ<\/td>\n<td>CJ815, CJ615, CJ613, CJ612, CJ412, CJ411, CJ409, CJ211<\/td>\n<\/tr>\n<tr>\n<td>Concasseur \u00e0 c\u00f4ne s\u00e9rie CH<\/td>\n<td>CH420, CH430, CH440, CH830i, CH840i, CH660, CH860i, CH865i, CH870i, CH880, CH890i, CH895i<\/td>\n<\/tr>\n<tr>\n<td>Concasseur \u00e0 c\u00f4ne s\u00e9rie CS<\/td>\n<td>CS420, CS430, CS440, CS840i, CS660<\/td>\n<\/tr>\n<tr>\n<td rowspan=\"3\">Shanbao<\/td>\n<td>Concasseur \u00e0 m\u00e2choires s\u00e9rie PE<\/td>\n<td width=\"690\">PE150x250, PE250x400, PE400x600, PE500x750, PE600x900, PE750x1050, PE900x1200, PE100X1200, PE1200x1500, PE1500x1800.<\/td>\n<\/tr>\n<tr>\n<td>Concasseur \u00e0 m\u00e2choires s\u00e9rie PEX<\/td>\n<td>PEX250x750, PEX250x1000, PEX250x1200, PEX300x1300<\/td>\n<\/tr>\n<tr>\n<td>Concasseur \u00e0 c\u00f4ne s\u00e9rie PY<\/td>\n<td>PYB\/PYD600, PYB\/PYZ\/PYD900, PYB\/PYZ\/PYD1200, PYB\/PYZ\/PYD1750, PYB\/PYD1750<\/td>\n<\/tr>\n<tr>\n<td>Symons<\/td>\n<td>Concasseur \u00e0 c\u00f4ne s\u00e9rie FT<\/td>\n<td>2FT, 3FT, 4FT, 4-1\/4FT, 5-1\/2FT, 7FT<\/td>\n<\/tr>\n<tr>\n<td rowspan=\"3\">Terex MPS<\/td>\n<td>Concasseur \u00e0 m\u00e2choires s\u00e9rie JC\/JW\/JS<\/td>\n<td>JC2236, JC3660, JC5460, JW42, JW55, JS3750, JS4552<\/td>\n<\/tr>\n<tr>\n<td>Concasseur \u00e0 c\u00f4ne s\u00e9rie TC\/TG<\/td>\n<td>TC1000, TC1150, TC1300, TG120, TG220, TG320, TG420, TG820, TG1020<\/td>\n<\/tr>\n<tr>\n<td>Concasseur \u00e0 c\u00f4ne s\u00e9rie TGS\/MVP<\/td>\n<td>TGS120, TGS220, TGS320, TGS420, MVP380X MVP450X MVP550X,RC45III<\/td>\n<\/tr>\n<tr>\n<td rowspan=\"4\">Telsmith<\/td>\n<td>Concasseur \u00e0 m\u00e2choires s\u00e9rie H<\/td>\n<td>H2238,H2550.H3244,H3450.H4448,H5060,H3042,H3055.H3648.H3258.H3858<\/td>\n<\/tr>\n<tr>\n<td>Concasseur \u00e0 c\u00f4ne s\u00e9rie T<\/td>\n<td>T200, T300, T400, T500, T900.<\/td>\n<\/tr>\n<tr>\n<td>S\u00e9rie de c\u00f4nes Gyrasphere<\/td>\n<td>24\u2033, 36\u2033Std, 36FC, 38H, 44\u2033, 48S\", 48FC<\/td>\n<\/tr>\n<tr>\n<td>Concasseur \u00e0 c\u00f4ne s\u00e9rie SBS\/SBX<\/td>\n<td>SBS38, SBS44, SBS52, SBS57, SBS68, SBX44, SBX52, SBX57<\/td>\n<\/tr>\n<tr>\n<td rowspan=\"2\">Astec<\/td>\n<td>S\u00e9rie de m\u00e2choires standard Pioneer<\/td>\n<td width=\"690\">10&#215;16, 10&#215;20, 10&#215;24, 15&#215;24, 10&#215;30, 18&#215;30, 8&#215;36, 9&#215;36, 10&#215;36, 13&#215;36, 15&#215;36, 18&#215;36, 20&#215;36, 24&#215;36, 26&#215;40, 30&#215;42,<br \/>\n36&#215;42, 31&#215;44, 35&#215;46, 10&#215;47, 21&#215;48, 42&#215;48, 24&#215;49, 33&#215;50, 28&#215;54, 30&#215;55<\/td>\n<\/tr>\n<tr>\n<td width=\"210\">S\u00e9rie de m\u00e2choires Astec KPI-JCI<\/td>\n<td width=\"690\">2742, 2650, 3055, 3365, 4448IG, 5060IG, 2238H, 3244H, 3450H<\/td>\n<\/tr>\n<tr>\n<td colspan=\"3\">Autres marques et dessins personnalis\u00e9s, veuillez nous contacter pour promote@miningspareparts.com<\/td>\n<\/tr>\n<\/tbody>\n<\/table>\n<p>La plaque de m\u00e2choire Terex XA400 est un composant vital du mod\u00e8le Terex XA400, jouant un r\u00f4le essentiel dans ses performances et sa fiabilit\u00e9 exceptionnelles.<br \/>\nCon\u00e7ue dans un souci de pr\u00e9cision et de durabilit\u00e9, cette plaque \u00e0 m\u00e2choires assure l'efficacit\u00e9 des op\u00e9rations de concassage et contribue \u00e0 la robustesse globale du concasseur \u00e0 m\u00e2choires Terex XA400.<br \/>\nLe mod\u00e8le lui-m\u00eame est r\u00e9put\u00e9 pour ses applications polyvalentes, allant de l'exploitation de carri\u00e8res au recyclage, ce qui en fait un choix id\u00e9al pour r\u00e9pondre \u00e0 divers besoins en mati\u00e8re de concassage. Le Terex JW40 est dot\u00e9 de caract\u00e9ristiques conviviales et d'une conception puissante, offrant aux op\u00e9rateurs une facilit\u00e9 d'utilisation et une production efficace.<br \/>\nDe plus, les pi\u00e8ces d'usure de ce mod\u00e8le sont con\u00e7ues pour durer et \u00eatre facilement remplac\u00e9es, ce qui minimise les temps d'arr\u00eat et assure un fonctionnement continu et fiable du Terex XA400. Avec sa plaque de m\u00e2choire de haute qualit\u00e9 et sa conception impressionnante, le Terex XA400 est une solution de premier ordre pour les applications de concassage dans diverses industries.<\/p>\n<h5>Pourquoi nous choisir\uff1f<\/h5>\n<p>1.100% Garantie d'adaptation : Nous garantissons que nos pi\u00e8ces 100% conviennent \u00e0 votre machine. Si ce n'est pas le cas, nous vous rembourserons.<\/p>\n<p>2. l'assurance qualit\u00e9 : Nous garantissons que nos pi\u00e8ces sont fournies pour remplacer les pi\u00e8ces neuves si elles pr\u00e9sentent de graves probl\u00e8mes de qualit\u00e9, de fissure ou d'usure inhabituelle.<\/p>\n<p>3. large couverture : Nous disposons d'une large couverture de dessins et de mod\u00e8les 80% des mod\u00e8les de concasseurs les plus populaires disponibles sur le march\u00e9. Les \u00e2ges des concasseurs peuvent \u00eatre suivis avant 1950.<\/p>\n<p>4. disponibilit\u00e9 des stocks : Nous gardons les pi\u00e8ces VSI et les concasseurs communs en stock, ce qui nous permet d'assurer une livraison rapide.<\/p>\n<p>5) Flexibilit\u00e9 : Nous sommes assez flexibles pour fournir divers termes de paiement pour la commodit\u00e9 de nos clients de diff\u00e9rentes r\u00e9gions, tels que T\/T, L\/C, DP, Western Union , Udial as etc. et nous pouvons faire l'exp\u00e9dition CIF LCL, FCL, Airfreight, Door to door service .Pour la livraison FOB les articles \u00e0 l'entrep\u00f4t en Chine et peut \u00eatre livr\u00e9 \u00e0 Guangzhou et Yiwu.<\/p>\n<p>6. sur mesure : Nous pouvons r\u00e9aliser des moulages personnalis\u00e9s selon les dessins du client et la composition des mat\u00e9riaux.<\/p>\n<p>7. services : inspection, rapport d'essai des propri\u00e9t\u00e9s, rapport sur les dimensions et r\u00e9tro-ing\u00e9nierie selon les \u00e9chantillons du client.<\/p>","protected":false},"excerpt":{"rendered":"<p style=\"font-weight: 400;\">Nom de l'article : Plaques de m\u00e2choires, dents de m\u00e2choires fixes, m\u00e2choires mobiles, m\u00e2choires fixes, plaques de m\u00e2choires pivotantes,<\/p>\n<p style=\"font-weight: 400;\">M\u00e2choire fixe, m\u00e2choire mobile, plaque de joue, plaque lat\u00e9rale, face de m\u00e2choire fixe, m\u00e2choire de concasseur desserr\u00e9e<\/p>\n<p>Model: Svedala JM1108 Jaw<\/p>\n<p><strong>Code de l'article :<\/strong>400.0409-002<\/p>\n<p><strong>Poids :<\/strong> 1,373kgs<\/p>\n<p><strong>Code de l'article :<\/strong>400.0410-002<\/p>\n<p><strong>Poids :<\/strong> 1,369kgs<\/p>\n<p><strong>Code de l'article :<\/strong>10-314-262-000<\/p>\n<p><strong>Poids :<\/strong> 226kgs<\/p>\n<p><strong>Code de l'article :<\/strong>10-314-263-000<\/p>\n<p><strong>Poids :<\/strong>195kgs<\/p>\n<p style=\"font-weight: 400;\">Casting Material: Austenstic Manganese Steel ( M14Cr2, Mn18Cr2, Mn22Cr2)<\/p>\n<p style=\"font-weight: 400;\">M\u00e9thode de moulage : Coul\u00e9e de sable au verre d'eau<\/p>\n<p style=\"font-weight: 400;\">Mat\u00e9riau applicable : gravier, granit, basalte, minerai, calcaire, gr\u00e8s, quatz, pierre de pav\u00e9<\/p>\n<p style=\"font-weight: 400;\">Applications : Mines, carri\u00e8res, construction, ciment et mat\u00e9riaux, recyclage<\/p>","protected":false},"featured_media":11203,"template":"","meta":{"_uag_custom_page_level_css":"","site-sidebar-layout":"default","site-content-layout":"","ast-site-content-layout":"default","site-content-style":"default","site-sidebar-style":"default","ast-global-header-display":"","ast-banner-title-visibility":"","ast-main-header-display":"","ast-hfb-above-header-display":"","ast-hfb-below-header-display":"","ast-hfb-mobile-header-display":"","site-post-title":"","ast-breadcrumbs-content":"","ast-featured-img":"","footer-sml-layout":"","ast-disable-related-posts":"","theme-transparent-header-meta":"default","adv-header-id-meta":"","stick-header-meta":"default","header-above-stick-meta":"","header-main-stick-meta":"","header-below-stick-meta":"","astra-migrate-meta-layouts":"set","ast-page-background-enabled":"default","ast-page-background-meta":{"desktop":{"background-color":"var(--ast-global-color-4)","background-image":"","background-repeat":"repeat","background-position":"center center","background-size":"auto","background-attachment":"scroll","background-type":"","background-media":"","overlay-type":"","overlay-color":"","overlay-opacity":"","overlay-gradient":""},"tablet":{"background-color":"","background-image":"","background-repeat":"repeat","background-position":"center center","background-size":"auto","background-attachment":"scroll","background-type":"","background-media":"","overlay-type":"","overlay-color":"","overlay-opacity":"","overlay-gradient":""},"mobile":{"background-color":"","background-image":"","background-repeat":"repeat","background-position":"center center","background-size":"auto","background-attachment":"scroll","background-type":"","background-media":"","overlay-type":"","overlay-color":"","overlay-opacity":"","overlay-gradient":""}},"ast-content-background-meta":{"desktop":{"background-color":"var(--ast-global-color-5)","background-image":"","background-repeat":"repeat","background-position":"center center","background-size":"auto","background-attachment":"scroll","background-type":"","background-media":"","overlay-type":"","overlay-color":"","overlay-opacity":"","overlay-gradient":""},"tablet":{"background-color":"var(--ast-global-color-5)","background-image":"","background-repeat":"repeat","background-position":"center center","background-size":"auto","background-attachment":"scroll","background-type":"","background-media":"","overlay-type":"","overlay-color":"","overlay-opacity":"","overlay-gradient":""},"mobile":{"background-color":"var(--ast-global-color-5)","background-image":"","background-repeat":"repeat","background-position":"center center","background-size":"auto","background-attachment":"scroll","background-type":"","background-media":"","overlay-type":"","overlay-color":"","overlay-opacity":"","overlay-gradient":""}}},"product_brand":[],"product_cat":[284,100,33,32,57,87,184],"product_tag":[],"class_list":{"0":"post-3997","1":"product","2":"type-product","3":"status-publish","4":"has-post-thumbnail","6":"product_cat-by-brands","7":"product_cat-crusher-liner","8":"product_cat-jaw-die-plate","9":"product_cat-jaw-liner","10":"product_cat-crusher-spares","11":"product_cat-engineering-parts","12":"product_cat-sandvick","13":"desktop-align-left","14":"tablet-align-left","15":"mobile-align-left","16":"ast-product-gallery-layout-horizontal-slider","17":"ast-product-single-variable","18":"ast-product-tabs-layout-horizontal","20":"first","21":"instock","22":"shipping-taxable","23":"purchasable","24":"product-type-variable"},"yoast_head":"<!-- This site is optimized with the Yoast SEO plugin v27.4 - https:\/\/yoast.com\/product\/yoast-seo-wordpress\/ -->\n<title>CJ411 Jaw plate Jaw Crusher wear parts\u00a0 - Crusher parts, Slurry Pump Parts, Excavator shovel parts<\/title>\n<meta name=\"description\" content=\"CJ411 Jaw Plate, aftermarket choice with Mn18cr2 material for superior wear resistance and prolonged performance.wear parts\u00a0\" \/>\n<meta name=\"robots\" content=\"index, follow, max-snippet:-1, max-image-preview:large, max-video-preview:-1\" \/>\n<link rel=\"canonical\" href=\"https:\/\/miningspareparts.com\/fr\/produit\/cj411_crusher_parts\/\" \/>\n<meta property=\"og:locale\" content=\"fr_FR\" \/>\n<meta property=\"og:type\" content=\"article\" \/>\n<meta property=\"og:title\" content=\"CJ411 Jaw plate Jaw Crusher wear parts\u00a0 - Crusher parts, Slurry Pump Parts, Excavator shovel parts\" \/>\n<meta property=\"og:description\" content=\"CJ411 Jaw Plate, aftermarket choice with Mn18cr2 material for superior wear resistance and prolonged performance.wear parts\u00a0\" \/>\n<meta property=\"og:url\" content=\"https:\/\/miningspareparts.com\/fr\/produit\/cj411_crusher_parts\/\" \/>\n<meta property=\"og:site_name\" content=\"Crusher parts, Slurry Pump Parts, Excavator shovel parts\" \/>\n<meta property=\"article:modified_time\" content=\"2026-03-26T03:40:02+00:00\" \/>\n<meta property=\"og:image\" content=\"https:\/\/miningspareparts.com\/wp-content\/uploads\/2024\/03\/CJ411-Jaw-plate-Jaw-Crusher.webp\" \/>\n\t<meta property=\"og:image:width\" content=\"800\" \/>\n\t<meta property=\"og:image:height\" content=\"800\" \/>\n\t<meta property=\"og:image:type\" content=\"image\/webp\" \/>\n<meta name=\"twitter:card\" content=\"summary_large_image\" \/>\n<meta name=\"twitter:label1\" content=\"Dur\u00e9e de lecture estim\u00e9e\" \/>\n\t<meta name=\"twitter:data1\" content=\"4 minutes\" \/>\n<script type=\"application\/ld+json\" class=\"yoast-schema-graph\">{\"@context\":\"https:\\\/\\\/schema.org\",\"@graph\":[{\"@type\":\"WebPage\",\"@id\":\"https:\\\/\\\/miningspareparts.com\\\/product\\\/cj411_crusher_parts\\\/\",\"url\":\"https:\\\/\\\/miningspareparts.com\\\/product\\\/cj411_crusher_parts\\\/\",\"name\":\"CJ411 Jaw plate Jaw Crusher wear parts\u00a0 - Crusher parts, Slurry Pump Parts, Excavator shovel parts\",\"isPartOf\":{\"@id\":\"https:\\\/\\\/miningspareparts.com\\\/#website\"},\"primaryImageOfPage\":{\"@id\":\"https:\\\/\\\/miningspareparts.com\\\/product\\\/cj411_crusher_parts\\\/#primaryimage\"},\"image\":{\"@id\":\"https:\\\/\\\/miningspareparts.com\\\/product\\\/cj411_crusher_parts\\\/#primaryimage\"},\"thumbnailUrl\":\"https:\\\/\\\/miningspareparts.com\\\/wp-content\\\/uploads\\\/2024\\\/03\\\/CJ411-Jaw-plate-Jaw-Crusher.webp\",\"datePublished\":\"2024-03-23T03:45:07+00:00\",\"dateModified\":\"2026-03-26T03:40:02+00:00\",\"description\":\"CJ411 Jaw Plate, aftermarket choice with Mn18cr2 material for superior wear resistance and prolonged performance.wear parts\u00a0\",\"breadcrumb\":{\"@id\":\"https:\\\/\\\/miningspareparts.com\\\/product\\\/cj411_crusher_parts\\\/#breadcrumb\"},\"inLanguage\":\"fr-FR\",\"potentialAction\":[{\"@type\":\"ReadAction\",\"target\":[\"https:\\\/\\\/miningspareparts.com\\\/product\\\/cj411_crusher_parts\\\/\"]}]},{\"@type\":\"ImageObject\",\"inLanguage\":\"fr-FR\",\"@id\":\"https:\\\/\\\/miningspareparts.com\\\/product\\\/cj411_crusher_parts\\\/#primaryimage\",\"url\":\"https:\\\/\\\/miningspareparts.com\\\/wp-content\\\/uploads\\\/2024\\\/03\\\/CJ411-Jaw-plate-Jaw-Crusher.webp\",\"contentUrl\":\"https:\\\/\\\/miningspareparts.com\\\/wp-content\\\/uploads\\\/2024\\\/03\\\/CJ411-Jaw-plate-Jaw-Crusher.webp\",\"width\":800,\"height\":800,\"caption\":\"CJ411 Jaw plate Jaw Crusher\"},{\"@type\":\"BreadcrumbList\",\"@id\":\"https:\\\/\\\/miningspareparts.com\\\/product\\\/cj411_crusher_parts\\\/#breadcrumb\",\"itemListElement\":[{\"@type\":\"ListItem\",\"position\":1,\"name\":\"Home\",\"item\":\"https:\\\/\\\/miningspareparts.com\\\/\"},{\"@type\":\"ListItem\",\"position\":2,\"name\":\"Premium Mining Wear And Spare Parts\",\"item\":\"https:\\\/\\\/miningspareparts.com\\\/shop\\\/\"},{\"@type\":\"ListItem\",\"position\":3,\"name\":\"Jaw Plates corrugated suit Sanvik CJ411 Jaw Crusher\"}]},{\"@type\":\"WebSite\",\"@id\":\"https:\\\/\\\/miningspareparts.com\\\/#website\",\"url\":\"https:\\\/\\\/miningspareparts.com\\\/\",\"name\":\"Crusher parts , Concrete Mixer Parts, Slurry Pump Parts, Mining Spares\",\"description\":\"Mining Wear &amp; Spare Parts Supplier\",\"publisher\":{\"@id\":\"https:\\\/\\\/miningspareparts.com\\\/#organization\"},\"potentialAction\":[{\"@type\":\"SearchAction\",\"target\":{\"@type\":\"EntryPoint\",\"urlTemplate\":\"https:\\\/\\\/miningspareparts.com\\\/?s={search_term_string}\"},\"query-input\":{\"@type\":\"PropertyValueSpecification\",\"valueRequired\":true,\"valueName\":\"search_term_string\"}}],\"inLanguage\":\"fr-FR\"},{\"@type\":\"Organization\",\"@id\":\"https:\\\/\\\/miningspareparts.com\\\/#organization\",\"name\":\"Crusher parts , Concrete Mixer Parts, Slurry Pump Parts, Mining Spares\",\"url\":\"https:\\\/\\\/miningspareparts.com\\\/\",\"logo\":{\"@type\":\"ImageObject\",\"inLanguage\":\"fr-FR\",\"@id\":\"https:\\\/\\\/miningspareparts.com\\\/#\\\/schema\\\/logo\\\/image\\\/\",\"url\":\"https:\\\/\\\/miningspareparts.com\\\/wp-content\\\/uploads\\\/2025\\\/04\\\/cropped-cropped-logo\u6b63\u65b9\u5f62.png\",\"contentUrl\":\"https:\\\/\\\/miningspareparts.com\\\/wp-content\\\/uploads\\\/2025\\\/04\\\/cropped-cropped-logo\u6b63\u65b9\u5f62.png\",\"width\":511,\"height\":171,\"caption\":\"Crusher parts , Concrete Mixer Parts, Slurry Pump Parts, Mining Spares\"},\"image\":{\"@id\":\"https:\\\/\\\/miningspareparts.com\\\/#\\\/schema\\\/logo\\\/image\\\/\"}}]}<\/script>\n<!-- \/ Yoast SEO plugin. -->","yoast_head_json":{"title":"CJ411 Jaw plate Jaw Crusher wear parts\u00a0 - Crusher parts, Slurry Pump Parts, Excavator shovel parts","description":"CJ411 Jaw Plate, aftermarket choice with Mn18cr2 material for superior wear resistance and prolonged performance.wear parts\u00a0","robots":{"index":"index","follow":"follow","max-snippet":"max-snippet:-1","max-image-preview":"max-image-preview:large","max-video-preview":"max-video-preview:-1"},"canonical":"https:\/\/miningspareparts.com\/fr\/produit\/cj411_crusher_parts\/","og_locale":"fr_FR","og_type":"article","og_title":"CJ411 Jaw plate Jaw Crusher wear parts\u00a0 - Crusher parts, Slurry Pump Parts, Excavator shovel parts","og_description":"CJ411 Jaw Plate, aftermarket choice with Mn18cr2 material for superior wear resistance and prolonged performance.wear parts\u00a0","og_url":"https:\/\/miningspareparts.com\/fr\/produit\/cj411_crusher_parts\/","og_site_name":"Crusher parts, Slurry Pump Parts, Excavator shovel parts","article_modified_time":"2026-03-26T03:40:02+00:00","og_image":[{"width":800,"height":800,"url":"https:\/\/miningspareparts.com\/wp-content\/uploads\/2024\/03\/CJ411-Jaw-plate-Jaw-Crusher.webp","type":"image\/webp"}],"twitter_card":"summary_large_image","twitter_misc":{"Dur\u00e9e de lecture estim\u00e9e":"4 minutes"},"schema":{"@context":"https:\/\/schema.org","@graph":[{"@type":"WebPage","@id":"https:\/\/miningspareparts.com\/product\/cj411_crusher_parts\/","url":"https:\/\/miningspareparts.com\/product\/cj411_crusher_parts\/","name":"CJ411 Jaw plate Jaw Crusher wear parts\u00a0 - Crusher parts, Slurry Pump Parts, Excavator shovel parts","isPartOf":{"@id":"https:\/\/miningspareparts.com\/#website"},"primaryImageOfPage":{"@id":"https:\/\/miningspareparts.com\/product\/cj411_crusher_parts\/#primaryimage"},"image":{"@id":"https:\/\/miningspareparts.com\/product\/cj411_crusher_parts\/#primaryimage"},"thumbnailUrl":"https:\/\/miningspareparts.com\/wp-content\/uploads\/2024\/03\/CJ411-Jaw-plate-Jaw-Crusher.webp","datePublished":"2024-03-23T03:45:07+00:00","dateModified":"2026-03-26T03:40:02+00:00","description":"CJ411 Jaw Plate, aftermarket choice with Mn18cr2 material for superior wear resistance and prolonged performance.wear parts\u00a0","breadcrumb":{"@id":"https:\/\/miningspareparts.com\/product\/cj411_crusher_parts\/#breadcrumb"},"inLanguage":"fr-FR","potentialAction":[{"@type":"ReadAction","target":["https:\/\/miningspareparts.com\/product\/cj411_crusher_parts\/"]}]},{"@type":"ImageObject","inLanguage":"fr-FR","@id":"https:\/\/miningspareparts.com\/product\/cj411_crusher_parts\/#primaryimage","url":"https:\/\/miningspareparts.com\/wp-content\/uploads\/2024\/03\/CJ411-Jaw-plate-Jaw-Crusher.webp","contentUrl":"https:\/\/miningspareparts.com\/wp-content\/uploads\/2024\/03\/CJ411-Jaw-plate-Jaw-Crusher.webp","width":800,"height":800,"caption":"CJ411 Jaw plate Jaw Crusher"},{"@type":"BreadcrumbList","@id":"https:\/\/miningspareparts.com\/product\/cj411_crusher_parts\/#breadcrumb","itemListElement":[{"@type":"ListItem","position":1,"name":"Home","item":"https:\/\/miningspareparts.com\/"},{"@type":"ListItem","position":2,"name":"Premium Mining Wear And Spare Parts","item":"https:\/\/miningspareparts.com\/shop\/"},{"@type":"ListItem","position":3,"name":"Jaw Plates corrugated suit Sanvik CJ411 Jaw Crusher"}]},{"@type":"WebSite","@id":"https:\/\/miningspareparts.com\/#website","url":"https:\/\/miningspareparts.com\/","name":"Crusher parts , Concrete Mixer Parts, Slurry Pump Parts, Mining Spares","description":"Mining Wear &amp; Spare Parts Supplier","publisher":{"@id":"https:\/\/miningspareparts.com\/#organization"},"potentialAction":[{"@type":"SearchAction","target":{"@type":"EntryPoint","urlTemplate":"https:\/\/miningspareparts.com\/?s={search_term_string}"},"query-input":{"@type":"PropertyValueSpecification","valueRequired":true,"valueName":"search_term_string"}}],"inLanguage":"fr-FR"},{"@type":"Organization","@id":"https:\/\/miningspareparts.com\/#organization","name":"Crusher parts , Concrete Mixer Parts, Slurry Pump Parts, Mining Spares","url":"https:\/\/miningspareparts.com\/","logo":{"@type":"ImageObject","inLanguage":"fr-FR","@id":"https:\/\/miningspareparts.com\/#\/schema\/logo\/image\/","url":"https:\/\/miningspareparts.com\/wp-content\/uploads\/2025\/04\/cropped-cropped-logo\u6b63\u65b9\u5f62.png","contentUrl":"https:\/\/miningspareparts.com\/wp-content\/uploads\/2025\/04\/cropped-cropped-logo\u6b63\u65b9\u5f62.png","width":511,"height":171,"caption":"Crusher parts , Concrete Mixer Parts, Slurry Pump Parts, Mining Spares"},"image":{"@id":"https:\/\/miningspareparts.com\/#\/schema\/logo\/image\/"}}]}},"uagb_featured_image_src":{"full":["https:\/\/miningspareparts.com\/wp-content\/uploads\/2024\/03\/CJ411-Jaw-plate-Jaw-Crusher.webp",800,800,false],"thumbnail":["https:\/\/miningspareparts.com\/wp-content\/uploads\/2024\/03\/CJ411-Jaw-plate-Jaw-Crusher-150x150.webp",150,150,true],"medium":["https:\/\/miningspareparts.com\/wp-content\/uploads\/2024\/03\/CJ411-Jaw-plate-Jaw-Crusher-300x300.webp",300,300,true],"medium_large":["https:\/\/miningspareparts.com\/wp-content\/uploads\/2024\/03\/CJ411-Jaw-plate-Jaw-Crusher-768x768.webp",768,768,true],"large":["https:\/\/miningspareparts.com\/wp-content\/uploads\/2024\/03\/CJ411-Jaw-plate-Jaw-Crusher.webp",800,800,false],"1536x1536":["https:\/\/miningspareparts.com\/wp-content\/uploads\/2024\/03\/CJ411-Jaw-plate-Jaw-Crusher.webp",800,800,false],"2048x2048":["https:\/\/miningspareparts.com\/wp-content\/uploads\/2024\/03\/CJ411-Jaw-plate-Jaw-Crusher.webp",800,800,false],"trp-custom-language-flag":["https:\/\/miningspareparts.com\/wp-content\/uploads\/2024\/03\/CJ411-Jaw-plate-Jaw-Crusher-12x12.webp",12,12,true],"woocommerce_thumbnail":["https:\/\/miningspareparts.com\/wp-content\/uploads\/2024\/03\/CJ411-Jaw-plate-Jaw-Crusher-300x300.webp",300,300,true],"woocommerce_single":["https:\/\/miningspareparts.com\/wp-content\/uploads\/2024\/03\/CJ411-Jaw-plate-Jaw-Crusher-600x600.webp",600,600,true],"woocommerce_gallery_thumbnail":["https:\/\/miningspareparts.com\/wp-content\/uploads\/2024\/03\/CJ411-Jaw-plate-Jaw-Crusher-100x100.webp",100,100,true]},"uagb_author_info":{"display_name":"Miningspareparts","author_link":"https:\/\/miningspareparts.com\/fr\/author\/"},"uagb_comment_info":0,"uagb_excerpt":"Item Names:\u00a0Jaw Plates,Stationary\u00a0Jaw Tooth,\u00a0Movable\u00a0Jaw Die\u00a0Fixed Jaw, Swing Jaw Plate, Jaw Fixed, Jaw Moveable ,Cheek Plate\u00a0,Side Plate,Jawface Fixed, Crusher Jaw Loose Model: Svedala JM1108 Jaw Item code:400.0409-002 Weights: 1,373kgs Item code:400.0410-002 Weights: 1,369kgs Item code:10-314-262-000 Weights: 226kgs Item code:10-314-263-000 Weights:195kgs Casting Material: Austenstic Manganese Steel ( M14Cr2, Mn18Cr2, Mn22Cr2) Casting Method: Water Glass Sand Casting Applicable\u2026","_links":{"self":[{"href":"https:\/\/miningspareparts.com\/fr\/wp-json\/wp\/v2\/product\/3997","targetHints":{"allow":["GET"]}}],"collection":[{"href":"https:\/\/miningspareparts.com\/fr\/wp-json\/wp\/v2\/product"}],"about":[{"href":"https:\/\/miningspareparts.com\/fr\/wp-json\/wp\/v2\/types\/product"}],"wp:featuredmedia":[{"embeddable":true,"href":"https:\/\/miningspareparts.com\/fr\/wp-json\/wp\/v2\/media\/11203"}],"wp:attachment":[{"href":"https:\/\/miningspareparts.com\/fr\/wp-json\/wp\/v2\/media?parent=3997"}],"wp:term":[{"taxonomy":"product_brand","embeddable":true,"href":"https:\/\/miningspareparts.com\/fr\/wp-json\/wp\/v2\/product_brand?post=3997"},{"taxonomy":"product_cat","embeddable":true,"href":"https:\/\/miningspareparts.com\/fr\/wp-json\/wp\/v2\/product_cat?post=3997"},{"taxonomy":"product_tag","embeddable":true,"href":"https:\/\/miningspareparts.com\/fr\/wp-json\/wp\/v2\/product_tag?post=3997"}],"curies":[{"name":"wp","href":"https:\/\/api.w.org\/{rel}","templated":true}]}}