{"id":726,"date":"2023-11-30T01:46:28","date_gmt":"2023-11-30T01:46:28","guid":{"rendered":"https:\/\/miningspareparts.com\/?post_type=product&#038;p=726"},"modified":"2026-03-23T06:42:24","modified_gmt":"2026-03-23T06:42:24","slug":"c125-jaw-crusher","status":"publish","type":"product","link":"https:\/\/miningspareparts.com\/fr\/produit\/c125-jaw-crusher\/","title":{"rendered":"N11954353 Movable Jaw Quarry Long  2344KGS and N11954343 Fixed Jaw Quarry Long 2520kgs for C125 Jaw Crusher Jaw plate"},"content":{"rendered":"<p><strong>Voici une description de la plaque de m\u00e2choire du concasseur de m\u00e2choires C125\u00a0<\/strong><\/p>\n<p style=\"font-weight: 400;\"><strong>M\u00e2choire de la s\u00e9rie C Longue port\u00e9e\u00a0<\/strong><strong>:\u00a0<\/strong>C110 |C120 |C130 |C140 |C150<\/p>\n<table style=\"font-weight: 400;\">\n<tbody>\n<tr>\n<td width=\"157\"><strong>Code du tem<\/strong><\/td>\n<td width=\"280\"><strong>Nom de l'article<\/strong><\/td>\n<td width=\"103\"><strong>Mod\u00e8le<\/strong><\/td>\n<td width=\"142\"><strong>Description<\/strong><\/td>\n<td width=\"86\"><strong>Poids (kg)<\/strong><\/td>\n<\/tr>\n<tr>\n<td>MM0585542<\/td>\n<td>Plaque de m\u00e2choire fixe, carri\u00e8re<\/td>\n<td>C120<\/td>\n<td>Mors de rechange<\/td>\n<td>2347<\/td>\n<\/tr>\n<tr>\n<td>MM0586425<\/td>\n<td>Plaque de m\u00e2choire pivotante, carri\u00e8re<\/td>\n<td>C120<\/td>\n<td>Mors de rechange<\/td>\n<td>2066<\/td>\n<\/tr>\n<tr>\n<td>MM0513140<\/td>\n<td>Plaque \u00e0 m\u00e2choire fixe, Super Grip 1\/2-2pcs<\/td>\n<td>C120<\/td>\n<td>Mors de rechange<\/td>\n<td><\/td>\n<\/tr>\n<tr>\n<td>MM0516731<\/td>\n<td>Plaque de m\u00e2choire pivotante, Super Grip 1\/2-2pcs<\/td>\n<td>C120<\/td>\n<td>Mors de rechange<\/td>\n<td><\/td>\n<\/tr>\n<tr>\n<td>MM0518605<\/td>\n<td>Plaque de m\u00e2choire fixe, carri\u00e8re 1\/2-2pcs<\/td>\n<td>C120<\/td>\n<td>Mors de rechange<\/td>\n<td>1039<\/td>\n<\/tr>\n<tr>\n<td>MM0589530<\/td>\n<td>Plaque de m\u00e2choire pivotante, carri\u00e8re 1\/2-2pcs<\/td>\n<td>C120<\/td>\n<td>Mors de rechange<\/td>\n<td>925<\/td>\n<\/tr>\n<tr>\n<td>MM0512835<\/td>\n<td>Plaque de m\u00e2choire pivotante, carri\u00e8re 1\/2-2pcs<\/td>\n<td>C120<\/td>\n<td>Mors de rechange<\/td>\n<td>914<\/td>\n<\/tr>\n<tr>\n<td>MM0521201<\/td>\n<td>Plaque de m\u00e2choire fixe, carri\u00e8re<\/td>\n<td>C120<\/td>\n<td>Mors de rechange<\/td>\n<td>2112<\/td>\n<\/tr>\n<tr>\n<td>MM0521203<\/td>\n<td>Plaque de m\u00e2choire pivotante, carri\u00e8re<\/td>\n<td>C120<\/td>\n<td>Mors de rechange<\/td>\n<td>1875<\/td>\n<\/tr>\n<tr>\n<td>MM0522422<\/td>\n<td>Plaque \u00e0 m\u00e2choires fixes, Super Grip<\/td>\n<td>C120<\/td>\n<td>Mors de rechange<\/td>\n<td><\/td>\n<\/tr>\n<tr>\n<td>MM0522425<\/td>\n<td>Plaque de m\u00e2choire pivotante, Super Grip<\/td>\n<td>C120<\/td>\n<td>Mors de rechange<\/td>\n<td><\/td>\n<\/tr>\n<tr>\n<td>MM0588282<\/td>\n<td>Plaque de m\u00e2choire pivotante, Super Grip<\/td>\n<td>C120<\/td>\n<td>Mors de rechange<\/td>\n<td><\/td>\n<\/tr>\n<tr>\n<td>MM0589430<\/td>\n<td>Plaque de m\u00e2choire pivotante, Super Grip 1\/2-2pcs<\/td>\n<td>C120<\/td>\n<td>Mors de rechange<\/td>\n<td>832<\/td>\n<\/tr>\n<tr>\n<td>MM0514485<\/td>\n<td>Plaque de joue, sup\u00e9rieure<\/td>\n<td>C120<\/td>\n<td>Mors de rechange<\/td>\n<td><\/td>\n<\/tr>\n<tr>\n<td>901528<\/td>\n<td>Plaque de joue, inf\u00e9rieure<\/td>\n<td>C120<\/td>\n<td>Mors de rechange<\/td>\n<td><\/td>\n<\/tr>\n<tr>\n<td>MM0548592<\/td>\n<td>Plaque de joue, une pi\u00e8ce<\/td>\n<td>C120<\/td>\n<td>Mors de rechange<\/td>\n<td><\/td>\n<\/tr>\n<tr>\n<td>MM1032302<\/td>\n<td>Plaque de m\u00e2choire mobile, carri\u00e8re - 2 pi\u00e8ces<\/td>\n<td>C130<\/td>\n<td>Mors de rechange<\/td>\n<td><\/td>\n<\/tr>\n<tr>\n<td>MM1085668<\/td>\n<td>Plaque de m\u00e2choire fixe, carri\u00e8re - 2 pi\u00e8ces<\/td>\n<td>C130<\/td>\n<td>Mors de rechange<\/td>\n<td>1457<\/td>\n<\/tr>\n<tr>\n<td>MM1031742<\/td>\n<td>Plaque de m\u00e2choire mobile, carri\u00e8re<\/td>\n<td>C130<\/td>\n<td>Mors de rechange<\/td>\n<td><\/td>\n<\/tr>\n<tr>\n<td>MM1086204<\/td>\n<td>Plaque de m\u00e2choire fixe, carri\u00e8re<\/td>\n<td>C130<\/td>\n<td>Mors de rechange<\/td>\n<td><\/td>\n<\/tr>\n<tr>\n<td>MM1071785<\/td>\n<td>Plaque de m\u00e2choire fixe, carri\u00e8re-2 pcs+40mm<\/td>\n<td>C130<\/td>\n<td>Mors de rechange<\/td>\n<td><\/td>\n<\/tr>\n<tr>\n<td>MM1071836<\/td>\n<td>Plaque de m\u00e2choire mobile, Super Grip-2 pcs<\/td>\n<td>C130<\/td>\n<td>Mors de rechange<\/td>\n<td><\/td>\n<\/tr>\n<tr>\n<td>MM1071843<\/td>\n<td>Plaque de m\u00e2choire mobile, Super Grip<\/td>\n<td>C130<\/td>\n<td>Mors de rechange<\/td>\n<td><\/td>\n<\/tr>\n<tr>\n<td>MM1071842<\/td>\n<td>Plaque \u00e0 m\u00e2choires fixes, Super Grip<\/td>\n<td>C130<\/td>\n<td>Mors de rechange<\/td>\n<td><\/td>\n<\/tr>\n<tr>\n<td>MM1155334<\/td>\n<td>Plaque \u00e0 bascule<\/td>\n<td>C130<\/td>\n<td>Mors de rechange<\/td>\n<td><\/td>\n<\/tr>\n<tr>\n<td>MM1005346<\/td>\n<td>Si\u00e8ge \u00e0 bascule<\/td>\n<td>C130<\/td>\n<td>Mors de rechange<\/td>\n<td><\/td>\n<\/tr>\n<tr>\n<td>MM1235178<\/td>\n<td>Paire de cales<\/td>\n<td>C130<\/td>\n<td>Mors de rechange<\/td>\n<td><\/td>\n<\/tr>\n<tr>\n<td>MM1081689<\/td>\n<td>Serrage de la cale<\/td>\n<td>C130<\/td>\n<td>Mors de rechange<\/td>\n<td><\/td>\n<\/tr>\n<\/tbody>\n<\/table>\n<p>Voici le mod\u00e8le de plaque \u00e0 m\u00e2choires Mesto C125, r\u00e9put\u00e9 pour sa durabilit\u00e9 et ses performances exceptionnelles.<\/p>\n<p>Les avantages de ce mod\u00e8le comprennent une conception robuste, garantissant une efficacit\u00e9 op\u00e9rationnelle prolong\u00e9e. Il trouve des applications polyvalentes dans diverses op\u00e9rations de concassage.<\/p>\n<p>En ce qui concerne les pi\u00e8ces d'usure, la plaque de m\u00e2choire C125 se distingue par sa construction de haute qualit\u00e9, garantissant fiabilit\u00e9 et long\u00e9vit\u00e9 dans les processus de concassage.<\/p>\n<p>1.100% Garantie d'adaptation : Nous garantissons que nos pi\u00e8ces 100% conviennent \u00e0 votre machine. Si ce n'est pas le cas, nous vous rembourserons.<\/p>\n<p>2. l'assurance qualit\u00e9 : Nous garantissons que nos pi\u00e8ces sont fournies pour remplacer les pi\u00e8ces neuves si elles pr\u00e9sentent de graves probl\u00e8mes de qualit\u00e9, de fissure ou d'usure inhabituelle.<\/p>\n<p>3. large couverture : Nous disposons d'une large couverture de dessins et de mod\u00e8les 80% des mod\u00e8les de concasseurs les plus populaires disponibles sur le march\u00e9. Les \u00e2ges des concasseurs peuvent \u00eatre suivis avant 1950.<\/p>\n<p>4. disponibilit\u00e9 des stocks : Nous gardons les pi\u00e8ces VSI et les concasseurs communs en stock, ce qui nous permet d'assurer une livraison rapide.<\/p>\n<p>5) Flexibilit\u00e9 : Nous sommes assez flexibles pour fournir divers termes de paiement pour la commodit\u00e9 de nos clients de diff\u00e9rentes r\u00e9gions, tels que T\/T, L\/C, DP, Western Union , Udial as etc. et nous pouvons faire l'exp\u00e9dition CIF LCL, FCL, Airfreight, Door to door service .Pour la livraison FOB les articles \u00e0 l'entrep\u00f4t en Chine et peut \u00eatre livr\u00e9 \u00e0 Guangzhou et Yiwu.<\/p>\n<p>6. sur mesure : Nous pouvons r\u00e9aliser des moulages personnalis\u00e9s selon les dessins du client et la composition des mat\u00e9riaux.<\/p>\n<p>7. services : inspection, rapport d'essai des propri\u00e9t\u00e9s, rapport sur les dimensions et r\u00e9tro-ing\u00e9nierie selon les \u00e9chantillons du client.<\/p>","protected":false},"excerpt":{"rendered":"<p style=\"font-weight: 400;\"><strong>Liners de concasseur \u00e0 m\u00e2choires Nordberg C populaires :<\/strong><\/p>\n<p style=\"font-weight: 400;\">Nom de l'article : Plaques de m\u00e2choires, dents de m\u00e2choires fixes, m\u00e2choires mobiles, m\u00e2choires fixes, plaques de m\u00e2choires pivotantes,<\/p>\n<p style=\"font-weight: 400;\">M\u00e2choire fixe, m\u00e2choire mobile, plaque de joue, plaque lat\u00e9rale, face de m\u00e2choire fixe, m\u00e2choire de concasseur desserr\u00e9e<\/p>\n<p style=\"font-weight: 400;\">Mat\u00e9riau de coul\u00e9e : Acier aust\u00e9nitique au mangan\u00e8se (Mn14, M14Cr2, Mn18Cr2, Mn22Cr2)<\/p>\n<p style=\"font-weight: 400;\">M\u00e9thode de moulage : Coul\u00e9e de sable au verre d'eau<\/p>\n<p style=\"font-weight: 400;\">Mat\u00e9riau applicable : gravier, granit, basalte, minerai, calcaire, gr\u00e8s, quatz, pierre de pav\u00e9<\/p>\n<p style=\"font-weight: 400;\">Applications : Mines, carri\u00e8res, construction, ciment et mat\u00e9riaux, recyclage<\/p>","protected":false},"featured_media":11195,"template":"","meta":{"_uag_custom_page_level_css":"","site-sidebar-layout":"default","site-content-layout":"","ast-site-content-layout":"default","site-content-style":"default","site-sidebar-style":"default","ast-global-header-display":"","ast-banner-title-visibility":"","ast-main-header-display":"","ast-hfb-above-header-display":"","ast-hfb-below-header-display":"","ast-hfb-mobile-header-display":"","site-post-title":"","ast-breadcrumbs-content":"","ast-featured-img":"","footer-sml-layout":"","ast-disable-related-posts":"","theme-transparent-header-meta":"default","adv-header-id-meta":"","stick-header-meta":"default","header-above-stick-meta":"","header-main-stick-meta":"","header-below-stick-meta":"","astra-migrate-meta-layouts":"set","ast-page-background-enabled":"default","ast-page-background-meta":{"desktop":{"background-color":"var(--ast-global-color-4)","background-image":"","background-repeat":"repeat","background-position":"center center","background-size":"auto","background-attachment":"scroll","background-type":"","background-media":"","overlay-type":"","overlay-color":"","overlay-opacity":"","overlay-gradient":""},"tablet":{"background-color":"","background-image":"","background-repeat":"repeat","background-position":"center center","background-size":"auto","background-attachment":"scroll","background-type":"","background-media":"","overlay-type":"","overlay-color":"","overlay-opacity":"","overlay-gradient":""},"mobile":{"background-color":"","background-image":"","background-repeat":"repeat","background-position":"center center","background-size":"auto","background-attachment":"scroll","background-type":"","background-media":"","overlay-type":"","overlay-color":"","overlay-opacity":"","overlay-gradient":""}},"ast-content-background-meta":{"desktop":{"background-color":"var(--ast-global-color-5)","background-image":"","background-repeat":"repeat","background-position":"center center","background-size":"auto","background-attachment":"scroll","background-type":"","background-media":"","overlay-type":"","overlay-color":"","overlay-opacity":"","overlay-gradient":""},"tablet":{"background-color":"var(--ast-global-color-5)","background-image":"","background-repeat":"repeat","background-position":"center center","background-size":"auto","background-attachment":"scroll","background-type":"","background-media":"","overlay-type":"","overlay-color":"","overlay-opacity":"","overlay-gradient":""},"mobile":{"background-color":"var(--ast-global-color-5)","background-image":"","background-repeat":"repeat","background-position":"center center","background-size":"auto","background-attachment":"scroll","background-type":"","background-media":"","overlay-type":"","overlay-color":"","overlay-opacity":"","overlay-gradient":""}}},"product_brand":[],"product_cat":[32,114],"product_tag":[],"class_list":{"0":"post-726","1":"product","2":"type-product","3":"status-publish","4":"has-post-thumbnail","6":"product_cat-jaw-liner","7":"product_cat-mesto","8":"desktop-align-left","9":"tablet-align-left","10":"mobile-align-left","11":"ast-product-gallery-layout-horizontal-slider","12":"ast-product-single-variable","13":"ast-product-tabs-layout-horizontal","15":"first","16":"instock","17":"shipping-taxable","18":"purchasable","19":"product-type-variable"},"yoast_head":"<!-- This site is optimized with the Yoast SEO plugin v27.4 - https:\/\/yoast.com\/product\/yoast-seo-wordpress\/ -->\n<title>C125 Jaw plate Jaw Crusher wear parts\u00a0 - Crusher parts, Slurry Pump Parts, Excavator shovel parts<\/title>\n<meta name=\"description\" content=\"Metso C125 Jaw Plate, designed for quarry crushing, features Mn18cr2 composition and specialized quarry tooth design, ensuring optimal performance.\" \/>\n<meta name=\"robots\" content=\"index, follow, max-snippet:-1, max-image-preview:large, max-video-preview:-1\" \/>\n<link rel=\"canonical\" href=\"https:\/\/miningspareparts.com\/fr\/produit\/c125-jaw-crusher\/\" \/>\n<meta property=\"og:locale\" content=\"fr_FR\" \/>\n<meta property=\"og:type\" content=\"article\" \/>\n<meta property=\"og:title\" content=\"C125 Jaw plate Jaw Crusher wear parts\u00a0 - Crusher parts, Slurry Pump Parts, Excavator shovel parts\" \/>\n<meta property=\"og:description\" content=\"Metso C125 Jaw Plate, designed for quarry crushing, features Mn18cr2 composition and specialized quarry tooth design, ensuring optimal performance.\" \/>\n<meta property=\"og:url\" content=\"https:\/\/miningspareparts.com\/fr\/produit\/c125-jaw-crusher\/\" \/>\n<meta property=\"og:site_name\" content=\"Crusher parts, Slurry Pump Parts, Excavator shovel parts\" \/>\n<meta property=\"article:modified_time\" content=\"2026-03-23T06:42:24+00:00\" \/>\n<meta property=\"og:image\" content=\"https:\/\/miningspareparts.com\/wp-content\/uploads\/2023\/11\/C125-Jaw-Crusher-Jaw-plate.webp\" \/>\n\t<meta property=\"og:image:width\" content=\"800\" \/>\n\t<meta property=\"og:image:height\" content=\"800\" \/>\n\t<meta property=\"og:image:type\" content=\"image\/webp\" \/>\n<meta name=\"twitter:card\" content=\"summary_large_image\" \/>\n<meta name=\"twitter:label1\" content=\"Dur\u00e9e de lecture estim\u00e9e\" \/>\n\t<meta name=\"twitter:data1\" content=\"3 minutes\" \/>\n<script type=\"application\/ld+json\" class=\"yoast-schema-graph\">{\"@context\":\"https:\\\/\\\/schema.org\",\"@graph\":[{\"@type\":\"WebPage\",\"@id\":\"https:\\\/\\\/miningspareparts.com\\\/product\\\/c125-jaw-crusher\\\/\",\"url\":\"https:\\\/\\\/miningspareparts.com\\\/product\\\/c125-jaw-crusher\\\/\",\"name\":\"C125 Jaw plate Jaw Crusher wear parts\u00a0 - Crusher parts, Slurry Pump Parts, Excavator shovel parts\",\"isPartOf\":{\"@id\":\"https:\\\/\\\/miningspareparts.com\\\/#website\"},\"primaryImageOfPage\":{\"@id\":\"https:\\\/\\\/miningspareparts.com\\\/product\\\/c125-jaw-crusher\\\/#primaryimage\"},\"image\":{\"@id\":\"https:\\\/\\\/miningspareparts.com\\\/product\\\/c125-jaw-crusher\\\/#primaryimage\"},\"thumbnailUrl\":\"https:\\\/\\\/miningspareparts.com\\\/wp-content\\\/uploads\\\/2023\\\/11\\\/C125-Jaw-Crusher-Jaw-plate.webp\",\"datePublished\":\"2023-11-30T01:46:28+00:00\",\"dateModified\":\"2026-03-23T06:42:24+00:00\",\"description\":\"Metso C125 Jaw Plate, designed for quarry crushing, features Mn18cr2 composition and specialized quarry tooth design, ensuring optimal performance.\",\"breadcrumb\":{\"@id\":\"https:\\\/\\\/miningspareparts.com\\\/product\\\/c125-jaw-crusher\\\/#breadcrumb\"},\"inLanguage\":\"fr-FR\",\"potentialAction\":[{\"@type\":\"ReadAction\",\"target\":[\"https:\\\/\\\/miningspareparts.com\\\/product\\\/c125-jaw-crusher\\\/\"]}]},{\"@type\":\"ImageObject\",\"inLanguage\":\"fr-FR\",\"@id\":\"https:\\\/\\\/miningspareparts.com\\\/product\\\/c125-jaw-crusher\\\/#primaryimage\",\"url\":\"https:\\\/\\\/miningspareparts.com\\\/wp-content\\\/uploads\\\/2023\\\/11\\\/C125-Jaw-Crusher-Jaw-plate.webp\",\"contentUrl\":\"https:\\\/\\\/miningspareparts.com\\\/wp-content\\\/uploads\\\/2023\\\/11\\\/C125-Jaw-Crusher-Jaw-plate.webp\",\"width\":800,\"height\":800,\"caption\":\"N11954353 Movable Jaw Quarry Long 2344KGS and N11954343 Fixed Jaw Quarry Long 2520kgs for C125 Jaw Crusher Jaw plate\"},{\"@type\":\"BreadcrumbList\",\"@id\":\"https:\\\/\\\/miningspareparts.com\\\/product\\\/c125-jaw-crusher\\\/#breadcrumb\",\"itemListElement\":[{\"@type\":\"ListItem\",\"position\":1,\"name\":\"Home\",\"item\":\"https:\\\/\\\/miningspareparts.com\\\/\"},{\"@type\":\"ListItem\",\"position\":2,\"name\":\"Premium Mining Wear And Spare Parts\",\"item\":\"https:\\\/\\\/miningspareparts.com\\\/shop\\\/\"},{\"@type\":\"ListItem\",\"position\":3,\"name\":\"N11954353 Movable Jaw Quarry Long 2344KGS and N11954343 Fixed Jaw Quarry Long 2520kgs for C125 Jaw Crusher Jaw plate\"}]},{\"@type\":\"WebSite\",\"@id\":\"https:\\\/\\\/miningspareparts.com\\\/#website\",\"url\":\"https:\\\/\\\/miningspareparts.com\\\/\",\"name\":\"Crusher parts , Concrete Mixer Parts, Slurry Pump Parts, Mining Spares\",\"description\":\"Mining Wear &amp; Spare Parts Supplier\",\"publisher\":{\"@id\":\"https:\\\/\\\/miningspareparts.com\\\/#organization\"},\"potentialAction\":[{\"@type\":\"SearchAction\",\"target\":{\"@type\":\"EntryPoint\",\"urlTemplate\":\"https:\\\/\\\/miningspareparts.com\\\/?s={search_term_string}\"},\"query-input\":{\"@type\":\"PropertyValueSpecification\",\"valueRequired\":true,\"valueName\":\"search_term_string\"}}],\"inLanguage\":\"fr-FR\"},{\"@type\":\"Organization\",\"@id\":\"https:\\\/\\\/miningspareparts.com\\\/#organization\",\"name\":\"Crusher parts , Concrete Mixer Parts, Slurry Pump Parts, Mining Spares\",\"url\":\"https:\\\/\\\/miningspareparts.com\\\/\",\"logo\":{\"@type\":\"ImageObject\",\"inLanguage\":\"fr-FR\",\"@id\":\"https:\\\/\\\/miningspareparts.com\\\/#\\\/schema\\\/logo\\\/image\\\/\",\"url\":\"https:\\\/\\\/miningspareparts.com\\\/wp-content\\\/uploads\\\/2025\\\/04\\\/cropped-cropped-logo\u6b63\u65b9\u5f62.png\",\"contentUrl\":\"https:\\\/\\\/miningspareparts.com\\\/wp-content\\\/uploads\\\/2025\\\/04\\\/cropped-cropped-logo\u6b63\u65b9\u5f62.png\",\"width\":511,\"height\":171,\"caption\":\"Crusher parts , Concrete Mixer Parts, Slurry Pump Parts, Mining Spares\"},\"image\":{\"@id\":\"https:\\\/\\\/miningspareparts.com\\\/#\\\/schema\\\/logo\\\/image\\\/\"}}]}<\/script>\n<!-- \/ Yoast SEO plugin. -->","yoast_head_json":{"title":"C125 Jaw plate Jaw Crusher wear parts\u00a0 - Crusher parts, Slurry Pump Parts, Excavator shovel parts","description":"Metso C125 Jaw Plate, designed for quarry crushing, features Mn18cr2 composition and specialized quarry tooth design, ensuring optimal performance.","robots":{"index":"index","follow":"follow","max-snippet":"max-snippet:-1","max-image-preview":"max-image-preview:large","max-video-preview":"max-video-preview:-1"},"canonical":"https:\/\/miningspareparts.com\/fr\/produit\/c125-jaw-crusher\/","og_locale":"fr_FR","og_type":"article","og_title":"C125 Jaw plate Jaw Crusher wear parts\u00a0 - Crusher parts, Slurry Pump Parts, Excavator shovel parts","og_description":"Metso C125 Jaw Plate, designed for quarry crushing, features Mn18cr2 composition and specialized quarry tooth design, ensuring optimal performance.","og_url":"https:\/\/miningspareparts.com\/fr\/produit\/c125-jaw-crusher\/","og_site_name":"Crusher parts, Slurry Pump Parts, Excavator shovel parts","article_modified_time":"2026-03-23T06:42:24+00:00","og_image":[{"width":800,"height":800,"url":"https:\/\/miningspareparts.com\/wp-content\/uploads\/2023\/11\/C125-Jaw-Crusher-Jaw-plate.webp","type":"image\/webp"}],"twitter_card":"summary_large_image","twitter_misc":{"Dur\u00e9e de lecture estim\u00e9e":"3 minutes"},"schema":{"@context":"https:\/\/schema.org","@graph":[{"@type":"WebPage","@id":"https:\/\/miningspareparts.com\/product\/c125-jaw-crusher\/","url":"https:\/\/miningspareparts.com\/product\/c125-jaw-crusher\/","name":"C125 Jaw plate Jaw Crusher wear parts\u00a0 - Crusher parts, Slurry Pump Parts, Excavator shovel parts","isPartOf":{"@id":"https:\/\/miningspareparts.com\/#website"},"primaryImageOfPage":{"@id":"https:\/\/miningspareparts.com\/product\/c125-jaw-crusher\/#primaryimage"},"image":{"@id":"https:\/\/miningspareparts.com\/product\/c125-jaw-crusher\/#primaryimage"},"thumbnailUrl":"https:\/\/miningspareparts.com\/wp-content\/uploads\/2023\/11\/C125-Jaw-Crusher-Jaw-plate.webp","datePublished":"2023-11-30T01:46:28+00:00","dateModified":"2026-03-23T06:42:24+00:00","description":"Metso C125 Jaw Plate, designed for quarry crushing, features Mn18cr2 composition and specialized quarry tooth design, ensuring optimal performance.","breadcrumb":{"@id":"https:\/\/miningspareparts.com\/product\/c125-jaw-crusher\/#breadcrumb"},"inLanguage":"fr-FR","potentialAction":[{"@type":"ReadAction","target":["https:\/\/miningspareparts.com\/product\/c125-jaw-crusher\/"]}]},{"@type":"ImageObject","inLanguage":"fr-FR","@id":"https:\/\/miningspareparts.com\/product\/c125-jaw-crusher\/#primaryimage","url":"https:\/\/miningspareparts.com\/wp-content\/uploads\/2023\/11\/C125-Jaw-Crusher-Jaw-plate.webp","contentUrl":"https:\/\/miningspareparts.com\/wp-content\/uploads\/2023\/11\/C125-Jaw-Crusher-Jaw-plate.webp","width":800,"height":800,"caption":"N11954353 Movable Jaw Quarry Long 2344KGS and N11954343 Fixed Jaw Quarry Long 2520kgs for C125 Jaw Crusher Jaw plate"},{"@type":"BreadcrumbList","@id":"https:\/\/miningspareparts.com\/product\/c125-jaw-crusher\/#breadcrumb","itemListElement":[{"@type":"ListItem","position":1,"name":"Home","item":"https:\/\/miningspareparts.com\/"},{"@type":"ListItem","position":2,"name":"Premium Mining Wear And Spare Parts","item":"https:\/\/miningspareparts.com\/shop\/"},{"@type":"ListItem","position":3,"name":"N11954353 Movable Jaw Quarry Long 2344KGS and N11954343 Fixed Jaw Quarry Long 2520kgs for C125 Jaw Crusher Jaw plate"}]},{"@type":"WebSite","@id":"https:\/\/miningspareparts.com\/#website","url":"https:\/\/miningspareparts.com\/","name":"Crusher parts , Concrete Mixer Parts, Slurry Pump Parts, Mining Spares","description":"Mining Wear &amp; Spare Parts Supplier","publisher":{"@id":"https:\/\/miningspareparts.com\/#organization"},"potentialAction":[{"@type":"SearchAction","target":{"@type":"EntryPoint","urlTemplate":"https:\/\/miningspareparts.com\/?s={search_term_string}"},"query-input":{"@type":"PropertyValueSpecification","valueRequired":true,"valueName":"search_term_string"}}],"inLanguage":"fr-FR"},{"@type":"Organization","@id":"https:\/\/miningspareparts.com\/#organization","name":"Crusher parts , Concrete Mixer Parts, Slurry Pump Parts, Mining Spares","url":"https:\/\/miningspareparts.com\/","logo":{"@type":"ImageObject","inLanguage":"fr-FR","@id":"https:\/\/miningspareparts.com\/#\/schema\/logo\/image\/","url":"https:\/\/miningspareparts.com\/wp-content\/uploads\/2025\/04\/cropped-cropped-logo\u6b63\u65b9\u5f62.png","contentUrl":"https:\/\/miningspareparts.com\/wp-content\/uploads\/2025\/04\/cropped-cropped-logo\u6b63\u65b9\u5f62.png","width":511,"height":171,"caption":"Crusher parts , Concrete Mixer Parts, Slurry Pump Parts, Mining Spares"},"image":{"@id":"https:\/\/miningspareparts.com\/#\/schema\/logo\/image\/"}}]}},"uagb_featured_image_src":{"full":["https:\/\/miningspareparts.com\/wp-content\/uploads\/2023\/11\/C125-Jaw-Crusher-Jaw-plate.webp",800,800,false],"thumbnail":["https:\/\/miningspareparts.com\/wp-content\/uploads\/2023\/11\/C125-Jaw-Crusher-Jaw-plate-150x150.webp",150,150,true],"medium":["https:\/\/miningspareparts.com\/wp-content\/uploads\/2023\/11\/C125-Jaw-Crusher-Jaw-plate-300x300.webp",300,300,true],"medium_large":["https:\/\/miningspareparts.com\/wp-content\/uploads\/2023\/11\/C125-Jaw-Crusher-Jaw-plate-768x768.webp",768,768,true],"large":["https:\/\/miningspareparts.com\/wp-content\/uploads\/2023\/11\/C125-Jaw-Crusher-Jaw-plate.webp",800,800,false],"1536x1536":["https:\/\/miningspareparts.com\/wp-content\/uploads\/2023\/11\/C125-Jaw-Crusher-Jaw-plate.webp",800,800,false],"2048x2048":["https:\/\/miningspareparts.com\/wp-content\/uploads\/2023\/11\/C125-Jaw-Crusher-Jaw-plate.webp",800,800,false],"trp-custom-language-flag":["https:\/\/miningspareparts.com\/wp-content\/uploads\/2023\/11\/C125-Jaw-Crusher-Jaw-plate-12x12.webp",12,12,true],"woocommerce_thumbnail":["https:\/\/miningspareparts.com\/wp-content\/uploads\/2023\/11\/C125-Jaw-Crusher-Jaw-plate-300x300.webp",300,300,true],"woocommerce_single":["https:\/\/miningspareparts.com\/wp-content\/uploads\/2023\/11\/C125-Jaw-Crusher-Jaw-plate-600x600.webp",600,600,true],"woocommerce_gallery_thumbnail":["https:\/\/miningspareparts.com\/wp-content\/uploads\/2023\/11\/C125-Jaw-Crusher-Jaw-plate-100x100.webp",100,100,true]},"uagb_author_info":{"display_name":"Miningspareparts","author_link":"https:\/\/miningspareparts.com\/fr\/author\/"},"uagb_comment_info":0,"uagb_excerpt":"Popular Nordberg C Jaw Crusher Liners\u00a0: Item Names:\u00a0Jaw Plates,Stationary\u00a0Jaw Tooth,\u00a0Movable\u00a0Jaw Die\u00a0Fixed Jaw, Swing Jaw Plate, Jaw Fixed, Jaw Moveable ,Cheek Plate\u00a0,Side Plate,Jawface Fixed, Crusher Jaw Loose Casting Material: Austenstic Manganese Steel (Mn14, M14Cr2, Mn18Cr2, Mn22Cr2) Casting Method: Water Glass Sand Casting Applicable Material:Gravel, Granite, Basalt, Ore, Limestone, Sandstone ,Quatz,Cobblestone Applications: Mining , Quarry, Construction ,Cement\u2026","_links":{"self":[{"href":"https:\/\/miningspareparts.com\/fr\/wp-json\/wp\/v2\/product\/726","targetHints":{"allow":["GET"]}}],"collection":[{"href":"https:\/\/miningspareparts.com\/fr\/wp-json\/wp\/v2\/product"}],"about":[{"href":"https:\/\/miningspareparts.com\/fr\/wp-json\/wp\/v2\/types\/product"}],"wp:featuredmedia":[{"embeddable":true,"href":"https:\/\/miningspareparts.com\/fr\/wp-json\/wp\/v2\/media\/11195"}],"wp:attachment":[{"href":"https:\/\/miningspareparts.com\/fr\/wp-json\/wp\/v2\/media?parent=726"}],"wp:term":[{"taxonomy":"product_brand","embeddable":true,"href":"https:\/\/miningspareparts.com\/fr\/wp-json\/wp\/v2\/product_brand?post=726"},{"taxonomy":"product_cat","embeddable":true,"href":"https:\/\/miningspareparts.com\/fr\/wp-json\/wp\/v2\/product_cat?post=726"},{"taxonomy":"product_tag","embeddable":true,"href":"https:\/\/miningspareparts.com\/fr\/wp-json\/wp\/v2\/product_tag?post=726"}],"curies":[{"name":"wp","href":"https:\/\/api.w.org\/{rel}","templated":true}]}}