{"id":754,"date":"2023-11-30T06:05:26","date_gmt":"2023-11-30T06:05:26","guid":{"rendered":"https:\/\/miningspareparts.com\/?post_type=product&#038;p=754"},"modified":"2025-11-05T08:19:44","modified_gmt":"2025-11-05T08:19:44","slug":"hp200-bowl-liner-cone-crusher","status":"publish","type":"product","link":"https:\/\/miningspareparts.com\/fr\/produit\/hp200-bowl-liner-cone-crusher\/","title":{"rendered":"Rev\u00eatement du bol du concasseur \u00e0 c\u00f4ne HP200"},"content":{"rendered":"<p><strong>Voici une description du rev\u00eatement du bol du concasseur \u00e0 c\u00f4ne HP200<\/strong><\/p>\n<table style=\"font-weight: 400;\">\n<tbody>\n<tr>\n<td width=\"117\"><strong>Code de l'article<\/strong><\/td>\n<td width=\"320\"><strong>Nom de l'article<\/strong><\/td>\n<td width=\"124\"><strong>Description<\/strong><\/td>\n<td width=\"57\"><strong>Mod\u00e8le<\/strong><\/td>\n<\/tr>\n<tr>\n<td width=\"117\">MSP-N55208135<\/td>\n<td width=\"320\">REV\u00caTEMENT DE CUVETTE STD C<\/td>\n<td width=\"124\">Doublure de c\u00f4ne<\/td>\n<td width=\"57\">HP200<\/td>\n<\/tr>\n<tr>\n<td width=\"117\">MSP-N55208137<\/td>\n<td width=\"320\">REV\u00caTEMENT DE CUVETTE STD M<\/td>\n<td width=\"124\">Doublure de c\u00f4ne<\/td>\n<td width=\"57\">HP200<\/td>\n<\/tr>\n<tr>\n<td width=\"117\">MSP-N55208138<\/td>\n<td width=\"320\">REV\u00caTEMENT DE CUVETTE STD M<\/td>\n<td width=\"124\">Doublure de c\u00f4ne<\/td>\n<td width=\"57\">HP200<\/td>\n<\/tr>\n<tr>\n<td width=\"117\">MSP-N55208140<\/td>\n<td width=\"320\">REV\u00caTEMENT DE CUVETTE STD F<\/td>\n<td width=\"124\">Doublure de c\u00f4ne<\/td>\n<td width=\"57\">HP200<\/td>\n<\/tr>\n<tr>\n<td width=\"117\">MSP-N55208141<\/td>\n<td width=\"320\">REV\u00caTEMENT DE CUVETTE STD F<\/td>\n<td width=\"124\">Doublure de c\u00f4ne<\/td>\n<td width=\"57\">HP200<\/td>\n<\/tr>\n<tr>\n<td width=\"117\">MSP-N55208144<\/td>\n<td width=\"320\">REV\u00caTEMENT DE CUVETTE SH C<\/td>\n<td width=\"124\">Doublure de c\u00f4ne<\/td>\n<td width=\"57\">HP200<\/td>\n<\/tr>\n<tr>\n<td width=\"117\">MSP-N55208146<\/td>\n<td width=\"320\">REV\u00caTEMENT DE CUVETTE SH M<\/td>\n<td width=\"124\">Doublure de c\u00f4ne<\/td>\n<td width=\"57\">HP200<\/td>\n<\/tr>\n<tr>\n<td width=\"117\">MSP-N55208147<\/td>\n<td width=\"320\">REV\u00caTEMENT DE CUVETTE SH M<\/td>\n<td width=\"124\">Doublure de c\u00f4ne<\/td>\n<td width=\"57\">HP200<\/td>\n<\/tr>\n<tr>\n<td width=\"117\">MSP-N55208150<\/td>\n<td width=\"320\">REV\u00caTEMENT DE CUVETTE SH F<\/td>\n<td width=\"124\">Doublure de c\u00f4ne<\/td>\n<td width=\"57\">HP200<\/td>\n<\/tr>\n<tr>\n<td width=\"117\">MSP-N55208153<\/td>\n<td width=\"320\">REV\u00caTEMENT DE CUVETTE SH EXTRA-FINE<\/td>\n<td width=\"124\">Doublure de c\u00f4ne<\/td>\n<td width=\"57\">HP200<\/td>\n<\/tr>\n<tr>\n<td width=\"117\">MSP-N55308011<\/td>\n<td width=\"320\">MANTEAU STD F\/M\/C<\/td>\n<td width=\"124\">Doublure de c\u00f4ne<\/td>\n<td width=\"57\">HP200<\/td>\n<\/tr>\n<tr>\n<td width=\"117\">MSP-N55308012<\/td>\n<td width=\"320\">MANTEAU SH F\/M\/C<\/td>\n<td width=\"124\">Doublure de c\u00f4ne<\/td>\n<td width=\"57\">HP200<\/td>\n<\/tr>\n<\/tbody>\n<\/table>\n<p>Fabriqu\u00e9 avec pr\u00e9cision et expertise, notre rev\u00eatement de bol de concasseur \u00e0 c\u00f4ne HP200 t\u00e9moigne d'une fabrication sup\u00e9rieure. M\u00e9ticuleusement con\u00e7u, ce composant essentiel garantit des performances, une efficacit\u00e9 et une durabilit\u00e9 optimales pour votre concasseur \u00e0 c\u00f4ne. L'utilisation de mat\u00e9riaux de haute qualit\u00e9 et de techniques de fabrication avanc\u00e9es se traduit par une excellente r\u00e9sistance \u00e0 l'usure, prolongeant ainsi la dur\u00e9e de vie de votre \u00e9quipement. Con\u00e7u pour \u00eatre compatible avec les mod\u00e8les HP200, notre rev\u00eatement de bol est un choix fiable pour diverses applications de concassage. Faites confiance \u00e0 notre engagement en mati\u00e8re de qualit\u00e9, d'innovation et de fiabilit\u00e9. Am\u00e9liorez votre exp\u00e9rience de concassage avec notre rev\u00eatement de bol de concasseur \u00e0 c\u00f4ne HP200 - l\u00e0 o\u00f9 l'excellence rencontre l'endurance.<\/p>\n<p>1. Garantie d'ad\u00e9quation 100% : Nous garantissons que nos pi\u00e8ces sont 100% adapt\u00e9es \u00e0 votre machine, si elles ne conviennent pas, nous vous rembourserons.<br \/>\n2. Garantie de qualit\u00e9 : Nous garantissons le remplacement des pi\u00e8ces par des pi\u00e8ces neuves en cas de graves d\u00e9fauts de qualit\u00e9 et de probl\u00e8mes d'usure inhabituels.<br \/>\n3. Large couverture : Nos dessins et mod\u00e8les couvrent une large gamme d'environ 80% des mod\u00e8les de concasseurs les plus populaires sur le march\u00e9, remontant \u00e0 l'\u00e9poque des concasseurs d'avant 1950.<br \/>\n4. En stock : Nous stockons des pi\u00e8ces VSI et des stocks g\u00e9n\u00e9raux de concasseurs, ce qui nous permet de livrer rapidement.<br \/>\n5. Flexibilit\u00e9 : Nous avons la possibilit\u00e9 d'offrir une vari\u00e9t\u00e9 de m\u00e9thodes de paiement pour la commodit\u00e9 de nos clients dans diff\u00e9rentes r\u00e9gions, telles que T\/T, L\/C, DP, Western Union, Udial, etc. Nous pouvons \u00e9galement fournir des services LCL, FCL, de fret a\u00e9rien et de porte \u00e0 porte.<br \/>\n6. Personnalisation : Nous pouvons personnaliser les pi\u00e8ces moul\u00e9es en fonction des dessins du client et de la composition des mat\u00e9riaux.<br \/>\n7. Service : Inspection, rapport d'essai de performance, rapport de dimension et ing\u00e9nierie inverse selon l'\u00e9chantillon du client.<\/p>","protected":false},"excerpt":{"rendered":"<p>Mod\u00e8le : HP 200<br \/>\nCavit\u00e9 de broyage : Fine pour fine et grossi\u00e8re<br \/>\nRev\u00eatement de cuvette<br \/>\nEmballage : Fix\u00e9 par un plateau en fer, envelopp\u00e9 d'un film plastique<\/p>","protected":false},"featured_media":11351,"template":"","meta":{"_uag_custom_page_level_css":"","site-sidebar-layout":"default","site-content-layout":"","ast-site-content-layout":"default","site-content-style":"default","site-sidebar-style":"default","ast-global-header-display":"","ast-banner-title-visibility":"","ast-main-header-display":"","ast-hfb-above-header-display":"","ast-hfb-below-header-display":"","ast-hfb-mobile-header-display":"","site-post-title":"","ast-breadcrumbs-content":"","ast-featured-img":"","footer-sml-layout":"","ast-disable-related-posts":"","theme-transparent-header-meta":"default","adv-header-id-meta":"","stick-header-meta":"default","header-above-stick-meta":"","header-main-stick-meta":"","header-below-stick-meta":"","astra-migrate-meta-layouts":"set","ast-page-background-enabled":"default","ast-page-background-meta":{"desktop":{"background-color":"var(--ast-global-color-4)","background-image":"","background-repeat":"repeat","background-position":"center center","background-size":"auto","background-attachment":"scroll","background-type":"","background-media":"","overlay-type":"","overlay-color":"","overlay-opacity":"","overlay-gradient":""},"tablet":{"background-color":"","background-image":"","background-repeat":"repeat","background-position":"center center","background-size":"auto","background-attachment":"scroll","background-type":"","background-media":"","overlay-type":"","overlay-color":"","overlay-opacity":"","overlay-gradient":""},"mobile":{"background-color":"","background-image":"","background-repeat":"repeat","background-position":"center center","background-size":"auto","background-attachment":"scroll","background-type":"","background-media":"","overlay-type":"","overlay-color":"","overlay-opacity":"","overlay-gradient":""}},"ast-content-background-meta":{"desktop":{"background-color":"var(--ast-global-color-5)","background-image":"","background-repeat":"repeat","background-position":"center center","background-size":"auto","background-attachment":"scroll","background-type":"","background-media":"","overlay-type":"","overlay-color":"","overlay-opacity":"","overlay-gradient":""},"tablet":{"background-color":"var(--ast-global-color-5)","background-image":"","background-repeat":"repeat","background-position":"center center","background-size":"auto","background-attachment":"scroll","background-type":"","background-media":"","overlay-type":"","overlay-color":"","overlay-opacity":"","overlay-gradient":""},"mobile":{"background-color":"var(--ast-global-color-5)","background-image":"","background-repeat":"repeat","background-position":"center center","background-size":"auto","background-attachment":"scroll","background-type":"","background-media":"","overlay-type":"","overlay-color":"","overlay-opacity":"","overlay-gradient":""}}},"product_brand":[],"product_cat":[37,36,114],"product_tag":[],"class_list":{"0":"post-754","1":"product","2":"type-product","3":"status-publish","4":"has-post-thumbnail","6":"product_cat-bowl-liner","7":"product_cat-cone-liner","8":"product_cat-mesto","9":"desktop-align-left","10":"tablet-align-left","11":"mobile-align-left","12":"ast-product-gallery-layout-horizontal-slider","13":"ast-product-single-variable","14":"ast-product-tabs-layout-horizontal","16":"first","17":"instock","18":"shipping-taxable","19":"purchasable","20":"product-type-variable"},"yoast_head":"<!-- This site is optimized with the Yoast SEO plugin v27.4 - https:\/\/yoast.com\/product\/yoast-seo-wordpress\/ -->\n<title>HP200 Bowl Liner Cone Crusher parts- Crusher parts, Slurry Pump Parts, Excavator shovel parts<\/title>\n<meta name=\"description\" content=\"Metso HP200 Bowl Liner, a genuine and durable component, offers the best price. Ensuring longevity, it&#039;s a reliable choice for optimal performance.\" \/>\n<meta name=\"robots\" content=\"index, follow, max-snippet:-1, max-image-preview:large, max-video-preview:-1\" \/>\n<link rel=\"canonical\" href=\"https:\/\/miningspareparts.com\/fr\/produit\/hp200-bowl-liner-cone-crusher\/\" \/>\n<meta property=\"og:locale\" content=\"fr_FR\" \/>\n<meta property=\"og:type\" content=\"article\" \/>\n<meta property=\"og:title\" content=\"HP200 Bowl Liner Cone Crusher parts- Crusher parts, Slurry Pump Parts, Excavator shovel parts\" \/>\n<meta property=\"og:description\" content=\"Metso HP200 Bowl Liner, a genuine and durable component, offers the best price. Ensuring longevity, it&#039;s a reliable choice for optimal performance.\" \/>\n<meta property=\"og:url\" content=\"https:\/\/miningspareparts.com\/fr\/produit\/hp200-bowl-liner-cone-crusher\/\" \/>\n<meta property=\"og:site_name\" content=\"Crusher parts, Slurry Pump Parts, Excavator shovel parts\" \/>\n<meta property=\"article:modified_time\" content=\"2025-11-05T08:19:44+00:00\" \/>\n<meta property=\"og:image\" content=\"https:\/\/miningspareparts.com\/wp-content\/uploads\/2023\/11\/HP200-Cone-Crusher-Bowl-Liner-1.webp\" \/>\n\t<meta property=\"og:image:width\" content=\"800\" \/>\n\t<meta property=\"og:image:height\" content=\"800\" \/>\n\t<meta property=\"og:image:type\" content=\"image\/webp\" \/>\n<meta name=\"twitter:card\" content=\"summary_large_image\" \/>\n<meta name=\"twitter:label1\" content=\"Dur\u00e9e de lecture estim\u00e9e\" \/>\n\t<meta name=\"twitter:data1\" content=\"3 minutes\" \/>\n<script type=\"application\/ld+json\" class=\"yoast-schema-graph\">{\"@context\":\"https:\\\/\\\/schema.org\",\"@graph\":[{\"@type\":\"WebPage\",\"@id\":\"https:\\\/\\\/miningspareparts.com\\\/product\\\/hp200-bowl-liner-cone-crusher\\\/\",\"url\":\"https:\\\/\\\/miningspareparts.com\\\/product\\\/hp200-bowl-liner-cone-crusher\\\/\",\"name\":\"HP200 Bowl Liner Cone Crusher parts- Crusher parts, Slurry Pump Parts, Excavator shovel parts\",\"isPartOf\":{\"@id\":\"https:\\\/\\\/miningspareparts.com\\\/#website\"},\"primaryImageOfPage\":{\"@id\":\"https:\\\/\\\/miningspareparts.com\\\/product\\\/hp200-bowl-liner-cone-crusher\\\/#primaryimage\"},\"image\":{\"@id\":\"https:\\\/\\\/miningspareparts.com\\\/product\\\/hp200-bowl-liner-cone-crusher\\\/#primaryimage\"},\"thumbnailUrl\":\"https:\\\/\\\/miningspareparts.com\\\/wp-content\\\/uploads\\\/2023\\\/11\\\/HP200-Cone-Crusher-Bowl-Liner-1.webp\",\"datePublished\":\"2023-11-30T06:05:26+00:00\",\"dateModified\":\"2025-11-05T08:19:44+00:00\",\"description\":\"Metso HP200 Bowl Liner, a genuine and durable component, offers the best price. Ensuring longevity, it's a reliable choice for optimal performance.\",\"breadcrumb\":{\"@id\":\"https:\\\/\\\/miningspareparts.com\\\/product\\\/hp200-bowl-liner-cone-crusher\\\/#breadcrumb\"},\"inLanguage\":\"fr-FR\",\"potentialAction\":[{\"@type\":\"ReadAction\",\"target\":[\"https:\\\/\\\/miningspareparts.com\\\/product\\\/hp200-bowl-liner-cone-crusher\\\/\"]}]},{\"@type\":\"ImageObject\",\"inLanguage\":\"fr-FR\",\"@id\":\"https:\\\/\\\/miningspareparts.com\\\/product\\\/hp200-bowl-liner-cone-crusher\\\/#primaryimage\",\"url\":\"https:\\\/\\\/miningspareparts.com\\\/wp-content\\\/uploads\\\/2023\\\/11\\\/HP200-Cone-Crusher-Bowl-Liner-1.webp\",\"contentUrl\":\"https:\\\/\\\/miningspareparts.com\\\/wp-content\\\/uploads\\\/2023\\\/11\\\/HP200-Cone-Crusher-Bowl-Liner-1.webp\",\"width\":800,\"height\":800,\"caption\":\"HP200 Cone Crusher Bowl Liner\"},{\"@type\":\"BreadcrumbList\",\"@id\":\"https:\\\/\\\/miningspareparts.com\\\/product\\\/hp200-bowl-liner-cone-crusher\\\/#breadcrumb\",\"itemListElement\":[{\"@type\":\"ListItem\",\"position\":1,\"name\":\"Home\",\"item\":\"https:\\\/\\\/miningspareparts.com\\\/\"},{\"@type\":\"ListItem\",\"position\":2,\"name\":\"Premium Mining Wear And Spare Parts\",\"item\":\"https:\\\/\\\/miningspareparts.com\\\/shop\\\/\"},{\"@type\":\"ListItem\",\"position\":3,\"name\":\"HP200 Cone Crusher Bowl Liner\"}]},{\"@type\":\"WebSite\",\"@id\":\"https:\\\/\\\/miningspareparts.com\\\/#website\",\"url\":\"https:\\\/\\\/miningspareparts.com\\\/\",\"name\":\"Crusher parts , Concrete Mixer Parts, Slurry Pump Parts, Mining Spares\",\"description\":\"Mining Wear &amp; Spare Parts Supplier\",\"publisher\":{\"@id\":\"https:\\\/\\\/miningspareparts.com\\\/#organization\"},\"potentialAction\":[{\"@type\":\"SearchAction\",\"target\":{\"@type\":\"EntryPoint\",\"urlTemplate\":\"https:\\\/\\\/miningspareparts.com\\\/?s={search_term_string}\"},\"query-input\":{\"@type\":\"PropertyValueSpecification\",\"valueRequired\":true,\"valueName\":\"search_term_string\"}}],\"inLanguage\":\"fr-FR\"},{\"@type\":\"Organization\",\"@id\":\"https:\\\/\\\/miningspareparts.com\\\/#organization\",\"name\":\"Crusher parts , Concrete Mixer Parts, Slurry Pump Parts, Mining Spares\",\"url\":\"https:\\\/\\\/miningspareparts.com\\\/\",\"logo\":{\"@type\":\"ImageObject\",\"inLanguage\":\"fr-FR\",\"@id\":\"https:\\\/\\\/miningspareparts.com\\\/#\\\/schema\\\/logo\\\/image\\\/\",\"url\":\"https:\\\/\\\/miningspareparts.com\\\/wp-content\\\/uploads\\\/2025\\\/04\\\/cropped-cropped-logo\u6b63\u65b9\u5f62.png\",\"contentUrl\":\"https:\\\/\\\/miningspareparts.com\\\/wp-content\\\/uploads\\\/2025\\\/04\\\/cropped-cropped-logo\u6b63\u65b9\u5f62.png\",\"width\":511,\"height\":171,\"caption\":\"Crusher parts , Concrete Mixer Parts, Slurry Pump Parts, Mining Spares\"},\"image\":{\"@id\":\"https:\\\/\\\/miningspareparts.com\\\/#\\\/schema\\\/logo\\\/image\\\/\"}}]}<\/script>\n<!-- \/ Yoast SEO plugin. -->","yoast_head_json":{"title":"HP200 Bowl Liner Cone Crusher parts- Crusher parts, Slurry Pump Parts, Excavator shovel parts","description":"Metso HP200 Bowl Liner, a genuine and durable component, offers the best price. Ensuring longevity, it's a reliable choice for optimal performance.","robots":{"index":"index","follow":"follow","max-snippet":"max-snippet:-1","max-image-preview":"max-image-preview:large","max-video-preview":"max-video-preview:-1"},"canonical":"https:\/\/miningspareparts.com\/fr\/produit\/hp200-bowl-liner-cone-crusher\/","og_locale":"fr_FR","og_type":"article","og_title":"HP200 Bowl Liner Cone Crusher parts- Crusher parts, Slurry Pump Parts, Excavator shovel parts","og_description":"Metso HP200 Bowl Liner, a genuine and durable component, offers the best price. Ensuring longevity, it's a reliable choice for optimal performance.","og_url":"https:\/\/miningspareparts.com\/fr\/produit\/hp200-bowl-liner-cone-crusher\/","og_site_name":"Crusher parts, Slurry Pump Parts, Excavator shovel parts","article_modified_time":"2025-11-05T08:19:44+00:00","og_image":[{"width":800,"height":800,"url":"https:\/\/miningspareparts.com\/wp-content\/uploads\/2023\/11\/HP200-Cone-Crusher-Bowl-Liner-1.webp","type":"image\/webp"}],"twitter_card":"summary_large_image","twitter_misc":{"Dur\u00e9e de lecture estim\u00e9e":"3 minutes"},"schema":{"@context":"https:\/\/schema.org","@graph":[{"@type":"WebPage","@id":"https:\/\/miningspareparts.com\/product\/hp200-bowl-liner-cone-crusher\/","url":"https:\/\/miningspareparts.com\/product\/hp200-bowl-liner-cone-crusher\/","name":"HP200 Bowl Liner Cone Crusher parts- Crusher parts, Slurry Pump Parts, Excavator shovel parts","isPartOf":{"@id":"https:\/\/miningspareparts.com\/#website"},"primaryImageOfPage":{"@id":"https:\/\/miningspareparts.com\/product\/hp200-bowl-liner-cone-crusher\/#primaryimage"},"image":{"@id":"https:\/\/miningspareparts.com\/product\/hp200-bowl-liner-cone-crusher\/#primaryimage"},"thumbnailUrl":"https:\/\/miningspareparts.com\/wp-content\/uploads\/2023\/11\/HP200-Cone-Crusher-Bowl-Liner-1.webp","datePublished":"2023-11-30T06:05:26+00:00","dateModified":"2025-11-05T08:19:44+00:00","description":"Metso HP200 Bowl Liner, a genuine and durable component, offers the best price. Ensuring longevity, it's a reliable choice for optimal performance.","breadcrumb":{"@id":"https:\/\/miningspareparts.com\/product\/hp200-bowl-liner-cone-crusher\/#breadcrumb"},"inLanguage":"fr-FR","potentialAction":[{"@type":"ReadAction","target":["https:\/\/miningspareparts.com\/product\/hp200-bowl-liner-cone-crusher\/"]}]},{"@type":"ImageObject","inLanguage":"fr-FR","@id":"https:\/\/miningspareparts.com\/product\/hp200-bowl-liner-cone-crusher\/#primaryimage","url":"https:\/\/miningspareparts.com\/wp-content\/uploads\/2023\/11\/HP200-Cone-Crusher-Bowl-Liner-1.webp","contentUrl":"https:\/\/miningspareparts.com\/wp-content\/uploads\/2023\/11\/HP200-Cone-Crusher-Bowl-Liner-1.webp","width":800,"height":800,"caption":"HP200 Cone Crusher Bowl Liner"},{"@type":"BreadcrumbList","@id":"https:\/\/miningspareparts.com\/product\/hp200-bowl-liner-cone-crusher\/#breadcrumb","itemListElement":[{"@type":"ListItem","position":1,"name":"Home","item":"https:\/\/miningspareparts.com\/"},{"@type":"ListItem","position":2,"name":"Premium Mining Wear And Spare Parts","item":"https:\/\/miningspareparts.com\/shop\/"},{"@type":"ListItem","position":3,"name":"HP200 Cone Crusher Bowl Liner"}]},{"@type":"WebSite","@id":"https:\/\/miningspareparts.com\/#website","url":"https:\/\/miningspareparts.com\/","name":"Crusher parts , Concrete Mixer Parts, Slurry Pump Parts, Mining Spares","description":"Mining Wear &amp; Spare Parts Supplier","publisher":{"@id":"https:\/\/miningspareparts.com\/#organization"},"potentialAction":[{"@type":"SearchAction","target":{"@type":"EntryPoint","urlTemplate":"https:\/\/miningspareparts.com\/?s={search_term_string}"},"query-input":{"@type":"PropertyValueSpecification","valueRequired":true,"valueName":"search_term_string"}}],"inLanguage":"fr-FR"},{"@type":"Organization","@id":"https:\/\/miningspareparts.com\/#organization","name":"Crusher parts , Concrete Mixer Parts, Slurry Pump Parts, Mining Spares","url":"https:\/\/miningspareparts.com\/","logo":{"@type":"ImageObject","inLanguage":"fr-FR","@id":"https:\/\/miningspareparts.com\/#\/schema\/logo\/image\/","url":"https:\/\/miningspareparts.com\/wp-content\/uploads\/2025\/04\/cropped-cropped-logo\u6b63\u65b9\u5f62.png","contentUrl":"https:\/\/miningspareparts.com\/wp-content\/uploads\/2025\/04\/cropped-cropped-logo\u6b63\u65b9\u5f62.png","width":511,"height":171,"caption":"Crusher parts , Concrete Mixer Parts, Slurry Pump Parts, Mining Spares"},"image":{"@id":"https:\/\/miningspareparts.com\/#\/schema\/logo\/image\/"}}]}},"uagb_featured_image_src":{"full":["https:\/\/miningspareparts.com\/wp-content\/uploads\/2023\/11\/HP200-Cone-Crusher-Bowl-Liner-1.webp",800,800,false],"thumbnail":["https:\/\/miningspareparts.com\/wp-content\/uploads\/2023\/11\/HP200-Cone-Crusher-Bowl-Liner-1-150x150.webp",150,150,true],"medium":["https:\/\/miningspareparts.com\/wp-content\/uploads\/2023\/11\/HP200-Cone-Crusher-Bowl-Liner-1-300x300.webp",300,300,true],"medium_large":["https:\/\/miningspareparts.com\/wp-content\/uploads\/2023\/11\/HP200-Cone-Crusher-Bowl-Liner-1-768x768.webp",768,768,true],"large":["https:\/\/miningspareparts.com\/wp-content\/uploads\/2023\/11\/HP200-Cone-Crusher-Bowl-Liner-1.webp",800,800,false],"1536x1536":["https:\/\/miningspareparts.com\/wp-content\/uploads\/2023\/11\/HP200-Cone-Crusher-Bowl-Liner-1.webp",800,800,false],"2048x2048":["https:\/\/miningspareparts.com\/wp-content\/uploads\/2023\/11\/HP200-Cone-Crusher-Bowl-Liner-1.webp",800,800,false],"trp-custom-language-flag":["https:\/\/miningspareparts.com\/wp-content\/uploads\/2023\/11\/HP200-Cone-Crusher-Bowl-Liner-1-12x12.webp",12,12,true],"woocommerce_thumbnail":["https:\/\/miningspareparts.com\/wp-content\/uploads\/2023\/11\/HP200-Cone-Crusher-Bowl-Liner-1-300x300.webp",300,300,true],"woocommerce_single":["https:\/\/miningspareparts.com\/wp-content\/uploads\/2023\/11\/HP200-Cone-Crusher-Bowl-Liner-1-600x600.webp",600,600,true],"woocommerce_gallery_thumbnail":["https:\/\/miningspareparts.com\/wp-content\/uploads\/2023\/11\/HP200-Cone-Crusher-Bowl-Liner-1-100x100.webp",100,100,true]},"uagb_author_info":{"display_name":"Miningspareparts","author_link":"https:\/\/miningspareparts.com\/fr\/author\/"},"uagb_comment_info":0,"uagb_excerpt":"Model: HP 200 Crushing Cavity: Fine for Fine &amp; Coarse Bowl Liner Packing: Fixed by Iron Tray, Wrapped with Plastic Film","_links":{"self":[{"href":"https:\/\/miningspareparts.com\/fr\/wp-json\/wp\/v2\/product\/754","targetHints":{"allow":["GET"]}}],"collection":[{"href":"https:\/\/miningspareparts.com\/fr\/wp-json\/wp\/v2\/product"}],"about":[{"href":"https:\/\/miningspareparts.com\/fr\/wp-json\/wp\/v2\/types\/product"}],"wp:featuredmedia":[{"embeddable":true,"href":"https:\/\/miningspareparts.com\/fr\/wp-json\/wp\/v2\/media\/11351"}],"wp:attachment":[{"href":"https:\/\/miningspareparts.com\/fr\/wp-json\/wp\/v2\/media?parent=754"}],"wp:term":[{"taxonomy":"product_brand","embeddable":true,"href":"https:\/\/miningspareparts.com\/fr\/wp-json\/wp\/v2\/product_brand?post=754"},{"taxonomy":"product_cat","embeddable":true,"href":"https:\/\/miningspareparts.com\/fr\/wp-json\/wp\/v2\/product_cat?post=754"},{"taxonomy":"product_tag","embeddable":true,"href":"https:\/\/miningspareparts.com\/fr\/wp-json\/wp\/v2\/product_tag?post=754"}],"curies":[{"name":"wp","href":"https:\/\/api.w.org\/{rel}","templated":true}]}}