{"id":760,"date":"2023-11-30T06:31:41","date_gmt":"2023-11-30T06:31:41","guid":{"rendered":"https:\/\/miningspareparts.com\/?post_type=product&#038;p=760"},"modified":"2025-10-31T06:34:16","modified_gmt":"2025-10-31T06:34:16","slug":"k200-cone-bowl-liner","status":"publish","type":"product","link":"https:\/\/miningspareparts.com\/fr\/produit\/k200-cone-bowl-liner\/","title":{"rendered":"Rev\u00eatement du concasseur \u00e0 c\u00f4ne Kodiak k200"},"content":{"rendered":"<p><strong>Voici une description du rev\u00eatement de cuvette kodiak k200<\/strong><\/p>\n<table style=\"font-weight: 400;\">\n<tbody>\n<tr>\n<td width=\"93\"><strong>Code de l'article<\/strong><\/td>\n<td width=\"315\"><strong>Nom de l'article<\/strong><\/td>\n<td width=\"96\"><strong>CAT\u00c9GORIE<\/strong><\/td>\n<td width=\"101\"><strong>Mod\u00e8le<\/strong><\/td>\n<td width=\"72\"><strong>Poids NET<\/strong><\/td>\n<\/tr>\n<tr>\n<td width=\"93\">406051X<\/td>\n<td width=\"315\">Manteau Chambre grossi\u00e8re<\/td>\n<td width=\"96\">Rev\u00eatement du c\u00f4ne<\/td>\n<td width=\"101\">Kodiak 200<\/td>\n<td width=\"72\">567<\/td>\n<\/tr>\n<tr>\n<td width=\"93\">406053X<\/td>\n<td width=\"315\">Liner Chambre grossi\u00e8re<\/td>\n<td width=\"96\">Rev\u00eatement du c\u00f4ne<\/td>\n<td width=\"101\">Kodiak 200<\/td>\n<td width=\"72\">655<\/td>\n<\/tr>\n<tr>\n<td width=\"93\">406051X<\/td>\n<td width=\"315\">Manteau Chambre moyenne<\/td>\n<td width=\"96\">Rev\u00eatement du c\u00f4ne<\/td>\n<td width=\"101\">Kodiak 200<\/td>\n<td width=\"72\">567<\/td>\n<\/tr>\n<tr>\n<td width=\"93\">406055X<\/td>\n<td width=\"315\">Doublure Chambre moyenne<\/td>\n<td width=\"96\">Rev\u00eatement du c\u00f4ne<\/td>\n<td width=\"101\">Kodiak 200<\/td>\n<td width=\"72\">671<\/td>\n<\/tr>\n<tr>\n<td width=\"93\">406052X<\/td>\n<td width=\"315\">Manteau Chambre fine<\/td>\n<td width=\"96\">Rev\u00eatement du c\u00f4ne<\/td>\n<td width=\"101\">Kodiak 200<\/td>\n<td width=\"72\">503<\/td>\n<\/tr>\n<tr>\n<td width=\"93\">406056X<\/td>\n<td width=\"315\">Liner Fine Chamber<\/td>\n<td width=\"96\">Rev\u00eatement du c\u00f4ne<\/td>\n<td width=\"101\">Kodiak 200<\/td>\n<td width=\"72\">593<\/td>\n<\/tr>\n<tr>\n<td width=\"93\">406051X<\/td>\n<td width=\"315\">Chambre moyenne \u00e0 manteau avec fentes d'alimentation<\/td>\n<td width=\"96\">Rev\u00eatement du c\u00f4ne<\/td>\n<td width=\"101\">Kodiak 200<\/td>\n<td width=\"72\">567<\/td>\n<\/tr>\n<tr>\n<td width=\"93\">406054X<\/td>\n<td width=\"315\">Chambre moyenne avec fentes d'alimentation<\/td>\n<td width=\"96\">Rev\u00eatement du c\u00f4ne<\/td>\n<td width=\"101\">Kodiak 200<\/td>\n<td width=\"72\">671<\/td>\n<\/tr>\n<\/tbody>\n<\/table>\n<p>Le rev\u00eatement de cuvette, \u00e9galement appel\u00e9 anneau concave, est une unit\u00e9 fixe plac\u00e9e sur l'assemblage de la cuvette. Il s'agit d'un rev\u00eatement sacrificiel destin\u00e9 \u00e0 comprimer la roche de mani\u00e8re passive par l'assemblage du manteau rotatif.<\/p>\n<p>Normalement, le rev\u00eatement du bol a des options de diff\u00e9rentes cavit\u00e9s en fonction des exigences du mat\u00e9riau, comme (extra grossier), C (grossier), M (moyen), F (fin) et EF (extra fin).<\/p>\n<h5>Pourquoi nous choisir\uff1f<\/h5>\n<p>Chaque type de concasseur \u00e0 c\u00f4ne poss\u00e8de un rev\u00eatement de cuve de conception diff\u00e9rente, certains \u00e9tant fix\u00e9s par des coins coniques, d'autres par des boulons en U, et il existe sur le march\u00e9 un certain nombre d'imitations minimalement modifi\u00e9es. Nous disposons de donn\u00e9es compl\u00e8tes sur tous les mod\u00e8les de concasseurs \u00e0 c\u00f4ne courants et nos ing\u00e9nieurs savent comment s\u00e9lectionner le rev\u00eatement ad\u00e9quat pour votre machine.<\/p>\n<p>En tant que fabricant leader de rev\u00eatements de cuvette Kodiak K200, notre engagement en faveur de l'excellence est \u00e9vident dans chaque d\u00e9tail.<\/p>\n<p>Con\u00e7us avec pr\u00e9cision pour des performances optimales, nos rev\u00eatements de cuve sont dot\u00e9s d'une structure durable qui garantit une dur\u00e9e de vie prolong\u00e9e.<\/p>\n<p>En choisissant nos rev\u00eatements de cuve Kodiak K200, vous b\u00e9n\u00e9ficiez d'une r\u00e9sistance \u00e0 l'usure sup\u00e9rieure, d'une r\u00e9duction des temps d'arr\u00eat et d'une meilleure efficacit\u00e9 de concassage.<\/p>\n<p>Nous sommes fiers de fournir des produits qui non seulement r\u00e9pondent aux normes de l'industrie, mais les d\u00e9passent. En mettant l'accent sur la qualit\u00e9 et la fiabilit\u00e9, nos rev\u00eatements de cuvette se distinguent comme un t\u00e9moignage de notre d\u00e9vouement \u00e0 la satisfaction du client. Faites confiance \u00e0 notre expertise pour \u00e9lever vos op\u00e9rations de broyage \u00e0 de nouveaux sommets.<\/p>","protected":false},"excerpt":{"rendered":"<p>Mod\u00e8le :<\/p>\n<p>Cavit\u00e9 de broyage : Fine pour fine et grossi\u00e8re<br \/>\nRev\u00eatement de cuvette<br \/>\nEmballage : Fix\u00e9 par un plateau en fer, envelopp\u00e9 d'un film plastique<\/p>","protected":false},"featured_media":11088,"template":"","meta":{"_uag_custom_page_level_css":"","site-sidebar-layout":"default","site-content-layout":"","ast-site-content-layout":"default","site-content-style":"default","site-sidebar-style":"default","ast-global-header-display":"","ast-banner-title-visibility":"","ast-main-header-display":"","ast-hfb-above-header-display":"","ast-hfb-below-header-display":"","ast-hfb-mobile-header-display":"","site-post-title":"","ast-breadcrumbs-content":"","ast-featured-img":"","footer-sml-layout":"","ast-disable-related-posts":"","theme-transparent-header-meta":"default","adv-header-id-meta":"","stick-header-meta":"default","header-above-stick-meta":"","header-main-stick-meta":"","header-below-stick-meta":"","astra-migrate-meta-layouts":"set","ast-page-background-enabled":"default","ast-page-background-meta":{"desktop":{"background-color":"var(--ast-global-color-4)","background-image":"","background-repeat":"repeat","background-position":"center center","background-size":"auto","background-attachment":"scroll","background-type":"","background-media":"","overlay-type":"","overlay-color":"","overlay-opacity":"","overlay-gradient":""},"tablet":{"background-color":"","background-image":"","background-repeat":"repeat","background-position":"center center","background-size":"auto","background-attachment":"scroll","background-type":"","background-media":"","overlay-type":"","overlay-color":"","overlay-opacity":"","overlay-gradient":""},"mobile":{"background-color":"","background-image":"","background-repeat":"repeat","background-position":"center center","background-size":"auto","background-attachment":"scroll","background-type":"","background-media":"","overlay-type":"","overlay-color":"","overlay-opacity":"","overlay-gradient":""}},"ast-content-background-meta":{"desktop":{"background-color":"var(--ast-global-color-5)","background-image":"","background-repeat":"repeat","background-position":"center center","background-size":"auto","background-attachment":"scroll","background-type":"","background-media":"","overlay-type":"","overlay-color":"","overlay-opacity":"","overlay-gradient":""},"tablet":{"background-color":"var(--ast-global-color-5)","background-image":"","background-repeat":"repeat","background-position":"center center","background-size":"auto","background-attachment":"scroll","background-type":"","background-media":"","overlay-type":"","overlay-color":"","overlay-opacity":"","overlay-gradient":""},"mobile":{"background-color":"var(--ast-global-color-5)","background-image":"","background-repeat":"repeat","background-position":"center center","background-size":"auto","background-attachment":"scroll","background-type":"","background-media":"","overlay-type":"","overlay-color":"","overlay-opacity":"","overlay-gradient":""}}},"product_brand":[],"product_cat":[37,36,180],"product_tag":[],"class_list":{"0":"post-760","1":"product","2":"type-product","3":"status-publish","4":"has-post-thumbnail","6":"product_cat-bowl-liner","7":"product_cat-cone-liner","8":"product_cat-kodiak","9":"desktop-align-left","10":"tablet-align-left","11":"mobile-align-left","12":"ast-product-gallery-layout-horizontal-slider","13":"ast-product-gallery-with-no-image","14":"ast-product-single-variable","15":"ast-product-tabs-layout-horizontal","17":"first","18":"instock","19":"shipping-taxable","20":"purchasable","21":"product-type-variable"},"yoast_head":"<!-- This site is optimized with the Yoast SEO plugin v27.4 - https:\/\/yoast.com\/product\/yoast-seo-wordpress\/ -->\n<title>Kodiak k200 bowl Liner cone crusher - Crusher parts, Slurry Pump Parts, Excavator shovel parts<\/title>\n<meta name=\"description\" content=\"Kodiak K200 Bowl Liner, crafted with top-quality Mn18cr2, excels in crushing hard rock. Ensure peak performance with this premium component.\" \/>\n<meta name=\"robots\" content=\"index, follow, max-snippet:-1, max-image-preview:large, max-video-preview:-1\" \/>\n<link rel=\"canonical\" href=\"https:\/\/miningspareparts.com\/fr\/produit\/k200-cone-bowl-liner\/\" \/>\n<meta property=\"og:locale\" content=\"fr_FR\" \/>\n<meta property=\"og:type\" content=\"article\" \/>\n<meta property=\"og:title\" content=\"Kodiak k200 bowl Liner cone crusher - Crusher parts, Slurry Pump Parts, Excavator shovel parts\" \/>\n<meta property=\"og:description\" content=\"Kodiak K200 Bowl Liner, crafted with top-quality Mn18cr2, excels in crushing hard rock. Ensure peak performance with this premium component.\" \/>\n<meta property=\"og:url\" content=\"https:\/\/miningspareparts.com\/fr\/produit\/k200-cone-bowl-liner\/\" \/>\n<meta property=\"og:site_name\" content=\"Crusher parts, Slurry Pump Parts, Excavator shovel parts\" \/>\n<meta property=\"article:modified_time\" content=\"2025-10-31T06:34:16+00:00\" \/>\n<meta property=\"og:image\" content=\"https:\/\/miningspareparts.com\/wp-content\/uploads\/2023\/11\/\u5706\u95254.webp\" \/>\n\t<meta property=\"og:image:width\" content=\"800\" \/>\n\t<meta property=\"og:image:height\" content=\"800\" \/>\n\t<meta property=\"og:image:type\" content=\"image\/webp\" \/>\n<meta name=\"twitter:card\" content=\"summary_large_image\" \/>\n<meta name=\"twitter:label1\" content=\"Dur\u00e9e de lecture estim\u00e9e\" \/>\n\t<meta name=\"twitter:data1\" content=\"2 minutes\" \/>\n<script type=\"application\/ld+json\" class=\"yoast-schema-graph\">{\"@context\":\"https:\\\/\\\/schema.org\",\"@graph\":[{\"@type\":\"WebPage\",\"@id\":\"https:\\\/\\\/miningspareparts.com\\\/product\\\/k200-cone-bowl-liner\\\/\",\"url\":\"https:\\\/\\\/miningspareparts.com\\\/product\\\/k200-cone-bowl-liner\\\/\",\"name\":\"Kodiak k200 bowl Liner cone crusher - Crusher parts, Slurry Pump Parts, Excavator shovel parts\",\"isPartOf\":{\"@id\":\"https:\\\/\\\/miningspareparts.com\\\/#website\"},\"primaryImageOfPage\":{\"@id\":\"https:\\\/\\\/miningspareparts.com\\\/product\\\/k200-cone-bowl-liner\\\/#primaryimage\"},\"image\":{\"@id\":\"https:\\\/\\\/miningspareparts.com\\\/product\\\/k200-cone-bowl-liner\\\/#primaryimage\"},\"thumbnailUrl\":\"https:\\\/\\\/miningspareparts.com\\\/wp-content\\\/uploads\\\/2023\\\/11\\\/\u5706\u95254.webp\",\"datePublished\":\"2023-11-30T06:31:41+00:00\",\"dateModified\":\"2025-10-31T06:34:16+00:00\",\"description\":\"Kodiak K200 Bowl Liner, crafted with top-quality Mn18cr2, excels in crushing hard rock. Ensure peak performance with this premium component.\",\"breadcrumb\":{\"@id\":\"https:\\\/\\\/miningspareparts.com\\\/product\\\/k200-cone-bowl-liner\\\/#breadcrumb\"},\"inLanguage\":\"fr-FR\",\"potentialAction\":[{\"@type\":\"ReadAction\",\"target\":[\"https:\\\/\\\/miningspareparts.com\\\/product\\\/k200-cone-bowl-liner\\\/\"]}]},{\"@type\":\"ImageObject\",\"inLanguage\":\"fr-FR\",\"@id\":\"https:\\\/\\\/miningspareparts.com\\\/product\\\/k200-cone-bowl-liner\\\/#primaryimage\",\"url\":\"https:\\\/\\\/miningspareparts.com\\\/wp-content\\\/uploads\\\/2023\\\/11\\\/\u5706\u95254.webp\",\"contentUrl\":\"https:\\\/\\\/miningspareparts.com\\\/wp-content\\\/uploads\\\/2023\\\/11\\\/\u5706\u95254.webp\",\"width\":800,\"height\":800,\"caption\":\"Kodiak k200 Cone Crusher Liner\"},{\"@type\":\"BreadcrumbList\",\"@id\":\"https:\\\/\\\/miningspareparts.com\\\/product\\\/k200-cone-bowl-liner\\\/#breadcrumb\",\"itemListElement\":[{\"@type\":\"ListItem\",\"position\":1,\"name\":\"Home\",\"item\":\"https:\\\/\\\/miningspareparts.com\\\/\"},{\"@type\":\"ListItem\",\"position\":2,\"name\":\"Premium Mining Wear And Spare Parts\",\"item\":\"https:\\\/\\\/miningspareparts.com\\\/shop\\\/\"},{\"@type\":\"ListItem\",\"position\":3,\"name\":\"Kodiak k200 Cone Crusher Liner\"}]},{\"@type\":\"WebSite\",\"@id\":\"https:\\\/\\\/miningspareparts.com\\\/#website\",\"url\":\"https:\\\/\\\/miningspareparts.com\\\/\",\"name\":\"Crusher parts , Concrete Mixer Parts, Slurry Pump Parts, Mining Spares\",\"description\":\"Mining Wear &amp; Spare Parts Supplier\",\"publisher\":{\"@id\":\"https:\\\/\\\/miningspareparts.com\\\/#organization\"},\"potentialAction\":[{\"@type\":\"SearchAction\",\"target\":{\"@type\":\"EntryPoint\",\"urlTemplate\":\"https:\\\/\\\/miningspareparts.com\\\/?s={search_term_string}\"},\"query-input\":{\"@type\":\"PropertyValueSpecification\",\"valueRequired\":true,\"valueName\":\"search_term_string\"}}],\"inLanguage\":\"fr-FR\"},{\"@type\":\"Organization\",\"@id\":\"https:\\\/\\\/miningspareparts.com\\\/#organization\",\"name\":\"Crusher parts , Concrete Mixer Parts, Slurry Pump Parts, Mining Spares\",\"url\":\"https:\\\/\\\/miningspareparts.com\\\/\",\"logo\":{\"@type\":\"ImageObject\",\"inLanguage\":\"fr-FR\",\"@id\":\"https:\\\/\\\/miningspareparts.com\\\/#\\\/schema\\\/logo\\\/image\\\/\",\"url\":\"https:\\\/\\\/miningspareparts.com\\\/wp-content\\\/uploads\\\/2025\\\/04\\\/cropped-cropped-logo\u6b63\u65b9\u5f62.png\",\"contentUrl\":\"https:\\\/\\\/miningspareparts.com\\\/wp-content\\\/uploads\\\/2025\\\/04\\\/cropped-cropped-logo\u6b63\u65b9\u5f62.png\",\"width\":511,\"height\":171,\"caption\":\"Crusher parts , Concrete Mixer Parts, Slurry Pump Parts, Mining Spares\"},\"image\":{\"@id\":\"https:\\\/\\\/miningspareparts.com\\\/#\\\/schema\\\/logo\\\/image\\\/\"}}]}<\/script>\n<!-- \/ Yoast SEO plugin. -->","yoast_head_json":{"title":"Kodiak k200 bowl Liner cone crusher - Crusher parts, Slurry Pump Parts, Excavator shovel parts","description":"Kodiak K200 Bowl Liner, crafted with top-quality Mn18cr2, excels in crushing hard rock. Ensure peak performance with this premium component.","robots":{"index":"index","follow":"follow","max-snippet":"max-snippet:-1","max-image-preview":"max-image-preview:large","max-video-preview":"max-video-preview:-1"},"canonical":"https:\/\/miningspareparts.com\/fr\/produit\/k200-cone-bowl-liner\/","og_locale":"fr_FR","og_type":"article","og_title":"Kodiak k200 bowl Liner cone crusher - Crusher parts, Slurry Pump Parts, Excavator shovel parts","og_description":"Kodiak K200 Bowl Liner, crafted with top-quality Mn18cr2, excels in crushing hard rock. Ensure peak performance with this premium component.","og_url":"https:\/\/miningspareparts.com\/fr\/produit\/k200-cone-bowl-liner\/","og_site_name":"Crusher parts, Slurry Pump Parts, Excavator shovel parts","article_modified_time":"2025-10-31T06:34:16+00:00","og_image":[{"width":800,"height":800,"url":"https:\/\/miningspareparts.com\/wp-content\/uploads\/2023\/11\/\u5706\u95254.webp","type":"image\/webp"}],"twitter_card":"summary_large_image","twitter_misc":{"Dur\u00e9e de lecture estim\u00e9e":"2 minutes"},"schema":{"@context":"https:\/\/schema.org","@graph":[{"@type":"WebPage","@id":"https:\/\/miningspareparts.com\/product\/k200-cone-bowl-liner\/","url":"https:\/\/miningspareparts.com\/product\/k200-cone-bowl-liner\/","name":"Kodiak k200 bowl Liner cone crusher - Crusher parts, Slurry Pump Parts, Excavator shovel parts","isPartOf":{"@id":"https:\/\/miningspareparts.com\/#website"},"primaryImageOfPage":{"@id":"https:\/\/miningspareparts.com\/product\/k200-cone-bowl-liner\/#primaryimage"},"image":{"@id":"https:\/\/miningspareparts.com\/product\/k200-cone-bowl-liner\/#primaryimage"},"thumbnailUrl":"https:\/\/miningspareparts.com\/wp-content\/uploads\/2023\/11\/\u5706\u95254.webp","datePublished":"2023-11-30T06:31:41+00:00","dateModified":"2025-10-31T06:34:16+00:00","description":"Kodiak K200 Bowl Liner, crafted with top-quality Mn18cr2, excels in crushing hard rock. Ensure peak performance with this premium component.","breadcrumb":{"@id":"https:\/\/miningspareparts.com\/product\/k200-cone-bowl-liner\/#breadcrumb"},"inLanguage":"fr-FR","potentialAction":[{"@type":"ReadAction","target":["https:\/\/miningspareparts.com\/product\/k200-cone-bowl-liner\/"]}]},{"@type":"ImageObject","inLanguage":"fr-FR","@id":"https:\/\/miningspareparts.com\/product\/k200-cone-bowl-liner\/#primaryimage","url":"https:\/\/miningspareparts.com\/wp-content\/uploads\/2023\/11\/\u5706\u95254.webp","contentUrl":"https:\/\/miningspareparts.com\/wp-content\/uploads\/2023\/11\/\u5706\u95254.webp","width":800,"height":800,"caption":"Kodiak k200 Cone Crusher Liner"},{"@type":"BreadcrumbList","@id":"https:\/\/miningspareparts.com\/product\/k200-cone-bowl-liner\/#breadcrumb","itemListElement":[{"@type":"ListItem","position":1,"name":"Home","item":"https:\/\/miningspareparts.com\/"},{"@type":"ListItem","position":2,"name":"Premium Mining Wear And Spare Parts","item":"https:\/\/miningspareparts.com\/shop\/"},{"@type":"ListItem","position":3,"name":"Kodiak k200 Cone Crusher Liner"}]},{"@type":"WebSite","@id":"https:\/\/miningspareparts.com\/#website","url":"https:\/\/miningspareparts.com\/","name":"Crusher parts , Concrete Mixer Parts, Slurry Pump Parts, Mining Spares","description":"Mining Wear &amp; Spare Parts Supplier","publisher":{"@id":"https:\/\/miningspareparts.com\/#organization"},"potentialAction":[{"@type":"SearchAction","target":{"@type":"EntryPoint","urlTemplate":"https:\/\/miningspareparts.com\/?s={search_term_string}"},"query-input":{"@type":"PropertyValueSpecification","valueRequired":true,"valueName":"search_term_string"}}],"inLanguage":"fr-FR"},{"@type":"Organization","@id":"https:\/\/miningspareparts.com\/#organization","name":"Crusher parts , Concrete Mixer Parts, Slurry Pump Parts, Mining Spares","url":"https:\/\/miningspareparts.com\/","logo":{"@type":"ImageObject","inLanguage":"fr-FR","@id":"https:\/\/miningspareparts.com\/#\/schema\/logo\/image\/","url":"https:\/\/miningspareparts.com\/wp-content\/uploads\/2025\/04\/cropped-cropped-logo\u6b63\u65b9\u5f62.png","contentUrl":"https:\/\/miningspareparts.com\/wp-content\/uploads\/2025\/04\/cropped-cropped-logo\u6b63\u65b9\u5f62.png","width":511,"height":171,"caption":"Crusher parts , Concrete Mixer Parts, Slurry Pump Parts, Mining Spares"},"image":{"@id":"https:\/\/miningspareparts.com\/#\/schema\/logo\/image\/"}}]}},"uagb_featured_image_src":{"full":["https:\/\/miningspareparts.com\/wp-content\/uploads\/2023\/11\/\u5706\u95254.webp",800,800,false],"thumbnail":["https:\/\/miningspareparts.com\/wp-content\/uploads\/2023\/11\/\u5706\u95254-150x150.webp",150,150,true],"medium":["https:\/\/miningspareparts.com\/wp-content\/uploads\/2023\/11\/\u5706\u95254-300x300.webp",300,300,true],"medium_large":["https:\/\/miningspareparts.com\/wp-content\/uploads\/2023\/11\/\u5706\u95254-768x768.webp",768,768,true],"large":["https:\/\/miningspareparts.com\/wp-content\/uploads\/2023\/11\/\u5706\u95254.webp",800,800,false],"1536x1536":["https:\/\/miningspareparts.com\/wp-content\/uploads\/2023\/11\/\u5706\u95254.webp",800,800,false],"2048x2048":["https:\/\/miningspareparts.com\/wp-content\/uploads\/2023\/11\/\u5706\u95254.webp",800,800,false],"trp-custom-language-flag":["https:\/\/miningspareparts.com\/wp-content\/uploads\/2023\/11\/\u5706\u95254-12x12.webp",12,12,true],"woocommerce_thumbnail":["https:\/\/miningspareparts.com\/wp-content\/uploads\/2023\/11\/\u5706\u95254-300x300.webp",300,300,true],"woocommerce_single":["https:\/\/miningspareparts.com\/wp-content\/uploads\/2023\/11\/\u5706\u95254-600x600.webp",600,600,true],"woocommerce_gallery_thumbnail":["https:\/\/miningspareparts.com\/wp-content\/uploads\/2023\/11\/\u5706\u95254-100x100.webp",100,100,true]},"uagb_author_info":{"display_name":"Miningspareparts","author_link":"https:\/\/miningspareparts.com\/fr\/author\/"},"uagb_comment_info":2,"uagb_excerpt":"Model: Crushing Cavity: Fine for Fine &amp; Coarse Bowl Liner Packing: Fixed by Iron Tray, Wrapped with Plastic Film","_links":{"self":[{"href":"https:\/\/miningspareparts.com\/fr\/wp-json\/wp\/v2\/product\/760","targetHints":{"allow":["GET"]}}],"collection":[{"href":"https:\/\/miningspareparts.com\/fr\/wp-json\/wp\/v2\/product"}],"about":[{"href":"https:\/\/miningspareparts.com\/fr\/wp-json\/wp\/v2\/types\/product"}],"wp:featuredmedia":[{"embeddable":true,"href":"https:\/\/miningspareparts.com\/fr\/wp-json\/wp\/v2\/media\/11088"}],"wp:attachment":[{"href":"https:\/\/miningspareparts.com\/fr\/wp-json\/wp\/v2\/media?parent=760"}],"wp:term":[{"taxonomy":"product_brand","embeddable":true,"href":"https:\/\/miningspareparts.com\/fr\/wp-json\/wp\/v2\/product_brand?post=760"},{"taxonomy":"product_cat","embeddable":true,"href":"https:\/\/miningspareparts.com\/fr\/wp-json\/wp\/v2\/product_cat?post=760"},{"taxonomy":"product_tag","embeddable":true,"href":"https:\/\/miningspareparts.com\/fr\/wp-json\/wp\/v2\/product_tag?post=760"}],"curies":[{"name":"wp","href":"https:\/\/api.w.org\/{rel}","templated":true}]}}