{"id":785,"date":"2023-11-30T08:54:43","date_gmt":"2023-11-30T08:54:43","guid":{"rendered":"https:\/\/miningspareparts.com\/?post_type=product&#038;p=785"},"modified":"2026-02-10T07:01:15","modified_gmt":"2026-02-10T07:01:15","slug":"komatsu-br380-jaw-tooth","status":"publish","type":"product","link":"https:\/\/miningspareparts.com\/fr\/produit\/komatsu-br380-jaw-tooth\/","title":{"rendered":"Dents de m\u00e2choires du concasseur Komatsu BR380"},"content":{"rendered":"<p><strong>Voici une description de la dent de m\u00e2choire Komatsu BR380<\/strong><\/p>\n<p>Nom de l'article : Plaques de m\u00e2choire, dent de m\u00e2choire fixe, matrice de m\u00e2choire mobile, m\u00e2choire fixe, plaque de m\u00e2choire pivotante, m\u00e2choire fixe, m\u00e2choire mobile ,plaque de joue ,plaque lat\u00e9raleCoul\u00e9e<\/p>\n<p>Mat\u00e9riau : Acier aust\u00e9nitique au mangan\u00e8se (Mn14, M14Cr2, Mn18Cr2, Mn22Cr2)<\/p>\n<p>Mat\u00e9riau applicable : gravier, granit, basalte, minerai, calcaire, gr\u00e8s, quatz, pierre de pav\u00e9<\/p>\n<p style=\"font-weight: 400;\">Applications : Mines, carri\u00e8res, construction, ciment et mat\u00e9riaux, recyclage<\/p>\n<table style=\"font-weight: 400;\">\n<tbody>\n<tr>\n<td width=\"119\"><strong>Code de l'article<\/strong><\/td>\n<td width=\"209\"><strong>Nom de l'article<\/strong><\/td>\n<td width=\"118\"><strong>Description<\/strong><\/td>\n<td width=\"89\"><strong>Mod\u00e8le<\/strong><\/td>\n<td width=\"72\"><strong>Poids<\/strong><\/td>\n<\/tr>\n<\/tbody>\n<\/table>\n<table style=\"font-weight: 400;\">\n<tbody>\n<tr>\n<td>8240-70-5051<\/td>\n<td>Plaque, fixe<\/td>\n<td>Garniture de m\u00e2choire<\/td>\n<td width=\"89\">BR380<\/td>\n<td width=\"72\"><\/td>\n<\/tr>\n<tr>\n<td>8240-70-5052<\/td>\n<td>Plaque de m\u00e2choire fixe<\/td>\n<td>Garniture de m\u00e2choire<\/td>\n<td width=\"89\">BR380JG<\/td>\n<td width=\"72\">890<\/td>\n<\/tr>\n<tr>\n<td>8240-70-5071<\/td>\n<td>Plaque de m\u00e2choire pivotante<\/td>\n<td>Garniture de m\u00e2choire<\/td>\n<td width=\"89\">BR380JG<\/td>\n<td width=\"72\">735<\/td>\n<\/tr>\n<tr>\n<td>8240-70-5111<\/td>\n<td>Plaque sup\u00e9rieure de joue (gauche)<\/td>\n<td>Garniture de m\u00e2choire<\/td>\n<td width=\"89\">BR380JG<\/td>\n<td width=\"72\">74<\/td>\n<\/tr>\n<tr>\n<td>8240-70-5121<\/td>\n<td>Plaque de joue sup\u00e9rieure (droite)<\/td>\n<td>Garniture de m\u00e2choire<\/td>\n<td width=\"89\">BR380JG<\/td>\n<td width=\"72\">74<\/td>\n<\/tr>\n<tr>\n<td>8240-70-5131<\/td>\n<td>Plaque de joue inf\u00e9rieure (gauche)<\/td>\n<td>Garniture de m\u00e2choire<\/td>\n<td width=\"89\">BR380JG<\/td>\n<td width=\"72\">36<\/td>\n<\/tr>\n<tr>\n<td>8240-70-5141<\/td>\n<td>Plaque de joue inf\u00e9rieure (droite)<\/td>\n<td>Garniture de m\u00e2choire<\/td>\n<td width=\"89\">BR380JG<\/td>\n<td width=\"72\">36<\/td>\n<\/tr>\n<tr>\n<td width=\"119\">8240-70-5111 + 8240-70-5131<\/td>\n<td>Plaque, Cheek L.H.<\/td>\n<td>Garniture de m\u00e2choire<\/td>\n<td width=\"89\">BR380<\/td>\n<td width=\"72\"><\/td>\n<\/tr>\n<tr>\n<td width=\"119\">8240-70-5121 + 8240-70-5141<\/td>\n<td>Plaque, Cheek R.H.<\/td>\n<td>Garniture de m\u00e2choire<\/td>\n<td width=\"89\">BR380<\/td>\n<td width=\"72\"><\/td>\n<\/tr>\n<\/tbody>\n<\/table>\n<h5>Pourquoi nous choisir\uff1f<\/h5>\n<p>En tant que fabricant leader de dents de m\u00e2choire Komatsu BR380, notre produit se distingue par sa qualit\u00e9 sup\u00e9rieure et sa durabilit\u00e9. Fabriqu\u00e9es avec pr\u00e9cision, ces dents de m\u00e2choire assurent des performances optimales dans les applications de concassage. La construction robuste garantit la r\u00e9sistance \u00e0 l'usure, ce qui contribue \u00e0 prolonger la dur\u00e9e de vie op\u00e9rationnelle et \u00e0 r\u00e9duire les co\u00fbts de maintenance. Faites confiance \u00e0 notre engagement \u00e0 fournir des composants de haute qualit\u00e9 qui am\u00e9liorent l'efficacit\u00e9 de votre concasseur \u00e0 m\u00e2choires Komatsu BR380.<\/p>","protected":false},"excerpt":{"rendered":"<p>Voici une description de la dent de m\u00e2choire Komatsu BR380 Nom des articles : Plaque de m\u00e2choire, dent de m\u00e2choire fixe, matrice de m\u00e2choire mobile, m\u00e2choire fixe, plaque de m\u00e2choire pivotante, m\u00e2choire fixe, m\u00e2choire mobile ,plaque de joue ,plaque lat\u00e9raleMat\u00e9riau de coul\u00e9e : Acier aust\u00e9nitique au mangan\u00e8se (Mn14, M14Cr2, Mn18Cr2, Mn22Cr2) Mat\u00e9riau applicable : Gravier, granit, basalte, minerai, calcaire, gr\u00e8s, quatz, pierre de taille Applications : Mines, carri\u00e8res, construction, ciment et mat\u00e9riaux, recyclage [...]<\/p>","protected":false},"featured_media":11237,"template":"","meta":{"_uag_custom_page_level_css":"","site-sidebar-layout":"default","site-content-layout":"","ast-site-content-layout":"default","site-content-style":"default","site-sidebar-style":"default","ast-global-header-display":"","ast-banner-title-visibility":"","ast-main-header-display":"","ast-hfb-above-header-display":"","ast-hfb-below-header-display":"","ast-hfb-mobile-header-display":"","site-post-title":"","ast-breadcrumbs-content":"","ast-featured-img":"","footer-sml-layout":"","ast-disable-related-posts":"","theme-transparent-header-meta":"default","adv-header-id-meta":"","stick-header-meta":"default","header-above-stick-meta":"","header-main-stick-meta":"","header-below-stick-meta":"","astra-migrate-meta-layouts":"set","ast-page-background-enabled":"default","ast-page-background-meta":{"desktop":{"background-color":"var(--ast-global-color-4)","background-image":"","background-repeat":"repeat","background-position":"center center","background-size":"auto","background-attachment":"scroll","background-type":"","background-media":"","overlay-type":"","overlay-color":"","overlay-opacity":"","overlay-gradient":""},"tablet":{"background-color":"","background-image":"","background-repeat":"repeat","background-position":"center center","background-size":"auto","background-attachment":"scroll","background-type":"","background-media":"","overlay-type":"","overlay-color":"","overlay-opacity":"","overlay-gradient":""},"mobile":{"background-color":"","background-image":"","background-repeat":"repeat","background-position":"center center","background-size":"auto","background-attachment":"scroll","background-type":"","background-media":"","overlay-type":"","overlay-color":"","overlay-opacity":"","overlay-gradient":""}},"ast-content-background-meta":{"desktop":{"background-color":"var(--ast-global-color-5)","background-image":"","background-repeat":"repeat","background-position":"center center","background-size":"auto","background-attachment":"scroll","background-type":"","background-media":"","overlay-type":"","overlay-color":"","overlay-opacity":"","overlay-gradient":""},"tablet":{"background-color":"var(--ast-global-color-5)","background-image":"","background-repeat":"repeat","background-position":"center center","background-size":"auto","background-attachment":"scroll","background-type":"","background-media":"","overlay-type":"","overlay-color":"","overlay-opacity":"","overlay-gradient":""},"mobile":{"background-color":"var(--ast-global-color-5)","background-image":"","background-repeat":"repeat","background-position":"center center","background-size":"auto","background-attachment":"scroll","background-type":"","background-media":"","overlay-type":"","overlay-color":"","overlay-opacity":"","overlay-gradient":""}}},"product_brand":[],"product_cat":[100,33,32,149],"product_tag":[183,182,181],"class_list":{"0":"post-785","1":"product","2":"type-product","3":"status-publish","4":"has-post-thumbnail","6":"product_cat-crusher-liner","7":"product_cat-jaw-die-plate","8":"product_cat-jaw-liner","9":"product_cat-komatsu","10":"product_tag-crusher-plate","11":"product_tag-jaw-die","12":"product_tag-jaw-plate","13":"desktop-align-left","14":"tablet-align-left","15":"mobile-align-left","16":"ast-product-gallery-layout-horizontal-slider","17":"ast-product-single-variable","18":"ast-product-tabs-layout-horizontal","20":"first","21":"instock","22":"shipping-taxable","23":"purchasable","24":"product-type-variable","25":"has-default-attributes"},"yoast_head":"<!-- This site is optimized with the Yoast SEO plugin v27.4 - https:\/\/yoast.com\/product\/yoast-seo-wordpress\/ -->\n<title>Komatsu BR380 Jaw Tooth Jaw Crusher - Crusher parts, Slurry Pump Parts, Excavator shovel parts<\/title>\n<meta name=\"description\" content=\"Komatsu BR380 Jaw Tooth: This original replacement is made from durable Mn18cr2 to ensure efficient crushing, especially in hard rock applications.\" \/>\n<meta name=\"robots\" content=\"index, follow, max-snippet:-1, max-image-preview:large, max-video-preview:-1\" \/>\n<link rel=\"canonical\" href=\"https:\/\/miningspareparts.com\/fr\/produit\/komatsu-br380-jaw-tooth\/\" \/>\n<meta property=\"og:locale\" content=\"fr_FR\" \/>\n<meta property=\"og:type\" content=\"article\" \/>\n<meta property=\"og:title\" content=\"Komatsu BR380 Jaw Tooth Jaw Crusher - Crusher parts, Slurry Pump Parts, Excavator shovel parts\" \/>\n<meta property=\"og:description\" content=\"Komatsu BR380 Jaw Tooth: This original replacement is made from durable Mn18cr2 to ensure efficient crushing, especially in hard rock applications.\" \/>\n<meta property=\"og:url\" content=\"https:\/\/miningspareparts.com\/fr\/produit\/komatsu-br380-jaw-tooth\/\" \/>\n<meta property=\"og:site_name\" content=\"Crusher parts, Slurry Pump Parts, Excavator shovel parts\" \/>\n<meta property=\"article:modified_time\" content=\"2026-02-10T07:01:15+00:00\" \/>\n<meta property=\"og:image\" content=\"https:\/\/miningspareparts.com\/wp-content\/uploads\/2023\/11\/Komatsu-BR380-Jaw-Crusher-Jaw-Tooth.webp\" \/>\n\t<meta property=\"og:image:width\" content=\"800\" \/>\n\t<meta property=\"og:image:height\" content=\"800\" \/>\n\t<meta property=\"og:image:type\" content=\"image\/webp\" \/>\n<meta name=\"twitter:card\" content=\"summary_large_image\" \/>\n<meta name=\"twitter:label1\" content=\"Dur\u00e9e de lecture estim\u00e9e\" \/>\n\t<meta name=\"twitter:data1\" content=\"2 minutes\" \/>\n<script type=\"application\/ld+json\" class=\"yoast-schema-graph\">{\"@context\":\"https:\\\/\\\/schema.org\",\"@graph\":[{\"@type\":\"WebPage\",\"@id\":\"https:\\\/\\\/miningspareparts.com\\\/product\\\/komatsu-br380-jaw-tooth\\\/\",\"url\":\"https:\\\/\\\/miningspareparts.com\\\/product\\\/komatsu-br380-jaw-tooth\\\/\",\"name\":\"Komatsu BR380 Jaw Tooth Jaw Crusher - Crusher parts, Slurry Pump Parts, Excavator shovel parts\",\"isPartOf\":{\"@id\":\"https:\\\/\\\/miningspareparts.com\\\/#website\"},\"primaryImageOfPage\":{\"@id\":\"https:\\\/\\\/miningspareparts.com\\\/product\\\/komatsu-br380-jaw-tooth\\\/#primaryimage\"},\"image\":{\"@id\":\"https:\\\/\\\/miningspareparts.com\\\/product\\\/komatsu-br380-jaw-tooth\\\/#primaryimage\"},\"thumbnailUrl\":\"https:\\\/\\\/miningspareparts.com\\\/wp-content\\\/uploads\\\/2023\\\/11\\\/Komatsu-BR380-Jaw-Crusher-Jaw-Tooth.webp\",\"datePublished\":\"2023-11-30T08:54:43+00:00\",\"dateModified\":\"2026-02-10T07:01:15+00:00\",\"description\":\"Komatsu BR380 Jaw Tooth: This original replacement is made from durable Mn18cr2 to ensure efficient crushing, especially in hard rock applications.\",\"breadcrumb\":{\"@id\":\"https:\\\/\\\/miningspareparts.com\\\/product\\\/komatsu-br380-jaw-tooth\\\/#breadcrumb\"},\"inLanguage\":\"fr-FR\",\"potentialAction\":[{\"@type\":\"ReadAction\",\"target\":[\"https:\\\/\\\/miningspareparts.com\\\/product\\\/komatsu-br380-jaw-tooth\\\/\"]}]},{\"@type\":\"ImageObject\",\"inLanguage\":\"fr-FR\",\"@id\":\"https:\\\/\\\/miningspareparts.com\\\/product\\\/komatsu-br380-jaw-tooth\\\/#primaryimage\",\"url\":\"https:\\\/\\\/miningspareparts.com\\\/wp-content\\\/uploads\\\/2023\\\/11\\\/Komatsu-BR380-Jaw-Crusher-Jaw-Tooth.webp\",\"contentUrl\":\"https:\\\/\\\/miningspareparts.com\\\/wp-content\\\/uploads\\\/2023\\\/11\\\/Komatsu-BR380-Jaw-Crusher-Jaw-Tooth.webp\",\"width\":800,\"height\":800,\"caption\":\"Komatsu BR380 Jaw Crusher Jaw Tooth\"},{\"@type\":\"BreadcrumbList\",\"@id\":\"https:\\\/\\\/miningspareparts.com\\\/product\\\/komatsu-br380-jaw-tooth\\\/#breadcrumb\",\"itemListElement\":[{\"@type\":\"ListItem\",\"position\":1,\"name\":\"Home\",\"item\":\"https:\\\/\\\/miningspareparts.com\\\/\"},{\"@type\":\"ListItem\",\"position\":2,\"name\":\"Premium Mining Wear And Spare Parts\",\"item\":\"https:\\\/\\\/miningspareparts.com\\\/shop\\\/\"},{\"@type\":\"ListItem\",\"position\":3,\"name\":\"Komatsu BR380 Jaw Crusher Jaw Tooth\"}]},{\"@type\":\"WebSite\",\"@id\":\"https:\\\/\\\/miningspareparts.com\\\/#website\",\"url\":\"https:\\\/\\\/miningspareparts.com\\\/\",\"name\":\"Crusher parts , Concrete Mixer Parts, Slurry Pump Parts, Mining Spares\",\"description\":\"Mining Wear &amp; Spare Parts Supplier\",\"publisher\":{\"@id\":\"https:\\\/\\\/miningspareparts.com\\\/#organization\"},\"potentialAction\":[{\"@type\":\"SearchAction\",\"target\":{\"@type\":\"EntryPoint\",\"urlTemplate\":\"https:\\\/\\\/miningspareparts.com\\\/?s={search_term_string}\"},\"query-input\":{\"@type\":\"PropertyValueSpecification\",\"valueRequired\":true,\"valueName\":\"search_term_string\"}}],\"inLanguage\":\"fr-FR\"},{\"@type\":\"Organization\",\"@id\":\"https:\\\/\\\/miningspareparts.com\\\/#organization\",\"name\":\"Crusher parts , Concrete Mixer Parts, Slurry Pump Parts, Mining Spares\",\"url\":\"https:\\\/\\\/miningspareparts.com\\\/\",\"logo\":{\"@type\":\"ImageObject\",\"inLanguage\":\"fr-FR\",\"@id\":\"https:\\\/\\\/miningspareparts.com\\\/#\\\/schema\\\/logo\\\/image\\\/\",\"url\":\"https:\\\/\\\/miningspareparts.com\\\/wp-content\\\/uploads\\\/2025\\\/04\\\/cropped-cropped-logo\u6b63\u65b9\u5f62.png\",\"contentUrl\":\"https:\\\/\\\/miningspareparts.com\\\/wp-content\\\/uploads\\\/2025\\\/04\\\/cropped-cropped-logo\u6b63\u65b9\u5f62.png\",\"width\":511,\"height\":171,\"caption\":\"Crusher parts , Concrete Mixer Parts, Slurry Pump Parts, Mining Spares\"},\"image\":{\"@id\":\"https:\\\/\\\/miningspareparts.com\\\/#\\\/schema\\\/logo\\\/image\\\/\"}}]}<\/script>\n<!-- \/ Yoast SEO plugin. -->","yoast_head_json":{"title":"Komatsu BR380 Jaw Tooth Jaw Crusher - Crusher parts, Slurry Pump Parts, Excavator shovel parts","description":"Komatsu BR380 Jaw Tooth: This original replacement is made from durable Mn18cr2 to ensure efficient crushing, especially in hard rock applications.","robots":{"index":"index","follow":"follow","max-snippet":"max-snippet:-1","max-image-preview":"max-image-preview:large","max-video-preview":"max-video-preview:-1"},"canonical":"https:\/\/miningspareparts.com\/fr\/produit\/komatsu-br380-jaw-tooth\/","og_locale":"fr_FR","og_type":"article","og_title":"Komatsu BR380 Jaw Tooth Jaw Crusher - Crusher parts, Slurry Pump Parts, Excavator shovel parts","og_description":"Komatsu BR380 Jaw Tooth: This original replacement is made from durable Mn18cr2 to ensure efficient crushing, especially in hard rock applications.","og_url":"https:\/\/miningspareparts.com\/fr\/produit\/komatsu-br380-jaw-tooth\/","og_site_name":"Crusher parts, Slurry Pump Parts, Excavator shovel parts","article_modified_time":"2026-02-10T07:01:15+00:00","og_image":[{"width":800,"height":800,"url":"https:\/\/miningspareparts.com\/wp-content\/uploads\/2023\/11\/Komatsu-BR380-Jaw-Crusher-Jaw-Tooth.webp","type":"image\/webp"}],"twitter_card":"summary_large_image","twitter_misc":{"Dur\u00e9e de lecture estim\u00e9e":"2 minutes"},"schema":{"@context":"https:\/\/schema.org","@graph":[{"@type":"WebPage","@id":"https:\/\/miningspareparts.com\/product\/komatsu-br380-jaw-tooth\/","url":"https:\/\/miningspareparts.com\/product\/komatsu-br380-jaw-tooth\/","name":"Komatsu BR380 Jaw Tooth Jaw Crusher - Crusher parts, Slurry Pump Parts, Excavator shovel parts","isPartOf":{"@id":"https:\/\/miningspareparts.com\/#website"},"primaryImageOfPage":{"@id":"https:\/\/miningspareparts.com\/product\/komatsu-br380-jaw-tooth\/#primaryimage"},"image":{"@id":"https:\/\/miningspareparts.com\/product\/komatsu-br380-jaw-tooth\/#primaryimage"},"thumbnailUrl":"https:\/\/miningspareparts.com\/wp-content\/uploads\/2023\/11\/Komatsu-BR380-Jaw-Crusher-Jaw-Tooth.webp","datePublished":"2023-11-30T08:54:43+00:00","dateModified":"2026-02-10T07:01:15+00:00","description":"Komatsu BR380 Jaw Tooth: This original replacement is made from durable Mn18cr2 to ensure efficient crushing, especially in hard rock applications.","breadcrumb":{"@id":"https:\/\/miningspareparts.com\/product\/komatsu-br380-jaw-tooth\/#breadcrumb"},"inLanguage":"fr-FR","potentialAction":[{"@type":"ReadAction","target":["https:\/\/miningspareparts.com\/product\/komatsu-br380-jaw-tooth\/"]}]},{"@type":"ImageObject","inLanguage":"fr-FR","@id":"https:\/\/miningspareparts.com\/product\/komatsu-br380-jaw-tooth\/#primaryimage","url":"https:\/\/miningspareparts.com\/wp-content\/uploads\/2023\/11\/Komatsu-BR380-Jaw-Crusher-Jaw-Tooth.webp","contentUrl":"https:\/\/miningspareparts.com\/wp-content\/uploads\/2023\/11\/Komatsu-BR380-Jaw-Crusher-Jaw-Tooth.webp","width":800,"height":800,"caption":"Komatsu BR380 Jaw Crusher Jaw Tooth"},{"@type":"BreadcrumbList","@id":"https:\/\/miningspareparts.com\/product\/komatsu-br380-jaw-tooth\/#breadcrumb","itemListElement":[{"@type":"ListItem","position":1,"name":"Home","item":"https:\/\/miningspareparts.com\/"},{"@type":"ListItem","position":2,"name":"Premium Mining Wear And Spare Parts","item":"https:\/\/miningspareparts.com\/shop\/"},{"@type":"ListItem","position":3,"name":"Komatsu BR380 Jaw Crusher Jaw Tooth"}]},{"@type":"WebSite","@id":"https:\/\/miningspareparts.com\/#website","url":"https:\/\/miningspareparts.com\/","name":"Crusher parts , Concrete Mixer Parts, Slurry Pump Parts, Mining Spares","description":"Mining Wear &amp; Spare Parts Supplier","publisher":{"@id":"https:\/\/miningspareparts.com\/#organization"},"potentialAction":[{"@type":"SearchAction","target":{"@type":"EntryPoint","urlTemplate":"https:\/\/miningspareparts.com\/?s={search_term_string}"},"query-input":{"@type":"PropertyValueSpecification","valueRequired":true,"valueName":"search_term_string"}}],"inLanguage":"fr-FR"},{"@type":"Organization","@id":"https:\/\/miningspareparts.com\/#organization","name":"Crusher parts , Concrete Mixer Parts, Slurry Pump Parts, Mining Spares","url":"https:\/\/miningspareparts.com\/","logo":{"@type":"ImageObject","inLanguage":"fr-FR","@id":"https:\/\/miningspareparts.com\/#\/schema\/logo\/image\/","url":"https:\/\/miningspareparts.com\/wp-content\/uploads\/2025\/04\/cropped-cropped-logo\u6b63\u65b9\u5f62.png","contentUrl":"https:\/\/miningspareparts.com\/wp-content\/uploads\/2025\/04\/cropped-cropped-logo\u6b63\u65b9\u5f62.png","width":511,"height":171,"caption":"Crusher parts , Concrete Mixer Parts, Slurry Pump Parts, Mining Spares"},"image":{"@id":"https:\/\/miningspareparts.com\/#\/schema\/logo\/image\/"}}]}},"uagb_featured_image_src":{"full":["https:\/\/miningspareparts.com\/wp-content\/uploads\/2023\/11\/Komatsu-BR380-Jaw-Crusher-Jaw-Tooth.webp",800,800,false],"thumbnail":["https:\/\/miningspareparts.com\/wp-content\/uploads\/2023\/11\/Komatsu-BR380-Jaw-Crusher-Jaw-Tooth-150x150.webp",150,150,true],"medium":["https:\/\/miningspareparts.com\/wp-content\/uploads\/2023\/11\/Komatsu-BR380-Jaw-Crusher-Jaw-Tooth-300x300.webp",300,300,true],"medium_large":["https:\/\/miningspareparts.com\/wp-content\/uploads\/2023\/11\/Komatsu-BR380-Jaw-Crusher-Jaw-Tooth-768x768.webp",768,768,true],"large":["https:\/\/miningspareparts.com\/wp-content\/uploads\/2023\/11\/Komatsu-BR380-Jaw-Crusher-Jaw-Tooth.webp",800,800,false],"1536x1536":["https:\/\/miningspareparts.com\/wp-content\/uploads\/2023\/11\/Komatsu-BR380-Jaw-Crusher-Jaw-Tooth.webp",800,800,false],"2048x2048":["https:\/\/miningspareparts.com\/wp-content\/uploads\/2023\/11\/Komatsu-BR380-Jaw-Crusher-Jaw-Tooth.webp",800,800,false],"trp-custom-language-flag":["https:\/\/miningspareparts.com\/wp-content\/uploads\/2023\/11\/Komatsu-BR380-Jaw-Crusher-Jaw-Tooth-12x12.webp",12,12,true],"woocommerce_thumbnail":["https:\/\/miningspareparts.com\/wp-content\/uploads\/2023\/11\/Komatsu-BR380-Jaw-Crusher-Jaw-Tooth-300x300.webp",300,300,true],"woocommerce_single":["https:\/\/miningspareparts.com\/wp-content\/uploads\/2023\/11\/Komatsu-BR380-Jaw-Crusher-Jaw-Tooth-600x600.webp",600,600,true],"woocommerce_gallery_thumbnail":["https:\/\/miningspareparts.com\/wp-content\/uploads\/2023\/11\/Komatsu-BR380-Jaw-Crusher-Jaw-Tooth-100x100.webp",100,100,true]},"uagb_author_info":{"display_name":"Miningspareparts","author_link":"https:\/\/miningspareparts.com\/fr\/author\/"},"uagb_comment_info":0,"uagb_excerpt":"Here is a description of the Komatsu BR380 Jaw Tooth Item Names: Jaw Plates,Stationary Jaw Tooth, Movable Jaw Die,Fixed Jaw, Swing Jaw Plate,Jaw Fixed, Jaw Moveable ,Cheek Plate ,Side PlateCasting Material: Austenstic Manganese Steel (Mn14, M14Cr2, Mn18Cr2, Mn22Cr2) Applicable Material:Gravel, Granite, Basalt, Ore, Limestone, Sandstone ,Quatz,Cobblestone Applications: Mining , Quarry, Construction ,Cement and Materials ,Recycling\u2026","_links":{"self":[{"href":"https:\/\/miningspareparts.com\/fr\/wp-json\/wp\/v2\/product\/785","targetHints":{"allow":["GET"]}}],"collection":[{"href":"https:\/\/miningspareparts.com\/fr\/wp-json\/wp\/v2\/product"}],"about":[{"href":"https:\/\/miningspareparts.com\/fr\/wp-json\/wp\/v2\/types\/product"}],"wp:featuredmedia":[{"embeddable":true,"href":"https:\/\/miningspareparts.com\/fr\/wp-json\/wp\/v2\/media\/11237"}],"wp:attachment":[{"href":"https:\/\/miningspareparts.com\/fr\/wp-json\/wp\/v2\/media?parent=785"}],"wp:term":[{"taxonomy":"product_brand","embeddable":true,"href":"https:\/\/miningspareparts.com\/fr\/wp-json\/wp\/v2\/product_brand?post=785"},{"taxonomy":"product_cat","embeddable":true,"href":"https:\/\/miningspareparts.com\/fr\/wp-json\/wp\/v2\/product_cat?post=785"},{"taxonomy":"product_tag","embeddable":true,"href":"https:\/\/miningspareparts.com\/fr\/wp-json\/wp\/v2\/product_tag?post=785"}],"curies":[{"name":"wp","href":"https:\/\/api.w.org\/{rel}","templated":true}]}}