{"id":8703,"date":"2024-05-20T03:48:23","date_gmt":"2024-05-20T03:48:23","guid":{"rendered":"https:\/\/miningspareparts.com\/?post_type=product&#038;p=8703"},"modified":"2025-12-02T06:49:40","modified_gmt":"2025-12-02T06:49:40","slug":"gp300s-bowl-liner-and-mantle-cone-crusher","status":"publish","type":"product","link":"https:\/\/miningspareparts.com\/fr\/produit\/gp300s-bowl-liner-and-mantle-cone-crusher\/","title":{"rendered":"Concasseur \u00e0 c\u00f4ne GP300S avec rev\u00eatement de cuve et manteau"},"content":{"rendered":"<p><strong>MiningSpares a une compr\u00e9hension et une couverture de longue date des concasseurs \u00e0 c\u00f4ne GP300S \uff0c<\/strong><strong>Voici une description du rev\u00eatement de cuvette et du manteau du GP300S.<\/strong><\/p>\n<p>Articles : Concave, manteau, anneau concave, segment concave, rev\u00eatement de cuvette, rev\u00eatement de c\u00f4ne, protection de bras, plaque de distribution.<br \/>\nMat\u00e9riau de coul\u00e9e : Acier aust\u00e9nitique au mangan\u00e8se (Mn14, M14Cr2, Mn18Cr2, Mn22Cr2)<br \/>\nM\u00e9thode de moulage : Coul\u00e9e de sable au verre d'eau<br \/>\nMat\u00e9riau applicable : gravier, granit, basalte, minerai, calcaire, gr\u00e8s, quatz, pierre de pav\u00e9<br \/>\nApplications : Mines, carri\u00e8res, construction, ciment et mat\u00e9riaux, recyclage<\/p>\n<p>Le rev\u00eatement de cuvette et le manteau GP300S de MiningSpares utilisent des alliages de mangan\u00e8se de haute qualit\u00e9, notamment les alliages 13% Standard, 18% Premium et 22% High, pour r\u00e9pondre aux diverses exigences op\u00e9rationnelles et peuvent \u00eatre personnalis\u00e9s en fonction de vos besoins.<br \/>\nNous proposons \u00e9galement diff\u00e9rentes couleurs au choix : rouge, bleu, vert, noir, gris, etc.<\/p>\n<p><strong>Le processus de fabrication est tr\u00e8s rigoureux afin d'assurer une adaptation parfaite au concasseur \u00e0 c\u00f4ne MCC1000.<\/strong><\/p>\n<p><img fetchpriority=\"high\" decoding=\"async\" class=\"alignnone wp-image-12135\" src=\"https:\/\/miningspareparts.com\/wp-content\/uploads\/2024\/05\/2222-1024x582.png\" alt=\"\" width=\"1320\" height=\"750\" srcset=\"https:\/\/miningspareparts.com\/wp-content\/uploads\/2024\/05\/2222-1024x582.png 1024w, https:\/\/miningspareparts.com\/wp-content\/uploads\/2024\/05\/2222-300x170.png 300w, https:\/\/miningspareparts.com\/wp-content\/uploads\/2024\/05\/2222-768x436.png 768w, https:\/\/miningspareparts.com\/wp-content\/uploads\/2024\/05\/2222-18x10.png 18w, https:\/\/miningspareparts.com\/wp-content\/uploads\/2024\/05\/2222-600x341.png 600w, https:\/\/miningspareparts.com\/wp-content\/uploads\/2024\/05\/2222.png 1098w\" sizes=\"(max-width: 1320px) 100vw, 1320px\" \/><br \/>\nLe rev\u00eatement de bol et le manteau du GP300S de MiningSpares sont fabriqu\u00e9s \u00e0 l'aide de proc\u00e9d\u00e9s de moulage avanc\u00e9s. Au cours du processus de fabrication, nous contr\u00f4lons strictement la s\u00e9lection des mat\u00e9riaux et le d\u00e9roulement du processus afin de garantir l'excellence de la qualit\u00e9 et des performances du produit. Nous utilisons des mat\u00e9riaux en acier alli\u00e9 de haute qualit\u00e9, combin\u00e9s \u00e0 une technologie de moulage avanc\u00e9e, pour garantir que le marteau-pilon pr\u00e9sente une excellente r\u00e9sistance \u00e0 l'usure et aux chocs. En outre, notre processus de production comprend des proc\u00e9d\u00e9s d'usinage de pr\u00e9cision et de traitement thermique afin d'am\u00e9liorer encore la r\u00e9sistance et la durabilit\u00e9 des barres de soufflage.<\/p>\n<p>Pour la plupart des marques mondialement connues telles que Mettso, Sandvick, Terex, Shanbao, Telsmith, etc.<br \/>\n<strong>Nous disposons tous d'un stock important de dessins originaux, ce qui nous permet de produire \u00e0 un co\u00fbt relativement faible.<\/strong><\/p>\n<table width=\"1268\">\n<tbody>\n<tr>\n<td width=\"142\"><strong>Marque<\/strong><\/td>\n<td width=\"239\"><strong>S\u00e9rie<\/strong><\/td>\n<td width=\"887\"><strong>Mod\u00e8le de concasseur<\/strong><\/td>\n<\/tr>\n<tr>\n<td rowspan=\"4\">Mettso<\/td>\n<td>S\u00e9rie de c\u00f4nes Nordberg HP<\/td>\n<td>HP100, HP200, HP300, HP400, HP500, HP700, HP800 , HP900, HP3, HP4, HP5, HP6<\/td>\n<\/tr>\n<tr>\n<td>S\u00e9rie GP de Nordberg<\/td>\n<td>GP100, GP200, GP200S, GP300, GP300S, GP11F, GP500, GP550S, GP220, GP330, GP7<\/td>\n<\/tr>\n<tr>\n<td>S\u00e9rie MP de Nordberg<\/td>\n<td>MP800, MP1000, MP1250, MP2250<\/td>\n<\/tr>\n<tr>\n<td>S\u00e9rie multi-cylindres Omnicone<\/td>\n<td>937SX, 1144SX, 1352, 1560, 937ST, 1352ST, 1144ST<\/td>\n<\/tr>\n<tr>\n<td rowspan=\"3\">Sandvick<\/td>\n<td>Concasseur \u00e0 c\u00f4ne s\u00e9rie CH<\/td>\n<td>CH420, CH430, CH440, CH830i, CH540, CH550, CH840i, CH660, CH860i, CH865, CH865i, CH870, CH870i, CH880, CH890 CH890i, CH895i<\/td>\n<\/tr>\n<tr>\n<td>Concasseur \u00e0 c\u00f4ne s\u00e9rie CS<\/td>\n<td>CS420, CS430, CS440, CS840i, CS660<\/td>\n<\/tr>\n<tr>\n<td>Gamme de c\u00f4nes giratoires sup\u00e9rieurs<\/td>\n<td>\u00a0S2800, S3800, S4800, S6800<\/td>\n<\/tr>\n<tr>\n<td>Kleemann<\/td>\n<td>Gamme Mobicone<\/td>\n<td>MCO9, MCO9i, MCO9s, MCO9si, MCO11, MCO11s, MCO11sx, MCO11 Pro, MCO13, MCO13s<\/td>\n<\/tr>\n<tr>\n<td rowspan=\"3\">Shanbao<\/td>\n<td>S\u00e9rie PYB<\/td>\n<td>PYB900, PYD900, PYZ900, PYB1200, PYD1200, PYZ1200, PYB1750, PYZ1750, PYD1750, PYB2200, PYZ2200, PYD2200<\/td>\n<\/tr>\n<tr>\n<td>S\u00e9rie PYFB<\/td>\n<td>PYFB1325, PYFB1324, PYFB1321, PYFB1636, PYFB1626, PYFB1624, PYFB1620<\/td>\n<\/tr>\n<tr>\n<td>S\u00e9rie PYFD<\/td>\n<td>\u00a0PYFD1313, PYFD1310, PYFD1308, PYFD1608, PYFD1607, PYFD1613, PYFD1614, PYFD1608, PYFD1607, PYFD1614<\/td>\n<\/tr>\n<tr>\n<td rowspan=\"2\">Symons<\/td>\n<td>Concasseur \u00e0 c\u00f4ne s\u00e9rie FT<\/td>\n<td>2FT, 3FT, 4FT, 4-1\/4FT, 5-1\/2FT, 7FT<\/td>\n<\/tr>\n<tr>\n<td>S\u00e9rie Gyradisc<\/td>\n<td>36&#8243;,\u00a0 48&#8243;,\u00a0 66&#8243;<\/td>\n<\/tr>\n<tr>\n<td rowspan=\"5\">Terex<\/td>\n<td>Gamme El-Jay Rollercone<\/td>\n<td>ELJAY 45\u2033, ELJAY 54\u2033, ELJAY 66\u2033<\/td>\n<\/tr>\n<tr>\n<td>Cedarapids<\/td>\n<td>RC36, RC45<\/td>\n<\/tr>\n<tr>\n<td>Concasseur \u00e0 c\u00f4ne s\u00e9rie TC\/TG<\/td>\n<td>TC1000, TC1150, TC1300, TG120, TG220, TG320, TG420, TG820, TG1020, TC100SR, TC1400, TC1500<\/td>\n<\/tr>\n<tr>\n<td>Concasseur \u00e0 c\u00f4ne s\u00e9rie TGS\/MVP<\/td>\n<td>TGS120, TGS220, TGS320, TGS420, MVP380X, MVP450X, MVP550X, RC45III<\/td>\n<\/tr>\n<tr>\n<td>Gamme de c\u00f4nes MVP de Cedar Rapids<\/td>\n<td>MVP280, MVP380, MVP450, MVP550, MVP380X, MVP450X, MVP550X<\/td>\n<\/tr>\n<tr>\n<td rowspan=\"3\">Telsmith<\/td>\n<td>Concasseur \u00e0 c\u00f4ne s\u00e9rie T<\/td>\n<td>T200, T300, T400, T500, T900.<\/td>\n<\/tr>\n<tr>\n<td>S\u00e9rie de c\u00f4nes Gyrasphere<\/td>\n<td>24\u2033, 36\u2033Std, 36FC, 38H, 44\u2033, 48S\", 48FC<\/td>\n<\/tr>\n<tr>\n<td>Concasseur \u00e0 c\u00f4ne s\u00e9rie SBS\/SBX<\/td>\n<td>SBS38, SBS44, SBS52, SBS57, SBS68, SBX44, SBX52, SBX57<\/td>\n<\/tr>\n<tr>\n<td rowspan=\"2\">Faco<\/td>\n<td>S\u00e9rie Cone Allis Chalmers<\/td>\n<td>6-45,\u00a0 7-60,\u00a0 3-48, 3-84,\u00a0 2-60,\u00a0 10-60,\u00a0 3-60<\/td>\n<\/tr>\n<tr>\n<td>S\u00e9rie Hydrocone Allis Chalmers<\/td>\n<td>H2000, H3000, H4000, H6000, H7000, H8000, H36\u2033, H51\u2033.<\/td>\n<\/tr>\n<tr>\n<td>Svedala<\/td>\n<td>\u00a0S\u00e9rie Hydrocone<\/td>\n<td>H2800, H3800, H4800, H6800, H7800, H8800, H51, H36<\/td>\n<\/tr>\n<tr>\n<td>Chyi Meang<\/td>\n<td>S\u00e9rie c\u00f4ne hydraulique<\/td>\n<td>PS2S , PC2S, PF2S, PC3S, PF3S, PC4S, PF4S, PSS2S<\/td>\n<\/tr>\n<tr>\n<td rowspan=\"2\">Minyu<\/td>\n<td>S\u00e9rie de c\u00f4nes combin\u00e9s<\/td>\n<td>MCC1000, MCF1150, MCC1300, MCSS1300, MCC1370, MCC1500, MCS1500, MCC1680, MCF1680<\/td>\n<\/tr>\n<tr>\n<td>S\u00e9rie c\u00f4ne hydraulique<\/td>\n<td>MSP100, MSP200, MSP300, MSP400<\/td>\n<\/tr>\n<tr>\n<td>Kawasaki<\/td>\n<td>S\u00e9rie RX Cone<\/td>\n<td>RXC150, RXC220, RXC270<\/td>\n<\/tr>\n<tr>\n<td>Trio<\/td>\n<td width=\"239\">S\u00e9rie TC<\/td>\n<td>TC36, TC51, TC66, TC84 Standard &amp; Shorthead<\/td>\n<\/tr>\n<tr>\n<td>McColskey<\/td>\n<td width=\"239\">S\u00e9rie Mobile Cone<\/td>\n<td>C38, C44, C40, C50<\/td>\n<\/tr>\n<tr>\n<td>Sovient<\/td>\n<td width=\"239\">S\u00e9rie KMD<\/td>\n<td>KCD-600, KCD-900, KMD-1200, KMD-1750, KMD-2200, KSD-2200<\/td>\n<\/tr>\n<tr>\n<td>Kodiak<\/td>\n<td width=\"239\">S\u00e9rie Cone<\/td>\n<td>K200+ , k300+ , K400+<\/td>\n<\/tr>\n<tr>\n<td>Sanme<\/td>\n<td width=\"239\">S\u00e9rie SMH<\/td>\n<td>SMH120, SMH180, SMH250DC, SMH350EC, SMH550, CC51<\/td>\n<\/tr>\n<tr>\n<td>Nakayama<\/td>\n<td width=\"239\">S\u00e9rie Cone<\/td>\n<td>NEM40H, NCC40H, NCSH42H, NSC200, NSC300, NSC400<\/td>\n<\/tr>\n<tr>\n<td>FLS midth<\/td>\n<td width=\"239\">S\u00e9rie Raptor Cone<\/td>\n<td>XL300, XL400, XL500, XL600, XL900, XL1100, XL1300, XL2000, XL410<\/td>\n<\/tr>\n<tr>\n<td rowspan=\"2\">Liming SBM<\/td>\n<td width=\"239\">S\u00e9rie Vipeak CS<\/td>\n<td>CS75B, CS75D, CS160B, CS160D, CS240B, CS240D, CS400B, CS400D<\/td>\n<\/tr>\n<tr>\n<td width=\"239\">S\u00e9rie Kefid HST<\/td>\n<td>HST100, HST160, HST250, HST315, HST560, HST750<\/td>\n<\/tr>\n<tr>\n<td>Z\u00e9nith<\/td>\n<td width=\"239\">S\u00e9rie HPT\/HPC<\/td>\n<td>HPT100, HPT200, HPT300, HPT400, HPT500, HPT800, HPC220, HPC400<\/td>\n<\/tr>\n<tr>\n<td style=\"text-align: center;\" colspan=\"3\"><strong>Autres marques et dessins personnalis\u00e9s, veuillez nous contacter pour promote@miningspareparts.com<\/strong><\/td>\n<\/tr>\n<\/tbody>\n<\/table>\n<p>&nbsp;<\/p>","protected":false},"excerpt":{"rendered":"<p>MiningSpares has long understanding and coverage GP300S cone crushers match \uff0cHere is a description of the GP300S Bowl Liner and Mantle. Items: Concave, Mantle, Concave Ring, Concave Segment , Bowl Liner,Cone Liner,Arm Guard, Distribution Plate Casting Material: Austenstic Manganese Steel (Mn14, M14Cr2, Mn18Cr2, Mn22Cr2) Casting Method: Water Glass Sand Casting Applicable Material:Gravel, Granite, Basalt, Ore, [&hellip;]<\/p>","protected":false},"featured_media":11106,"template":"","meta":{"_uag_custom_page_level_css":"","site-sidebar-layout":"default","site-content-layout":"","ast-site-content-layout":"default","site-content-style":"default","site-sidebar-style":"default","ast-global-header-display":"","ast-banner-title-visibility":"","ast-main-header-display":"","ast-hfb-above-header-display":"","ast-hfb-below-header-display":"","ast-hfb-mobile-header-display":"","site-post-title":"","ast-breadcrumbs-content":"","ast-featured-img":"","footer-sml-layout":"","ast-disable-related-posts":"","theme-transparent-header-meta":"default","adv-header-id-meta":"","stick-header-meta":"default","header-above-stick-meta":"","header-main-stick-meta":"","header-below-stick-meta":"","astra-migrate-meta-layouts":"set","ast-page-background-enabled":"default","ast-page-background-meta":{"desktop":{"background-color":"var(--ast-global-color-4)","background-image":"","background-repeat":"repeat","background-position":"center center","background-size":"auto","background-attachment":"scroll","background-type":"","background-media":"","overlay-type":"","overlay-color":"","overlay-opacity":"","overlay-gradient":""},"tablet":{"background-color":"","background-image":"","background-repeat":"repeat","background-position":"center center","background-size":"auto","background-attachment":"scroll","background-type":"","background-media":"","overlay-type":"","overlay-color":"","overlay-opacity":"","overlay-gradient":""},"mobile":{"background-color":"","background-image":"","background-repeat":"repeat","background-position":"center center","background-size":"auto","background-attachment":"scroll","background-type":"","background-media":"","overlay-type":"","overlay-color":"","overlay-opacity":"","overlay-gradient":""}},"ast-content-background-meta":{"desktop":{"background-color":"var(--ast-global-color-5)","background-image":"","background-repeat":"repeat","background-position":"center center","background-size":"auto","background-attachment":"scroll","background-type":"","background-media":"","overlay-type":"","overlay-color":"","overlay-opacity":"","overlay-gradient":""},"tablet":{"background-color":"var(--ast-global-color-5)","background-image":"","background-repeat":"repeat","background-position":"center center","background-size":"auto","background-attachment":"scroll","background-type":"","background-media":"","overlay-type":"","overlay-color":"","overlay-opacity":"","overlay-gradient":""},"mobile":{"background-color":"var(--ast-global-color-5)","background-image":"","background-repeat":"repeat","background-position":"center center","background-size":"auto","background-attachment":"scroll","background-type":"","background-media":"","overlay-type":"","overlay-color":"","overlay-opacity":"","overlay-gradient":""}}},"product_brand":[],"product_cat":[284,100,37,36,57,224,238,223,87,251,114],"product_tag":[205,204,405,353,354,383],"class_list":{"0":"post-8703","1":"product","2":"type-product","3":"status-publish","4":"has-post-thumbnail","6":"product_cat-by-brands","7":"product_cat-crusher-liner","8":"product_cat-bowl-liner","9":"product_cat-cone-liner","10":"product_cat-crusher-spares","11":"product_cat-assembly","12":"product_cat-mantle-assembly","13":"product_cat-machining-parts","14":"product_cat-engineering-parts","15":"product_cat-mantle","16":"product_cat-mesto","17":"product_tag-bowl-liner","18":"product_tag-mantle","19":"product_tag-cone-crusher","20":"product_tag-crusher-spare-parts-manufacturers","21":"product_tag-crusher-wear-parts","22":"product_tag-high-manganese","23":"desktop-align-left","24":"tablet-align-left","25":"mobile-align-left","26":"ast-product-gallery-layout-horizontal-slider","27":"ast-product-gallery-with-no-image","28":"ast-product-single-variable","29":"ast-product-tabs-layout-horizontal","31":"first","32":"instock","33":"shipping-taxable","34":"purchasable","35":"product-type-variable"},"yoast_head":"<!-- This site is optimized with the Yoast SEO plugin v27.4 - https:\/\/yoast.com\/product\/yoast-seo-wordpress\/ -->\n<title>GP300S Bowl Liner and Mantle Cone Crusher- Crusher parts, Slurry Pump Parts, Excavator shovel parts<\/title>\n<meta name=\"description\" content=\"Wearplus&#039;GP300S Bowl Liner, original genuine replacement, favorable price, high quality manganese alloy casting, excellent wear resistance\" \/>\n<meta name=\"robots\" content=\"index, follow, max-snippet:-1, max-image-preview:large, max-video-preview:-1\" \/>\n<link rel=\"canonical\" href=\"https:\/\/miningspareparts.com\/fr\/produit\/gp300s-bowl-liner-and-mantle-cone-crusher\/\" \/>\n<meta property=\"og:locale\" content=\"fr_FR\" \/>\n<meta property=\"og:type\" content=\"article\" \/>\n<meta property=\"og:title\" content=\"GP300S Bowl Liner and Mantle Cone Crusher- Crusher parts, Slurry Pump Parts, Excavator shovel parts\" \/>\n<meta property=\"og:description\" content=\"Wearplus&#039;GP300S Bowl Liner, original genuine replacement, favorable price, high quality manganese alloy casting, excellent wear resistance\" \/>\n<meta property=\"og:url\" content=\"https:\/\/miningspareparts.com\/fr\/produit\/gp300s-bowl-liner-and-mantle-cone-crusher\/\" \/>\n<meta property=\"og:site_name\" content=\"Crusher parts, Slurry Pump Parts, Excavator shovel parts\" \/>\n<meta property=\"article:modified_time\" content=\"2025-12-02T06:49:40+00:00\" \/>\n<meta property=\"og:image\" content=\"https:\/\/miningspareparts.com\/wp-content\/uploads\/2024\/05\/GP300S-Liner.webp\" \/>\n\t<meta property=\"og:image:width\" content=\"800\" \/>\n\t<meta property=\"og:image:height\" content=\"800\" \/>\n\t<meta property=\"og:image:type\" content=\"image\/webp\" \/>\n<meta name=\"twitter:card\" content=\"summary_large_image\" \/>\n<meta name=\"twitter:label1\" content=\"Dur\u00e9e de lecture estim\u00e9e\" \/>\n\t<meta name=\"twitter:data1\" content=\"5 minutes\" \/>\n<script type=\"application\/ld+json\" class=\"yoast-schema-graph\">{\"@context\":\"https:\\\/\\\/schema.org\",\"@graph\":[{\"@type\":\"WebPage\",\"@id\":\"https:\\\/\\\/miningspareparts.com\\\/product\\\/gp300s-bowl-liner-and-mantle-cone-crusher\\\/\",\"url\":\"https:\\\/\\\/miningspareparts.com\\\/product\\\/gp300s-bowl-liner-and-mantle-cone-crusher\\\/\",\"name\":\"GP300S Bowl Liner and Mantle Cone Crusher- Crusher parts, Slurry Pump Parts, Excavator shovel parts\",\"isPartOf\":{\"@id\":\"https:\\\/\\\/miningspareparts.com\\\/#website\"},\"primaryImageOfPage\":{\"@id\":\"https:\\\/\\\/miningspareparts.com\\\/product\\\/gp300s-bowl-liner-and-mantle-cone-crusher\\\/#primaryimage\"},\"image\":{\"@id\":\"https:\\\/\\\/miningspareparts.com\\\/product\\\/gp300s-bowl-liner-and-mantle-cone-crusher\\\/#primaryimage\"},\"thumbnailUrl\":\"https:\\\/\\\/miningspareparts.com\\\/wp-content\\\/uploads\\\/2024\\\/05\\\/GP300S-Liner.webp\",\"datePublished\":\"2024-05-20T03:48:23+00:00\",\"dateModified\":\"2025-12-02T06:49:40+00:00\",\"description\":\"Wearplus'GP300S Bowl Liner, original genuine replacement, favorable price, high quality manganese alloy casting, excellent wear resistance\",\"breadcrumb\":{\"@id\":\"https:\\\/\\\/miningspareparts.com\\\/product\\\/gp300s-bowl-liner-and-mantle-cone-crusher\\\/#breadcrumb\"},\"inLanguage\":\"fr-FR\",\"potentialAction\":[{\"@type\":\"ReadAction\",\"target\":[\"https:\\\/\\\/miningspareparts.com\\\/product\\\/gp300s-bowl-liner-and-mantle-cone-crusher\\\/\"]}]},{\"@type\":\"ImageObject\",\"inLanguage\":\"fr-FR\",\"@id\":\"https:\\\/\\\/miningspareparts.com\\\/product\\\/gp300s-bowl-liner-and-mantle-cone-crusher\\\/#primaryimage\",\"url\":\"https:\\\/\\\/miningspareparts.com\\\/wp-content\\\/uploads\\\/2024\\\/05\\\/GP300S-Liner.webp\",\"contentUrl\":\"https:\\\/\\\/miningspareparts.com\\\/wp-content\\\/uploads\\\/2024\\\/05\\\/GP300S-Liner.webp\",\"width\":800,\"height\":800,\"caption\":\"GP300S Bowl Liner and Mantle Cone Crusher\"},{\"@type\":\"BreadcrumbList\",\"@id\":\"https:\\\/\\\/miningspareparts.com\\\/product\\\/gp300s-bowl-liner-and-mantle-cone-crusher\\\/#breadcrumb\",\"itemListElement\":[{\"@type\":\"ListItem\",\"position\":1,\"name\":\"Home\",\"item\":\"https:\\\/\\\/miningspareparts.com\\\/\"},{\"@type\":\"ListItem\",\"position\":2,\"name\":\"Premium Mining Wear And Spare Parts\",\"item\":\"https:\\\/\\\/miningspareparts.com\\\/shop\\\/\"},{\"@type\":\"ListItem\",\"position\":3,\"name\":\"GP300S Bowl Liner and Mantle Cone Crusher\"}]},{\"@type\":\"WebSite\",\"@id\":\"https:\\\/\\\/miningspareparts.com\\\/#website\",\"url\":\"https:\\\/\\\/miningspareparts.com\\\/\",\"name\":\"Crusher parts , Concrete Mixer Parts, Slurry Pump Parts, Mining Spares\",\"description\":\"Mining Wear &amp; Spare Parts Supplier\",\"publisher\":{\"@id\":\"https:\\\/\\\/miningspareparts.com\\\/#organization\"},\"potentialAction\":[{\"@type\":\"SearchAction\",\"target\":{\"@type\":\"EntryPoint\",\"urlTemplate\":\"https:\\\/\\\/miningspareparts.com\\\/?s={search_term_string}\"},\"query-input\":{\"@type\":\"PropertyValueSpecification\",\"valueRequired\":true,\"valueName\":\"search_term_string\"}}],\"inLanguage\":\"fr-FR\"},{\"@type\":\"Organization\",\"@id\":\"https:\\\/\\\/miningspareparts.com\\\/#organization\",\"name\":\"Crusher parts , Concrete Mixer Parts, Slurry Pump Parts, Mining Spares\",\"url\":\"https:\\\/\\\/miningspareparts.com\\\/\",\"logo\":{\"@type\":\"ImageObject\",\"inLanguage\":\"fr-FR\",\"@id\":\"https:\\\/\\\/miningspareparts.com\\\/#\\\/schema\\\/logo\\\/image\\\/\",\"url\":\"https:\\\/\\\/miningspareparts.com\\\/wp-content\\\/uploads\\\/2025\\\/04\\\/cropped-cropped-logo\u6b63\u65b9\u5f62.png\",\"contentUrl\":\"https:\\\/\\\/miningspareparts.com\\\/wp-content\\\/uploads\\\/2025\\\/04\\\/cropped-cropped-logo\u6b63\u65b9\u5f62.png\",\"width\":511,\"height\":171,\"caption\":\"Crusher parts , Concrete Mixer Parts, Slurry Pump Parts, Mining Spares\"},\"image\":{\"@id\":\"https:\\\/\\\/miningspareparts.com\\\/#\\\/schema\\\/logo\\\/image\\\/\"}}]}<\/script>\n<!-- \/ Yoast SEO plugin. -->","yoast_head_json":{"title":"GP300S Bowl Liner and Mantle Cone Crusher- Crusher parts, Slurry Pump Parts, Excavator shovel parts","description":"Wearplus'GP300S Bowl Liner, original genuine replacement, favorable price, high quality manganese alloy casting, excellent wear resistance","robots":{"index":"index","follow":"follow","max-snippet":"max-snippet:-1","max-image-preview":"max-image-preview:large","max-video-preview":"max-video-preview:-1"},"canonical":"https:\/\/miningspareparts.com\/fr\/produit\/gp300s-bowl-liner-and-mantle-cone-crusher\/","og_locale":"fr_FR","og_type":"article","og_title":"GP300S Bowl Liner and Mantle Cone Crusher- Crusher parts, Slurry Pump Parts, Excavator shovel parts","og_description":"Wearplus'GP300S Bowl Liner, original genuine replacement, favorable price, high quality manganese alloy casting, excellent wear resistance","og_url":"https:\/\/miningspareparts.com\/fr\/produit\/gp300s-bowl-liner-and-mantle-cone-crusher\/","og_site_name":"Crusher parts, Slurry Pump Parts, Excavator shovel parts","article_modified_time":"2025-12-02T06:49:40+00:00","og_image":[{"width":800,"height":800,"url":"https:\/\/miningspareparts.com\/wp-content\/uploads\/2024\/05\/GP300S-Liner.webp","type":"image\/webp"}],"twitter_card":"summary_large_image","twitter_misc":{"Dur\u00e9e de lecture estim\u00e9e":"5 minutes"},"schema":{"@context":"https:\/\/schema.org","@graph":[{"@type":"WebPage","@id":"https:\/\/miningspareparts.com\/product\/gp300s-bowl-liner-and-mantle-cone-crusher\/","url":"https:\/\/miningspareparts.com\/product\/gp300s-bowl-liner-and-mantle-cone-crusher\/","name":"GP300S Bowl Liner and Mantle Cone Crusher- Crusher parts, Slurry Pump Parts, Excavator shovel parts","isPartOf":{"@id":"https:\/\/miningspareparts.com\/#website"},"primaryImageOfPage":{"@id":"https:\/\/miningspareparts.com\/product\/gp300s-bowl-liner-and-mantle-cone-crusher\/#primaryimage"},"image":{"@id":"https:\/\/miningspareparts.com\/product\/gp300s-bowl-liner-and-mantle-cone-crusher\/#primaryimage"},"thumbnailUrl":"https:\/\/miningspareparts.com\/wp-content\/uploads\/2024\/05\/GP300S-Liner.webp","datePublished":"2024-05-20T03:48:23+00:00","dateModified":"2025-12-02T06:49:40+00:00","description":"Wearplus'GP300S Bowl Liner, original genuine replacement, favorable price, high quality manganese alloy casting, excellent wear resistance","breadcrumb":{"@id":"https:\/\/miningspareparts.com\/product\/gp300s-bowl-liner-and-mantle-cone-crusher\/#breadcrumb"},"inLanguage":"fr-FR","potentialAction":[{"@type":"ReadAction","target":["https:\/\/miningspareparts.com\/product\/gp300s-bowl-liner-and-mantle-cone-crusher\/"]}]},{"@type":"ImageObject","inLanguage":"fr-FR","@id":"https:\/\/miningspareparts.com\/product\/gp300s-bowl-liner-and-mantle-cone-crusher\/#primaryimage","url":"https:\/\/miningspareparts.com\/wp-content\/uploads\/2024\/05\/GP300S-Liner.webp","contentUrl":"https:\/\/miningspareparts.com\/wp-content\/uploads\/2024\/05\/GP300S-Liner.webp","width":800,"height":800,"caption":"GP300S Bowl Liner and Mantle Cone Crusher"},{"@type":"BreadcrumbList","@id":"https:\/\/miningspareparts.com\/product\/gp300s-bowl-liner-and-mantle-cone-crusher\/#breadcrumb","itemListElement":[{"@type":"ListItem","position":1,"name":"Home","item":"https:\/\/miningspareparts.com\/"},{"@type":"ListItem","position":2,"name":"Premium Mining Wear And Spare Parts","item":"https:\/\/miningspareparts.com\/shop\/"},{"@type":"ListItem","position":3,"name":"GP300S Bowl Liner and Mantle Cone Crusher"}]},{"@type":"WebSite","@id":"https:\/\/miningspareparts.com\/#website","url":"https:\/\/miningspareparts.com\/","name":"Crusher parts , Concrete Mixer Parts, Slurry Pump Parts, Mining Spares","description":"Mining Wear &amp; Spare Parts Supplier","publisher":{"@id":"https:\/\/miningspareparts.com\/#organization"},"potentialAction":[{"@type":"SearchAction","target":{"@type":"EntryPoint","urlTemplate":"https:\/\/miningspareparts.com\/?s={search_term_string}"},"query-input":{"@type":"PropertyValueSpecification","valueRequired":true,"valueName":"search_term_string"}}],"inLanguage":"fr-FR"},{"@type":"Organization","@id":"https:\/\/miningspareparts.com\/#organization","name":"Crusher parts , Concrete Mixer Parts, Slurry Pump Parts, Mining Spares","url":"https:\/\/miningspareparts.com\/","logo":{"@type":"ImageObject","inLanguage":"fr-FR","@id":"https:\/\/miningspareparts.com\/#\/schema\/logo\/image\/","url":"https:\/\/miningspareparts.com\/wp-content\/uploads\/2025\/04\/cropped-cropped-logo\u6b63\u65b9\u5f62.png","contentUrl":"https:\/\/miningspareparts.com\/wp-content\/uploads\/2025\/04\/cropped-cropped-logo\u6b63\u65b9\u5f62.png","width":511,"height":171,"caption":"Crusher parts , Concrete Mixer Parts, Slurry Pump Parts, Mining Spares"},"image":{"@id":"https:\/\/miningspareparts.com\/#\/schema\/logo\/image\/"}}]}},"uagb_featured_image_src":{"full":["https:\/\/miningspareparts.com\/wp-content\/uploads\/2024\/05\/GP300S-Liner.webp",800,800,false],"thumbnail":["https:\/\/miningspareparts.com\/wp-content\/uploads\/2024\/05\/GP300S-Liner-150x150.webp",150,150,true],"medium":["https:\/\/miningspareparts.com\/wp-content\/uploads\/2024\/05\/GP300S-Liner-300x300.webp",300,300,true],"medium_large":["https:\/\/miningspareparts.com\/wp-content\/uploads\/2024\/05\/GP300S-Liner-768x768.webp",768,768,true],"large":["https:\/\/miningspareparts.com\/wp-content\/uploads\/2024\/05\/GP300S-Liner.webp",800,800,false],"1536x1536":["https:\/\/miningspareparts.com\/wp-content\/uploads\/2024\/05\/GP300S-Liner.webp",800,800,false],"2048x2048":["https:\/\/miningspareparts.com\/wp-content\/uploads\/2024\/05\/GP300S-Liner.webp",800,800,false],"trp-custom-language-flag":["https:\/\/miningspareparts.com\/wp-content\/uploads\/2024\/05\/GP300S-Liner-12x12.webp",12,12,true],"woocommerce_thumbnail":["https:\/\/miningspareparts.com\/wp-content\/uploads\/2024\/05\/GP300S-Liner-300x300.webp",300,300,true],"woocommerce_single":["https:\/\/miningspareparts.com\/wp-content\/uploads\/2024\/05\/GP300S-Liner-600x600.webp",600,600,true],"woocommerce_gallery_thumbnail":["https:\/\/miningspareparts.com\/wp-content\/uploads\/2024\/05\/GP300S-Liner-100x100.webp",100,100,true]},"uagb_author_info":{"display_name":"Miningspareparts","author_link":"https:\/\/miningspareparts.com\/fr\/author\/"},"uagb_comment_info":0,"uagb_excerpt":"MiningSpares has long understanding and coverage GP300S cone crushers match \uff0cHere is a description of the GP300S Bowl Liner and Mantle. Items: Concave, Mantle, Concave Ring, Concave Segment , Bowl Liner,Cone Liner,Arm Guard, Distribution Plate Casting Material: Austenstic Manganese Steel (Mn14, M14Cr2, Mn18Cr2, Mn22Cr2) Casting Method: Water Glass Sand Casting Applicable Material:Gravel, Granite, Basalt, Ore,\u2026","_links":{"self":[{"href":"https:\/\/miningspareparts.com\/fr\/wp-json\/wp\/v2\/product\/8703","targetHints":{"allow":["GET"]}}],"collection":[{"href":"https:\/\/miningspareparts.com\/fr\/wp-json\/wp\/v2\/product"}],"about":[{"href":"https:\/\/miningspareparts.com\/fr\/wp-json\/wp\/v2\/types\/product"}],"wp:featuredmedia":[{"embeddable":true,"href":"https:\/\/miningspareparts.com\/fr\/wp-json\/wp\/v2\/media\/11106"}],"wp:attachment":[{"href":"https:\/\/miningspareparts.com\/fr\/wp-json\/wp\/v2\/media?parent=8703"}],"wp:term":[{"taxonomy":"product_brand","embeddable":true,"href":"https:\/\/miningspareparts.com\/fr\/wp-json\/wp\/v2\/product_brand?post=8703"},{"taxonomy":"product_cat","embeddable":true,"href":"https:\/\/miningspareparts.com\/fr\/wp-json\/wp\/v2\/product_cat?post=8703"},{"taxonomy":"product_tag","embeddable":true,"href":"https:\/\/miningspareparts.com\/fr\/wp-json\/wp\/v2\/product_tag?post=8703"}],"curies":[{"name":"wp","href":"https:\/\/api.w.org\/{rel}","templated":true}]}}