{"id":871,"date":"2023-12-01T04:43:27","date_gmt":"2023-12-01T04:43:27","guid":{"rendered":"https:\/\/miningspareparts.com\/?post_type=product&#038;p=871"},"modified":"2024-07-26T07:30:55","modified_gmt":"2024-07-26T07:30:55","slug":"mp800-bowl-liner-sh-for-cone-crusher-1048315254","status":"publish","type":"product","link":"https:\/\/miningspareparts.com\/fr\/produit\/mp800-bowl-liner-sh-for-cone-crusher-1048315254\/","title":{"rendered":"MP800 Bowl liner SH For Cone Crusher 1048315254"},"content":{"rendered":"<p><strong>Voici une description de la doublure de bol MP800<\/strong><\/p>\n<p style=\"font-weight: 400\">MINING a une longue connaissance et couverture des concasseurs \u00e0 c\u00f4ne Nordberg MP correspondant aux mod\u00e8les suivants<\/p>\n<p style=\"font-weight: 400\"><strong>Nordberg MP Series :<\/strong>\u00a0MP800| MP1000|MP1250|MP2250<\/p>\n<p>&nbsp;<\/p>\n<p><strong>Rev\u00eatement de cuvette<\/strong>\u00a0sous un autre nom\u00a0<strong>anneau concave<\/strong>\u00a0Il s'agit d'une unit\u00e9 fixe plac\u00e9e sur l'assemblage du bol. Il s'agit d'un rev\u00eatement sacrificiel pour presser la roche passivement par la rotation.\u00a0<strong>assemblage du manteau<\/strong><\/p>\n<p>Normalement, le rev\u00eatement du bol a des options de diff\u00e9rentes cavit\u00e9s en fonction des exigences du mat\u00e9riau, comme (extra grossier), C (grossier), M (moyen), F (fin) et EF (extra fin).<\/p>\n<p class=\"p\">Chaque type de concasseur \u00e0 c\u00f4ne a une conception diff\u00e9rente du rev\u00eatement du bol, certains sont fix\u00e9s par le coin conique et d'autres par le boulon en U, et de nombreuses copies avec de petites modifications sont disponibles sur le march\u00e9. Casteel poss\u00e8de des donn\u00e9es compl\u00e8tes sur tous les mod\u00e8les populaires de concasseurs \u00e0 c\u00f4ne et nos ing\u00e9nieurs savent comment s\u00e9lectionner la bonne chemise de bol pour votre machine.<\/p>\n<p style=\"font-weight: 400\"><strong><u>Chemises de concasseurs hydrauliques \u00e0 c\u00f4ne :<\/u><\/strong><\/p>\n<p style=\"font-weight: 400\">Articles : Concave, manteau, anneau concave, segment concave, rev\u00eatement de cuvette, rev\u00eatement de c\u00f4ne, protection de bras, plaque de distribution.<\/p>\n<p style=\"font-weight: 400\">Mat\u00e9riau de coul\u00e9e : Acier aust\u00e9nitique au mangan\u00e8se (M14Cr2, Mn18Cr2, Mn22Cr2)<\/p>\n<p style=\"font-weight: 400\">M\u00e9thode de moulage : Coul\u00e9e de sable au verre d'eau<\/p>\n<p style=\"font-weight: 400\">Mat\u00e9riau applicable : gravier, granit, basalte, minerai, calcaire, gr\u00e8s, quatz, pierre de pav\u00e9<\/p>\n<p style=\"font-weight: 400\">Applications : Mines, carri\u00e8res, construction, ciment et mat\u00e9riaux, recyclage<\/p>\n<h5>Pourquoi nous choisir\uff1f<\/h5>\n<p>En tant que fabricant r\u00e9put\u00e9 sp\u00e9cialis\u00e9 dans les composants d'\u00e9quipements miniers, nous sommes fiers de proposer des rev\u00eatements de bol MP800 de haute qualit\u00e9, con\u00e7us pour des performances optimales dans les applications de concassage. Nos rev\u00eatements de cuvette MP800 sont m\u00e9ticuleusement fabriqu\u00e9s avec une ing\u00e9nierie de pr\u00e9cision, assurant un ajustement parfait pour les concasseurs \u00e0 c\u00f4ne MP800.<\/p>\n<p>Les rev\u00eatements de cuvette MP800 se distinguent par leur durabilit\u00e9 et leur r\u00e9sistance \u00e0 l'usure exceptionnelles. Con\u00e7us pour r\u00e9sister aux exigences rigoureuses des op\u00e9rations de concassage, ces rev\u00eatements contribuent \u00e0 prolonger la dur\u00e9e de vie de l'\u00e9quipement et \u00e0 am\u00e9liorer l'efficacit\u00e9. La composition avanc\u00e9e de nos rev\u00eatements de cuve offre une protection fiable contre l'abrasion et les impacts, r\u00e9duisant ainsi les temps d'arr\u00eat pour maintenance et augmentant la productivit\u00e9 globale.<\/p>\n<p>Nous donnons la priorit\u00e9 au contr\u00f4le de la qualit\u00e9 \u00e0 chaque \u00e9tape de la fabrication, en adh\u00e9rant \u00e0 des normes rigoureuses pour fournir des produits qui r\u00e9pondent aux attentes des clients, voire les d\u00e9passent. L'int\u00e9gration transparente de nos rev\u00eatements de cuvette MP800 garantit des performances de broyage constantes et fiables, ce qui en fait un choix de confiance pour diverses applications dans l'industrie mini\u00e8re.<\/p>\n<p>Notre engagement va au-del\u00e0 de l'excellence des produits et s'\u00e9tend \u00e0 la satisfaction des clients. Avec des livraisons ponctuelles, une assistance compl\u00e8te et une approche centr\u00e9e sur le client, nous nous effor\u00e7ons d'offrir une exp\u00e9rience sup\u00e9rieure \u00e0 nos clients. Choisissez nos rev\u00eatements de cuvette MP800 pour une solution de concassage fiable et efficace, avec l'appui d'un fabricant qui se consacre \u00e0 l'am\u00e9lioration des performances dans le secteur minier.<\/p>","protected":false},"excerpt":{"rendered":"<p><strong>Nom de l'article : <\/strong>Concave, manteau, anneau concave, segment concave, rev\u00eatement de cuvette, rev\u00eatement de c\u00f4ne, prot\u00e8ge-bras, plaque de distribution, manteau inf\u00e9rieur, manteau sup\u00e9rieur<\/p>\n<p><strong>Mod\u00e8le :<\/strong> MP800\u00a0 \u00a0 <strong>Poids :<\/strong> 5212kg\u00a0 \u00a0 \u00a0 \u00a0<strong>Code de l'article :<\/strong> 1048315254<\/p>\n<p><strong>Mat\u00e9riau de fonderie :<\/strong>\u00a0 M13Cr2, Mn18Cr2, Mn22Cr2<\/p>\n<p><strong>Mat\u00e9riau applicable :<\/strong> Gravier, granit, basalte, minerai, calcaire, gr\u00e8s, quatz, pav\u00e9<\/p>\n<p><strong>Applications :<\/strong> Mines, carri\u00e8res, construction, ciment et mat\u00e9riaux, recyclage<\/p>","protected":false},"featured_media":0,"template":"","meta":{"_uag_custom_page_level_css":"","site-sidebar-layout":"default","site-content-layout":"","ast-site-content-layout":"default","site-content-style":"default","site-sidebar-style":"default","ast-global-header-display":"","ast-banner-title-visibility":"","ast-main-header-display":"","ast-hfb-above-header-display":"","ast-hfb-below-header-display":"","ast-hfb-mobile-header-display":"","site-post-title":"","ast-breadcrumbs-content":"","ast-featured-img":"","footer-sml-layout":"","ast-disable-related-posts":"","theme-transparent-header-meta":"default","adv-header-id-meta":"","stick-header-meta":"default","header-above-stick-meta":"","header-main-stick-meta":"","header-below-stick-meta":"","astra-migrate-meta-layouts":"set","ast-page-background-enabled":"default","ast-page-background-meta":{"desktop":{"background-color":"var(--ast-global-color-4)","background-image":"","background-repeat":"repeat","background-position":"center center","background-size":"auto","background-attachment":"scroll","background-type":"","background-media":"","overlay-type":"","overlay-color":"","overlay-opacity":"","overlay-gradient":""},"tablet":{"background-color":"","background-image":"","background-repeat":"repeat","background-position":"center center","background-size":"auto","background-attachment":"scroll","background-type":"","background-media":"","overlay-type":"","overlay-color":"","overlay-opacity":"","overlay-gradient":""},"mobile":{"background-color":"","background-image":"","background-repeat":"repeat","background-position":"center center","background-size":"auto","background-attachment":"scroll","background-type":"","background-media":"","overlay-type":"","overlay-color":"","overlay-opacity":"","overlay-gradient":""}},"ast-content-background-meta":{"desktop":{"background-color":"var(--ast-global-color-5)","background-image":"","background-repeat":"repeat","background-position":"center center","background-size":"auto","background-attachment":"scroll","background-type":"","background-media":"","overlay-type":"","overlay-color":"","overlay-opacity":"","overlay-gradient":""},"tablet":{"background-color":"var(--ast-global-color-5)","background-image":"","background-repeat":"repeat","background-position":"center center","background-size":"auto","background-attachment":"scroll","background-type":"","background-media":"","overlay-type":"","overlay-color":"","overlay-opacity":"","overlay-gradient":""},"mobile":{"background-color":"var(--ast-global-color-5)","background-image":"","background-repeat":"repeat","background-position":"center center","background-size":"auto","background-attachment":"scroll","background-type":"","background-media":"","overlay-type":"","overlay-color":"","overlay-opacity":"","overlay-gradient":""}}},"product_brand":[],"product_cat":[37,36,251,114],"product_tag":[],"class_list":{"0":"post-871","1":"product","2":"type-product","3":"status-publish","5":"product_cat-bowl-liner","6":"product_cat-cone-liner","7":"product_cat-mantle","8":"product_cat-mesto","9":"desktop-align-left","10":"tablet-align-left","11":"mobile-align-left","12":"ast-product-gallery-layout-horizontal-slider","13":"ast-product-gallery-with-no-image","14":"ast-product-single-variable","15":"ast-product-tabs-layout-horizontal","17":"first","18":"instock","19":"shipping-taxable","20":"purchasable","21":"product-type-variable"},"yoast_head":"<!-- This site is optimized with the Yoast SEO plugin v27.4 - https:\/\/yoast.com\/product\/yoast-seo-wordpress\/ -->\n<title>MP800 Bowl liner SH For Cone Crusher 1048315254 - Crusher parts, Slurry Pump Parts, Excavator shovel parts<\/title>\n<meta name=\"description\" content=\"MP800 Bowl liner SH 1048315254:,An Mn18cr2 composition ensures an original replacement for superior performance in quarry crushing applications.\" \/>\n<meta name=\"robots\" content=\"index, follow, max-snippet:-1, max-image-preview:large, max-video-preview:-1\" \/>\n<link rel=\"canonical\" href=\"https:\/\/miningspareparts.com\/fr\/produit\/mp800-bowl-liner-sh-for-cone-crusher-1048315254\/\" \/>\n<meta property=\"og:locale\" content=\"fr_FR\" \/>\n<meta property=\"og:type\" content=\"article\" \/>\n<meta property=\"og:title\" content=\"MP800 Bowl liner SH For Cone Crusher 1048315254 - Crusher parts, Slurry Pump Parts, Excavator shovel parts\" \/>\n<meta property=\"og:description\" content=\"MP800 Bowl liner SH 1048315254:,An Mn18cr2 composition ensures an original replacement for superior performance in quarry crushing applications.\" \/>\n<meta property=\"og:url\" content=\"https:\/\/miningspareparts.com\/fr\/produit\/mp800-bowl-liner-sh-for-cone-crusher-1048315254\/\" \/>\n<meta property=\"og:site_name\" content=\"Crusher parts, Slurry Pump Parts, Excavator shovel parts\" \/>\n<meta property=\"article:modified_time\" content=\"2024-07-26T07:30:55+00:00\" \/>\n<meta name=\"twitter:card\" content=\"summary_large_image\" \/>\n<meta name=\"twitter:label1\" content=\"Dur\u00e9e de lecture estim\u00e9e\" \/>\n\t<meta name=\"twitter:data1\" content=\"3 minutes\" \/>\n<script type=\"application\/ld+json\" class=\"yoast-schema-graph\">{\"@context\":\"https:\\\/\\\/schema.org\",\"@graph\":[{\"@type\":\"WebPage\",\"@id\":\"https:\\\/\\\/miningspareparts.com\\\/product\\\/mp800-bowl-liner-sh-for-cone-crusher-1048315254\\\/\",\"url\":\"https:\\\/\\\/miningspareparts.com\\\/product\\\/mp800-bowl-liner-sh-for-cone-crusher-1048315254\\\/\",\"name\":\"MP800 Bowl liner SH For Cone Crusher 1048315254 - Crusher parts, Slurry Pump Parts, Excavator shovel parts\",\"isPartOf\":{\"@id\":\"https:\\\/\\\/miningspareparts.com\\\/#website\"},\"datePublished\":\"2023-12-01T04:43:27+00:00\",\"dateModified\":\"2024-07-26T07:30:55+00:00\",\"description\":\"MP800 Bowl liner SH 1048315254:,An Mn18cr2 composition ensures an original replacement for superior performance in quarry crushing applications.\",\"breadcrumb\":{\"@id\":\"https:\\\/\\\/miningspareparts.com\\\/product\\\/mp800-bowl-liner-sh-for-cone-crusher-1048315254\\\/#breadcrumb\"},\"inLanguage\":\"fr-FR\",\"potentialAction\":[{\"@type\":\"ReadAction\",\"target\":[\"https:\\\/\\\/miningspareparts.com\\\/product\\\/mp800-bowl-liner-sh-for-cone-crusher-1048315254\\\/\"]}]},{\"@type\":\"BreadcrumbList\",\"@id\":\"https:\\\/\\\/miningspareparts.com\\\/product\\\/mp800-bowl-liner-sh-for-cone-crusher-1048315254\\\/#breadcrumb\",\"itemListElement\":[{\"@type\":\"ListItem\",\"position\":1,\"name\":\"Home\",\"item\":\"https:\\\/\\\/miningspareparts.com\\\/\"},{\"@type\":\"ListItem\",\"position\":2,\"name\":\"Premium Mining Wear And Spare Parts\",\"item\":\"https:\\\/\\\/miningspareparts.com\\\/shop\\\/\"},{\"@type\":\"ListItem\",\"position\":3,\"name\":\"MP800 Bowl liner SH For Cone Crusher 1048315254\"}]},{\"@type\":\"WebSite\",\"@id\":\"https:\\\/\\\/miningspareparts.com\\\/#website\",\"url\":\"https:\\\/\\\/miningspareparts.com\\\/\",\"name\":\"Crusher parts , Concrete Mixer Parts, Slurry Pump Parts, Mining Spares\",\"description\":\"Mining Wear &amp; Spare Parts Supplier\",\"publisher\":{\"@id\":\"https:\\\/\\\/miningspareparts.com\\\/#organization\"},\"potentialAction\":[{\"@type\":\"SearchAction\",\"target\":{\"@type\":\"EntryPoint\",\"urlTemplate\":\"https:\\\/\\\/miningspareparts.com\\\/?s={search_term_string}\"},\"query-input\":{\"@type\":\"PropertyValueSpecification\",\"valueRequired\":true,\"valueName\":\"search_term_string\"}}],\"inLanguage\":\"fr-FR\"},{\"@type\":\"Organization\",\"@id\":\"https:\\\/\\\/miningspareparts.com\\\/#organization\",\"name\":\"Crusher parts , Concrete Mixer Parts, Slurry Pump Parts, Mining Spares\",\"url\":\"https:\\\/\\\/miningspareparts.com\\\/\",\"logo\":{\"@type\":\"ImageObject\",\"inLanguage\":\"fr-FR\",\"@id\":\"https:\\\/\\\/miningspareparts.com\\\/#\\\/schema\\\/logo\\\/image\\\/\",\"url\":\"https:\\\/\\\/miningspareparts.com\\\/wp-content\\\/uploads\\\/2025\\\/04\\\/cropped-cropped-logo\u6b63\u65b9\u5f62.png\",\"contentUrl\":\"https:\\\/\\\/miningspareparts.com\\\/wp-content\\\/uploads\\\/2025\\\/04\\\/cropped-cropped-logo\u6b63\u65b9\u5f62.png\",\"width\":511,\"height\":171,\"caption\":\"Crusher parts , Concrete Mixer Parts, Slurry Pump Parts, Mining Spares\"},\"image\":{\"@id\":\"https:\\\/\\\/miningspareparts.com\\\/#\\\/schema\\\/logo\\\/image\\\/\"}}]}<\/script>\n<!-- \/ Yoast SEO plugin. -->","yoast_head_json":{"title":"MP800 Bowl liner SH For Cone Crusher 1048315254 - Crusher parts, Slurry Pump Parts, Excavator shovel parts","description":"MP800 Bowl liner SH 1048315254:,An Mn18cr2 composition ensures an original replacement for superior performance in quarry crushing applications.","robots":{"index":"index","follow":"follow","max-snippet":"max-snippet:-1","max-image-preview":"max-image-preview:large","max-video-preview":"max-video-preview:-1"},"canonical":"https:\/\/miningspareparts.com\/fr\/produit\/mp800-bowl-liner-sh-for-cone-crusher-1048315254\/","og_locale":"fr_FR","og_type":"article","og_title":"MP800 Bowl liner SH For Cone Crusher 1048315254 - Crusher parts, Slurry Pump Parts, Excavator shovel parts","og_description":"MP800 Bowl liner SH 1048315254:,An Mn18cr2 composition ensures an original replacement for superior performance in quarry crushing applications.","og_url":"https:\/\/miningspareparts.com\/fr\/produit\/mp800-bowl-liner-sh-for-cone-crusher-1048315254\/","og_site_name":"Crusher parts, Slurry Pump Parts, Excavator shovel parts","article_modified_time":"2024-07-26T07:30:55+00:00","twitter_card":"summary_large_image","twitter_misc":{"Dur\u00e9e de lecture estim\u00e9e":"3 minutes"},"schema":{"@context":"https:\/\/schema.org","@graph":[{"@type":"WebPage","@id":"https:\/\/miningspareparts.com\/product\/mp800-bowl-liner-sh-for-cone-crusher-1048315254\/","url":"https:\/\/miningspareparts.com\/product\/mp800-bowl-liner-sh-for-cone-crusher-1048315254\/","name":"MP800 Bowl liner SH For Cone Crusher 1048315254 - Crusher parts, Slurry Pump Parts, Excavator shovel parts","isPartOf":{"@id":"https:\/\/miningspareparts.com\/#website"},"datePublished":"2023-12-01T04:43:27+00:00","dateModified":"2024-07-26T07:30:55+00:00","description":"MP800 Bowl liner SH 1048315254:,An Mn18cr2 composition ensures an original replacement for superior performance in quarry crushing applications.","breadcrumb":{"@id":"https:\/\/miningspareparts.com\/product\/mp800-bowl-liner-sh-for-cone-crusher-1048315254\/#breadcrumb"},"inLanguage":"fr-FR","potentialAction":[{"@type":"ReadAction","target":["https:\/\/miningspareparts.com\/product\/mp800-bowl-liner-sh-for-cone-crusher-1048315254\/"]}]},{"@type":"BreadcrumbList","@id":"https:\/\/miningspareparts.com\/product\/mp800-bowl-liner-sh-for-cone-crusher-1048315254\/#breadcrumb","itemListElement":[{"@type":"ListItem","position":1,"name":"Home","item":"https:\/\/miningspareparts.com\/"},{"@type":"ListItem","position":2,"name":"Premium Mining Wear And Spare Parts","item":"https:\/\/miningspareparts.com\/shop\/"},{"@type":"ListItem","position":3,"name":"MP800 Bowl liner SH For Cone Crusher 1048315254"}]},{"@type":"WebSite","@id":"https:\/\/miningspareparts.com\/#website","url":"https:\/\/miningspareparts.com\/","name":"Crusher parts , Concrete Mixer Parts, Slurry Pump Parts, Mining Spares","description":"Mining Wear &amp; Spare Parts Supplier","publisher":{"@id":"https:\/\/miningspareparts.com\/#organization"},"potentialAction":[{"@type":"SearchAction","target":{"@type":"EntryPoint","urlTemplate":"https:\/\/miningspareparts.com\/?s={search_term_string}"},"query-input":{"@type":"PropertyValueSpecification","valueRequired":true,"valueName":"search_term_string"}}],"inLanguage":"fr-FR"},{"@type":"Organization","@id":"https:\/\/miningspareparts.com\/#organization","name":"Crusher parts , Concrete Mixer Parts, Slurry Pump Parts, Mining Spares","url":"https:\/\/miningspareparts.com\/","logo":{"@type":"ImageObject","inLanguage":"fr-FR","@id":"https:\/\/miningspareparts.com\/#\/schema\/logo\/image\/","url":"https:\/\/miningspareparts.com\/wp-content\/uploads\/2025\/04\/cropped-cropped-logo\u6b63\u65b9\u5f62.png","contentUrl":"https:\/\/miningspareparts.com\/wp-content\/uploads\/2025\/04\/cropped-cropped-logo\u6b63\u65b9\u5f62.png","width":511,"height":171,"caption":"Crusher parts , Concrete Mixer Parts, Slurry Pump Parts, Mining Spares"},"image":{"@id":"https:\/\/miningspareparts.com\/#\/schema\/logo\/image\/"}}]}},"uagb_featured_image_src":{"full":false,"thumbnail":false,"medium":false,"medium_large":false,"large":false,"1536x1536":false,"2048x2048":false,"trp-custom-language-flag":false,"woocommerce_thumbnail":false,"woocommerce_single":false,"woocommerce_gallery_thumbnail":false},"uagb_author_info":{"display_name":"Miningspareparts","author_link":"https:\/\/miningspareparts.com\/fr\/author\/"},"uagb_comment_info":0,"uagb_excerpt":"Item Names: Concave, Mantle, Concave Ring, Concave Segment , Bowl Liner,Cone Liner,Arm Guard, Distribution Plate, Lower Mantle,Upper Mantle Model: MP800\u00a0 \u00a0 Weights: 5212kg\u00a0 \u00a0 \u00a0 \u00a0Item code: 1048315254 Casting Material:\u00a0 M13Cr2,\u00a0 Mn18Cr2,\u00a0 Mn22Cr2 Applicable Material: Gravel, Granite, Basalt, Ore, Limestone, Sandstone ,Quatz,Cobblestone Applications: Mining , Quarry, Construction ,Cement and Materials ,Recycling","_links":{"self":[{"href":"https:\/\/miningspareparts.com\/fr\/wp-json\/wp\/v2\/product\/871","targetHints":{"allow":["GET"]}}],"collection":[{"href":"https:\/\/miningspareparts.com\/fr\/wp-json\/wp\/v2\/product"}],"about":[{"href":"https:\/\/miningspareparts.com\/fr\/wp-json\/wp\/v2\/types\/product"}],"wp:attachment":[{"href":"https:\/\/miningspareparts.com\/fr\/wp-json\/wp\/v2\/media?parent=871"}],"wp:term":[{"taxonomy":"product_brand","embeddable":true,"href":"https:\/\/miningspareparts.com\/fr\/wp-json\/wp\/v2\/product_brand?post=871"},{"taxonomy":"product_cat","embeddable":true,"href":"https:\/\/miningspareparts.com\/fr\/wp-json\/wp\/v2\/product_cat?post=871"},{"taxonomy":"product_tag","embeddable":true,"href":"https:\/\/miningspareparts.com\/fr\/wp-json\/wp\/v2\/product_tag?post=871"}],"curies":[{"name":"wp","href":"https:\/\/api.w.org\/{rel}","templated":true}]}}